{"id":1762,"date":"2022-07-17T11:51:20","date_gmt":"2022-07-17T11:51:20","guid":{"rendered":"https:\/\/oncosem.co.uk\/?page_id=1762"},"modified":"2022-09-05T07:59:52","modified_gmt":"2022-09-05T07:59:52","slug":"vitastick-antiviral-sterilizasyon-cubugu","status":"publish","type":"page","link":"https:\/\/oncosem.co.uk\/tr\/vitastick-antiviral-sterilizasyon-cubugu\/","title":{"rendered":"Vitastick Antiviral Sterilizasyon \u00c7ubu\u011fu"},"content":{"rendered":"\t\t<div data-elementor-type=\"wp-page\" data-elementor-id=\"1762\" class=\"elementor elementor-1762 elementor-1761\" data-elementor-post-type=\"page\">\n\t\t\t\t\t\t<section data-particle_enable=\"false\" data-particle-mobile-disabled=\"false\" class=\"elementor-section elementor-top-section elementor-element elementor-element-750ce8d elementor-section-boxed elementor-section-height-default elementor-section-height-default\" data-id=\"750ce8d\" data-element_type=\"section\" data-e-type=\"section\" data-settings=\"{&quot;background_background&quot;:&quot;classic&quot;}\">\n\t\t\t\t\t\t\t<div class=\"elementor-background-overlay\"><\/div>\n\t\t\t\t\t\t\t<div class=\"elementor-container elementor-column-gap-no\">\n\t\t\t\t\t<div class=\"elementor-column elementor-col-100 elementor-top-column elementor-element elementor-element-5392e4d\" data-id=\"5392e4d\" data-element_type=\"column\" data-e-type=\"column\">\n\t\t\t<div class=\"elementor-widget-wrap elementor-element-populated\">\n\t\t\t\t\t\t<div class=\"elementor-element elementor-element-f45f76e elementor-widget elementor-widget-image\" data-id=\"f45f76e\" data-element_type=\"widget\" data-e-type=\"widget\" data-widget_type=\"image.default\">\n\t\t\t\t<div class=\"elementor-widget-container\">\n\t\t\t\t\t\t\t\t\t\t\t\t\t\t\t<img fetchpriority=\"high\" decoding=\"async\" width=\"1515\" height=\"246\" src=\"https:\/\/oncosem.co.uk\/wp-content\/uploads\/2022\/07\/vitastick-logo.png\" class=\"attachment-full size-full wp-image-1767\" alt=\"\" srcset=\"https:\/\/oncosem.co.uk\/wp-content\/uploads\/2022\/07\/vitastick-logo.png 1515w, https:\/\/oncosem.co.uk\/wp-content\/uploads\/2022\/07\/vitastick-logo-300x49.png 300w, https:\/\/oncosem.co.uk\/wp-content\/uploads\/2022\/07\/vitastick-logo-1024x166.png 1024w, https:\/\/oncosem.co.uk\/wp-content\/uploads\/2022\/07\/vitastick-logo-768x125.png 768w, https:\/\/oncosem.co.uk\/wp-content\/uploads\/2022\/07\/vitastick-logo-1000x162.png 1000w\" sizes=\"(max-width: 1515px) 100vw, 1515px\" \/>\t\t\t\t\t\t\t\t\t\t\t\t\t\t\t<\/div>\n\t\t\t\t<\/div>\n\t\t\t\t<div class=\"elementor-element elementor-element-5f598f9 elementor-widget elementor-widget-text-editor\" data-id=\"5f598f9\" data-element_type=\"widget\" data-e-type=\"widget\" data-widget_type=\"text-editor.default\">\n\t\t\t\t<div class=\"elementor-widget-container\">\n\t\t\t\t\t\t\t\t\tDeodorize Hijyen\t\t\t\t\t\t\t\t<\/div>\n\t\t\t\t<\/div>\n\t\t\t\t\t<\/div>\n\t\t<\/div>\n\t\t\t\t\t<\/div>\n\t\t<\/section>\n\t\t\t\t<section data-particle_enable=\"false\" data-particle-mobile-disabled=\"false\" class=\"elementor-section elementor-top-section elementor-element elementor-element-f8c9c98 elementor-section-boxed elementor-section-height-default elementor-section-height-default\" data-id=\"f8c9c98\" data-element_type=\"section\" data-e-type=\"section\" data-settings=\"{&quot;background_background&quot;:&quot;classic&quot;}\">\n\t\t\t\t\t\t<div class=\"elementor-container elementor-column-gap-default\">\n\t\t\t\t\t<div class=\"elementor-column elementor-col-50 elementor-top-column elementor-element elementor-element-2e97257\" data-id=\"2e97257\" data-element_type=\"column\" data-e-type=\"column\">\n\t\t\t<div class=\"elementor-widget-wrap elementor-element-populated\">\n\t\t\t\t\t\t<div class=\"elementor-element elementor-element-27160f4 elementor-widget elementor-widget-image\" data-id=\"27160f4\" data-element_type=\"widget\" data-e-type=\"widget\" data-widget_type=\"image.default\">\n\t\t\t\t<div class=\"elementor-widget-container\">\n\t\t\t\t\t\t\t\t\t\t\t\t\t\t\t<img decoding=\"async\" width=\"758\" height=\"912\" src=\"https:\/\/oncosem.co.uk\/wp-content\/uploads\/2022\/07\/oncosem-vitastick-01.jpg\" class=\"attachment-full size-full wp-image-1770\" alt=\"\" srcset=\"https:\/\/oncosem.co.uk\/wp-content\/uploads\/2022\/07\/oncosem-vitastick-01.jpg 758w, https:\/\/oncosem.co.uk\/wp-content\/uploads\/2022\/07\/oncosem-vitastick-01-249x300.jpg 249w\" sizes=\"(max-width: 758px) 100vw, 758px\" \/>\t\t\t\t\t\t\t\t\t\t\t\t\t\t\t<\/div>\n\t\t\t\t<\/div>\n\t\t\t\t\t<\/div>\n\t\t<\/div>\n\t\t\t\t<div class=\"elementor-column elementor-col-50 elementor-top-column elementor-element elementor-element-574dbd3\" data-id=\"574dbd3\" data-element_type=\"column\" data-e-type=\"column\">\n\t\t\t<div class=\"elementor-widget-wrap elementor-element-populated\">\n\t\t\t\t\t\t<div class=\"elementor-element elementor-element-dd769d5 elementor-widget elementor-widget-heading\" data-id=\"dd769d5\" data-element_type=\"widget\" data-e-type=\"widget\" data-widget_type=\"heading.default\">\n\t\t\t\t<div class=\"elementor-widget-container\">\n\t\t\t\t\t<h2 class=\"elementor-heading-title elementor-size-default\">vitastick <\/h2>\t\t\t\t<\/div>\n\t\t\t\t<\/div>\n\t\t\t\t<div class=\"elementor-element elementor-element-3fa51d6 elementor-widget elementor-widget-text-editor\" data-id=\"3fa51d6\" data-element_type=\"widget\" data-e-type=\"widget\" data-widget_type=\"text-editor.default\">\n\t\t\t\t<div class=\"elementor-widget-container\">\n\t\t\t\t\t\t\t\t\tDeodorize Hijyen \u00c7ubu\u011fu\t\t\t\t\t\t\t\t<\/div>\n\t\t\t\t<\/div>\n\t\t\t\t<div class=\"elementor-element elementor-element-9e1c9c4 elementor-widget elementor-widget-heading\" data-id=\"9e1c9c4\" data-element_type=\"widget\" data-e-type=\"widget\" data-widget_type=\"heading.default\">\n\t\t\t\t<div class=\"elementor-widget-container\">\n\t\t\t\t\t<h4 class=\"elementor-heading-title elementor-size-default\">01. Hijyen \u00e7ubuk nas\u0131l kullan\u0131l\u0131r?<\/h4>\t\t\t\t<\/div>\n\t\t\t\t<\/div>\n\t\t\t\t<div class=\"elementor-element elementor-element-9832ba1 elementor-widget elementor-widget-text-editor\" data-id=\"9832ba1\" data-element_type=\"widget\" data-e-type=\"widget\" data-widget_type=\"text-editor.default\">\n\t\t\t\t<div class=\"elementor-widget-container\">\n\t\t\t\t\t\t\t\t\t\u00c7ubu\u011fu b\u00fck\u00fclerek cam t\u00fcp\u00fcn k\u0131r\u0131lmas\u0131 gerekir, maddelerin kar\u0131\u015f\u0131m\u0131nda sonra sar\u0131 renge d\u00f6nd\u00fc\u011f\u00fcnde kullan\u0131ma haz\u0131rd\u0131r. \u00c7ubu\u011fun i\u00e7erisindeki s\u0131v\u0131, gaz olarak ortalama yay\u0131lmaya ba\u015flar ve s\u00f6z konusu ortam hijyenini sa\u011flar.\t\t\t\t\t\t\t\t<\/div>\n\t\t\t\t<\/div>\n\t\t\t\t<div class=\"elementor-element elementor-element-879d6ff elementor-widget elementor-widget-heading\" data-id=\"879d6ff\" data-element_type=\"widget\" data-e-type=\"widget\" data-widget_type=\"heading.default\">\n\t\t\t\t<div class=\"elementor-widget-container\">\n\t\t\t\t\t<h4 class=\"elementor-heading-title elementor-size-default\">02. Kullan\u0131m Alanlar\u0131<\/h4>\t\t\t\t<\/div>\n\t\t\t\t<\/div>\n\t\t\t\t<div class=\"elementor-element elementor-element-eb0d905 elementor-widget elementor-widget-text-editor\" data-id=\"eb0d905\" data-element_type=\"widget\" data-e-type=\"widget\" data-widget_type=\"text-editor.default\">\n\t\t\t\t<div class=\"elementor-widget-container\">\n\t\t\t\t\t\t\t\t\t<p><strong>Ki\u015fisel kullan\u0131m<\/strong><\/p><p>El-kol \u00e7antas\u0131, s\u0131rt \u00e7antas\u0131, laptop \u00e7antas\u0131, bavul ve g\u00fcnl\u00fck hayatta kullan\u0131ma uygundur. Sa\u011fl\u0131kl\u0131 bir ortam yarat\u0131r.<\/p><p><strong>Ev ve Ofis Kullan\u0131m\u0131<\/strong><\/p><p>Giyim ve ayakkab\u0131 dolaplar\u0131nda, mutfak dolaplar\u0131nda hijyenik bir ortam sa\u011flar. Ortam hijyeninin sa\u011flanmas\u0131n\u0131n yan\u0131 s\u0131ra k\u00f6t\u00fc kokular\u0131n giderilmesinde de etkilidir.<\/p><p><strong>Ara\u00e7 \u0130\u00e7i Kullan\u0131m<\/strong><\/p><p>Deoderizer hijyen \u00e7ubu\u011fu g\u00fcnl\u00fck aktivite alanlar\u0131ndan biri olan ara\u00e7larda da kullan\u0131lmaktad\u0131r.<\/p>\t\t\t\t\t\t\t\t<\/div>\n\t\t\t\t<\/div>\n\t\t\t\t\t<\/div>\n\t\t<\/div>\n\t\t\t\t\t<\/div>\n\t\t<\/section>\n\t\t\t\t<section data-particle_enable=\"false\" data-particle-mobile-disabled=\"false\" class=\"elementor-section elementor-top-section elementor-element elementor-element-c0e1755 elementor-section-boxed elementor-section-height-default elementor-section-height-default\" data-id=\"c0e1755\" data-element_type=\"section\" data-e-type=\"section\">\n\t\t\t\t\t\t\t<div class=\"elementor-background-overlay\"><\/div>\n\t\t\t\t\t\t\t<div class=\"elementor-container elementor-column-gap-default\">\n\t\t\t\t\t<div class=\"elementor-column elementor-col-100 elementor-top-column elementor-element elementor-element-b86dd90\" data-id=\"b86dd90\" data-element_type=\"column\" data-e-type=\"column\">\n\t\t\t<div class=\"elementor-widget-wrap elementor-element-populated\">\n\t\t\t\t\t\t<div class=\"elementor-element elementor-element-fba1540 elementor-widget elementor-widget-text-editor\" data-id=\"fba1540\" data-element_type=\"widget\" data-e-type=\"widget\" data-widget_type=\"text-editor.default\">\n\t\t\t\t<div class=\"elementor-widget-container\">\n\t\t\t\t\t\t\t\t\t<h2 style=\"text-align: center;\"><span style=\"color: #4bab3c;\">NASIL KULLANILIR ?<\/span><\/h2>\t\t\t\t\t\t\t\t<\/div>\n\t\t\t\t<\/div>\n\t\t\t\t<div class=\"elementor-element elementor-element-7c510b8 elementor-widget elementor-widget-text-editor\" data-id=\"7c510b8\" data-element_type=\"widget\" data-e-type=\"widget\" data-widget_type=\"text-editor.default\">\n\t\t\t\t<div class=\"elementor-widget-container\">\n\t\t\t\t\t\t\t\t\t<p style=\"text-align: center;\">\u00c7\u00f6zelti ve bir ampul i\u00e7erir<\/p>\t\t\t\t\t\t\t\t<\/div>\n\t\t\t\t<\/div>\n\t\t\t\t<section data-particle_enable=\"false\" data-particle-mobile-disabled=\"false\" class=\"elementor-section elementor-inner-section elementor-element elementor-element-5e92a1e elementor-section-boxed elementor-section-height-default elementor-section-height-default\" data-id=\"5e92a1e\" data-element_type=\"section\" data-e-type=\"section\">\n\t\t\t\t\t\t<div class=\"elementor-container elementor-column-gap-default\">\n\t\t\t\t\t<div class=\"elementor-column elementor-col-33 elementor-inner-column elementor-element elementor-element-db184b2\" data-id=\"db184b2\" data-element_type=\"column\" data-e-type=\"column\">\n\t\t\t<div class=\"elementor-widget-wrap elementor-element-populated\">\n\t\t\t\t\t\t<div class=\"elementor-element elementor-element-b162c89 elementor-widget elementor-widget-image\" data-id=\"b162c89\" data-element_type=\"widget\" data-e-type=\"widget\" data-widget_type=\"image.default\">\n\t\t\t\t<div class=\"elementor-widget-container\">\n\t\t\t\t\t\t\t\t\t\t\t\t\t\t\t<img decoding=\"async\" width=\"565\" height=\"410\" src=\"https:\/\/oncosem.co.uk\/wp-content\/uploads\/2022\/07\/vitastick-how-to-use-01.png\" class=\"attachment-full size-full wp-image-1792\" alt=\"\" srcset=\"https:\/\/oncosem.co.uk\/wp-content\/uploads\/2022\/07\/vitastick-how-to-use-01.png 565w, https:\/\/oncosem.co.uk\/wp-content\/uploads\/2022\/07\/vitastick-how-to-use-01-300x218.png 300w\" sizes=\"(max-width: 565px) 100vw, 565px\" \/>\t\t\t\t\t\t\t\t\t\t\t\t\t\t\t<\/div>\n\t\t\t\t<\/div>\n\t\t\t\t<div class=\"elementor-element elementor-element-34094f4 elementor-widget elementor-widget-text-editor\" data-id=\"34094f4\" data-element_type=\"widget\" data-e-type=\"widget\" data-widget_type=\"text-editor.default\">\n\t\t\t\t<div class=\"elementor-widget-container\">\n\t\t\t\t\t\t\t\t\t<p style=\"text-align: center;\">\u00c7ubu\u011fun orta k\u0131sm\u0131n\u0131 b\u00fck\u00fcn.<\/p>\t\t\t\t\t\t\t\t<\/div>\n\t\t\t\t<\/div>\n\t\t\t\t\t<\/div>\n\t\t<\/div>\n\t\t\t\t<div class=\"elementor-column elementor-col-33 elementor-inner-column elementor-element elementor-element-026a6a4\" data-id=\"026a6a4\" data-element_type=\"column\" data-e-type=\"column\">\n\t\t\t<div class=\"elementor-widget-wrap elementor-element-populated\">\n\t\t\t\t\t\t<div class=\"elementor-element elementor-element-d1e9456 elementor-widget elementor-widget-image\" data-id=\"d1e9456\" data-element_type=\"widget\" data-e-type=\"widget\" data-widget_type=\"image.default\">\n\t\t\t\t<div class=\"elementor-widget-container\">\n\t\t\t\t\t\t\t\t\t\t\t\t\t\t\t<img loading=\"lazy\" decoding=\"async\" width=\"565\" height=\"410\" src=\"https:\/\/oncosem.co.uk\/wp-content\/uploads\/2022\/07\/vitastick-how-to-use-02.png\" class=\"attachment-full size-full wp-image-1790\" alt=\"\" srcset=\"https:\/\/oncosem.co.uk\/wp-content\/uploads\/2022\/07\/vitastick-how-to-use-02.png 565w, https:\/\/oncosem.co.uk\/wp-content\/uploads\/2022\/07\/vitastick-how-to-use-02-300x218.png 300w\" sizes=\"(max-width: 565px) 100vw, 565px\" \/>\t\t\t\t\t\t\t\t\t\t\t\t\t\t\t<\/div>\n\t\t\t\t<\/div>\n\t\t\t\t<div class=\"elementor-element elementor-element-56421e6 elementor-widget elementor-widget-text-editor\" data-id=\"56421e6\" data-element_type=\"widget\" data-e-type=\"widget\" data-widget_type=\"text-editor.default\">\n\t\t\t\t<div class=\"elementor-widget-container\">\n\t\t\t\t\t\t\t\t\t<p style=\"text-align: center;\">\u00c7ubu\u011fun i\u00e7indeki ampul k\u0131r\u0131ld\u0131\u011f\u0131nda tozu ve \u00e7\u00f6zeltiyi iyice kar\u0131\u015ft\u0131racak kadar sallay\u0131n.<\/p>\t\t\t\t\t\t\t\t<\/div>\n\t\t\t\t<\/div>\n\t\t\t\t\t<\/div>\n\t\t<\/div>\n\t\t\t\t<div class=\"elementor-column elementor-col-33 elementor-inner-column elementor-element elementor-element-26994d4\" data-id=\"26994d4\" data-element_type=\"column\" data-e-type=\"column\">\n\t\t\t<div class=\"elementor-widget-wrap elementor-element-populated\">\n\t\t\t\t\t\t<div class=\"elementor-element elementor-element-65a43d1 elementor-widget elementor-widget-image\" data-id=\"65a43d1\" data-element_type=\"widget\" data-e-type=\"widget\" data-widget_type=\"image.default\">\n\t\t\t\t<div class=\"elementor-widget-container\">\n\t\t\t\t\t\t\t\t\t\t\t\t\t\t\t<img loading=\"lazy\" decoding=\"async\" width=\"564\" height=\"410\" src=\"https:\/\/oncosem.co.uk\/wp-content\/uploads\/2022\/07\/vitastick-how-to-use-03.png\" class=\"attachment-full size-full wp-image-1788\" alt=\"\" srcset=\"https:\/\/oncosem.co.uk\/wp-content\/uploads\/2022\/07\/vitastick-how-to-use-03.png 564w, https:\/\/oncosem.co.uk\/wp-content\/uploads\/2022\/07\/vitastick-how-to-use-03-300x218.png 300w\" sizes=\"(max-width: 564px) 100vw, 564px\" \/>\t\t\t\t\t\t\t\t\t\t\t\t\t\t\t<\/div>\n\t\t\t\t<\/div>\n\t\t\t\t<div class=\"elementor-element elementor-element-28e7c0b elementor-widget elementor-widget-text-editor\" data-id=\"28e7c0b\" data-element_type=\"widget\" data-e-type=\"widget\" data-widget_type=\"text-editor.default\">\n\t\t\t\t<div class=\"elementor-widget-container\">\n\t\t\t\t\t\t\t\t\t<p style=\"text-align: center;\">Belirli bir s\u00fcre (2 hafta) kulland\u0131ktan sonra s\u0131v\u0131 \u00e7ubuk i\u00e7inde tekrar \u015feffaf hale gelirse normal at\u0131k olarak at\u0131n.<\/p>\t\t\t\t\t\t\t\t<\/div>\n\t\t\t\t<\/div>\n\t\t\t\t\t<\/div>\n\t\t<\/div>\n\t\t\t\t\t<\/div>\n\t\t<\/section>\n\t\t\t\t\t<\/div>\n\t\t<\/div>\n\t\t\t\t\t<\/div>\n\t\t<\/section>\n\t\t\t\t<\/div>\n\t\t","protected":false},"excerpt":{"rendered":"<p>Deodorize Hijyen vitastick Deodorize Hijyen \u00c7ubu\u011fu 01. Hijyen \u00e7ubuk nas\u0131l kullan\u0131l\u0131r? \u00c7ubu\u011fu b\u00fck\u00fclerek cam t\u00fcp\u00fcn k\u0131r\u0131lmas\u0131 gerekir, maddelerin kar\u0131\u015f\u0131m\u0131nda sonra sar\u0131 renge d\u00f6nd\u00fc\u011f\u00fcnde kullan\u0131ma haz\u0131rd\u0131r. \u00c7ubu\u011fun i\u00e7erisindeki s\u0131v\u0131, gaz olarak ortalama yay\u0131lmaya ba\u015flar ve s\u00f6z konusu ortam hijyenini sa\u011flar. 02. Kullan\u0131m Alanlar\u0131 Ki\u015fisel kullan\u0131m El-kol \u00e7antas\u0131, s\u0131rt \u00e7antas\u0131, laptop \u00e7antas\u0131, bavul ve g\u00fcnl\u00fck hayatta kullan\u0131ma [&hellip;]<\/p>\n","protected":false},"author":1,"featured_media":0,"parent":0,"menu_order":2,"comment_status":"closed","ping_status":"closed","template":"","meta":{"inline_featured_image":false,"site-sidebar-layout":"no-sidebar","site-content-layout":"page-builder","ast-site-content-layout":"default","site-content-style":"default","site-sidebar-style":"default","ast-global-header-display":"","ast-banner-title-visibility":"","ast-main-header-display":"","ast-hfb-above-header-display":"","ast-hfb-below-header-display":"","ast-hfb-mobile-header-display":"","site-post-title":"disabled","ast-breadcrumbs-content":"","ast-featured-img":"disabled","footer-sml-layout":"","ast-disable-related-posts":"","theme-transparent-header-meta":"enabled","adv-header-id-meta":"","stick-header-meta":"default","header-above-stick-meta":"","header-main-stick-meta":"","header-below-stick-meta":"","astra-migrate-meta-layouts":"default","ast-page-background-enabled":"default","ast-page-background-meta":{"desktop":{"background-color":"","background-image":"","background-repeat":"repeat","background-position":"center center","background-size":"auto","background-attachment":"scroll","background-type":"","background-media":"","overlay-type":"","overlay-color":"","overlay-opacity":"","overlay-gradient":""},"tablet":{"background-color":"","background-image":"","background-repeat":"repeat","background-position":"center center","background-size":"auto","background-attachment":"scroll","background-type":"","background-media":"","overlay-type":"","overlay-color":"","overlay-opacity":"","overlay-gradient":""},"mobile":{"background-color":"","background-image":"","background-repeat":"repeat","background-position":"center center","background-size":"auto","background-attachment":"scroll","background-type":"","background-media":"","overlay-type":"","overlay-color":"","overlay-opacity":"","overlay-gradient":""}},"ast-content-background-meta":{"desktop":{"background-color":"var(--ast-global-color-5)","background-image":"","background-repeat":"repeat","background-position":"center center","background-size":"auto","background-attachment":"scroll","background-type":"","background-media":"","overlay-type":"","overlay-color":"","overlay-opacity":"","overlay-gradient":""},"tablet":{"background-color":"var(--ast-global-color-5)","background-image":"","background-repeat":"repeat","background-position":"center center","background-size":"auto","background-attachment":"scroll","background-type":"","background-media":"","overlay-type":"","overlay-color":"","overlay-opacity":"","overlay-gradient":""},"mobile":{"background-color":"var(--ast-global-color-5)","background-image":"","background-repeat":"repeat","background-position":"center center","background-size":"auto","background-attachment":"scroll","background-type":"","background-media":"","overlay-type":"","overlay-color":"","overlay-opacity":"","overlay-gradient":""}},"footnotes":""},"class_list":["post-1762","page","type-page","status-publish","hentry"],"_links":{"self":[{"href":"https:\/\/oncosem.co.uk\/tr\/wp-json\/wp\/v2\/pages\/1762","targetHints":{"allow":["GET"]}}],"collection":[{"href":"https:\/\/oncosem.co.uk\/tr\/wp-json\/wp\/v2\/pages"}],"about":[{"href":"https:\/\/oncosem.co.uk\/tr\/wp-json\/wp\/v2\/types\/page"}],"author":[{"embeddable":true,"href":"https:\/\/oncosem.co.uk\/tr\/wp-json\/wp\/v2\/users\/1"}],"replies":[{"embeddable":true,"href":"https:\/\/oncosem.co.uk\/tr\/wp-json\/wp\/v2\/comments?post=1762"}],"version-history":[{"count":0,"href":"https:\/\/oncosem.co.uk\/tr\/wp-json\/wp\/v2\/pages\/1762\/revisions"}],"wp:attachment":[{"href":"https:\/\/oncosem.co.uk\/tr\/wp-json\/wp\/v2\/media?parent=1762"}],"curies":[{"name":"wp","href":"https:\/\/api.w.org\/{rel}","templated":true}]}}