{"id":3854,"date":"2023-05-03T08:07:29","date_gmt":"2023-05-03T08:07:29","guid":{"rendered":"https:\/\/oncosem.co.uk\/?page_id=3854"},"modified":"2024-05-10T11:02:48","modified_gmt":"2024-05-10T11:02:48","slug":"oncowaste","status":"publish","type":"page","link":"https:\/\/oncosem.co.uk\/tr\/oncowaste\/","title":{"rendered":"Oncowaste"},"content":{"rendered":"\t\t<div data-elementor-type=\"wp-page\" data-elementor-id=\"3854\" class=\"elementor elementor-3854\" data-elementor-post-type=\"page\">\n\t\t\t\t\t\t<section data-particle_enable=\"false\" data-particle-mobile-disabled=\"false\" class=\"elementor-section elementor-top-section elementor-element elementor-element-3ca7880f elementor-section-boxed elementor-section-height-default elementor-section-height-default\" data-id=\"3ca7880f\" data-element_type=\"section\" data-e-type=\"section\" data-settings=\"{&quot;background_background&quot;:&quot;classic&quot;}\">\n\t\t\t\t\t\t\t<div class=\"elementor-background-overlay\"><\/div>\n\t\t\t\t\t\t\t<div class=\"elementor-container elementor-column-gap-no\">\n\t\t\t\t\t<div class=\"elementor-column elementor-col-50 elementor-top-column elementor-element elementor-element-514371cb\" data-id=\"514371cb\" data-element_type=\"column\" data-e-type=\"column\">\n\t\t\t<div class=\"elementor-widget-wrap elementor-element-populated\">\n\t\t\t\t\t\t<div class=\"elementor-element elementor-element-78245a66 elementor-widget elementor-widget-image\" data-id=\"78245a66\" data-element_type=\"widget\" data-e-type=\"widget\" data-widget_type=\"image.default\">\n\t\t\t\t<div class=\"elementor-widget-container\">\n\t\t\t\t\t\t\t\t\t\t\t\t\t\t\t<img decoding=\"async\" width=\"1\" height=\"1\" src=\"https:\/\/oncosem.co.uk\/wp-content\/uploads\/2023\/01\/oncosem-waste.svg\" class=\"attachment-full size-full wp-image-2560\" alt=\"\" \/>\t\t\t\t\t\t\t\t\t\t\t\t\t\t\t<\/div>\n\t\t\t\t<\/div>\n\t\t\t\t\t<\/div>\n\t\t<\/div>\n\t\t\t\t<div class=\"elementor-column elementor-col-50 elementor-top-column elementor-element elementor-element-730c7656\" data-id=\"730c7656\" data-element_type=\"column\" data-e-type=\"column\">\n\t\t\t<div class=\"elementor-widget-wrap elementor-element-populated\">\n\t\t\t\t\t\t<div class=\"elementor-element elementor-element-19a706fd elementor-widget elementor-widget-text-editor\" data-id=\"19a706fd\" data-element_type=\"widget\" data-e-type=\"widget\" data-widget_type=\"text-editor.default\">\n\t\t\t\t<div class=\"elementor-widget-container\">\n\t\t\t\t\t\t\t\t\t<h3><span style=\"color: #303358;\">Tehlikeli At\u0131k<br \/>Toplama Cihaz\u0131<\/span><\/h3>\t\t\t\t\t\t\t\t<\/div>\n\t\t\t\t<\/div>\n\t\t\t\t\t<\/div>\n\t\t<\/div>\n\t\t\t\t\t<\/div>\n\t\t<\/section>\n\t\t\t\t<section data-particle_enable=\"false\" data-particle-mobile-disabled=\"false\" class=\"elementor-section elementor-top-section elementor-element elementor-element-5d57568b elementor-section-boxed elementor-section-height-default elementor-section-height-default\" data-id=\"5d57568b\" data-element_type=\"section\" data-e-type=\"section\" data-settings=\"{&quot;background_background&quot;:&quot;classic&quot;}\">\n\t\t\t\t\t\t<div class=\"elementor-container elementor-column-gap-default\">\n\t\t\t\t\t<div class=\"elementor-column elementor-col-50 elementor-top-column elementor-element elementor-element-402d6e9c\" data-id=\"402d6e9c\" data-element_type=\"column\" data-e-type=\"column\">\n\t\t\t<div class=\"elementor-widget-wrap elementor-element-populated\">\n\t\t\t\t\t\t<div class=\"elementor-element elementor-element-5b880059 elementor-widget__width-initial elementor-widget elementor-widget-image\" data-id=\"5b880059\" data-element_type=\"widget\" data-e-type=\"widget\" data-widget_type=\"image.default\">\n\t\t\t\t<div class=\"elementor-widget-container\">\n\t\t\t\t\t\t\t\t\t\t\t\t\t\t\t<img fetchpriority=\"high\" decoding=\"async\" width=\"708\" height=\"760\" src=\"https:\/\/oncosem.co.uk\/wp-content\/uploads\/2024\/05\/oncowaste_00.jpg\" class=\"attachment-full size-full wp-image-5240\" alt=\"\" srcset=\"https:\/\/oncosem.co.uk\/wp-content\/uploads\/2024\/05\/oncowaste_00.jpg 708w, https:\/\/oncosem.co.uk\/wp-content\/uploads\/2024\/05\/oncowaste_00-279x300.jpg 279w\" sizes=\"(max-width: 708px) 100vw, 708px\" \/>\t\t\t\t\t\t\t\t\t\t\t\t\t\t\t<\/div>\n\t\t\t\t<\/div>\n\t\t\t\t\t<\/div>\n\t\t<\/div>\n\t\t\t\t<div class=\"elementor-column elementor-col-50 elementor-top-column elementor-element elementor-element-1c53cd12\" data-id=\"1c53cd12\" data-element_type=\"column\" data-e-type=\"column\">\n\t\t\t<div class=\"elementor-widget-wrap elementor-element-populated\">\n\t\t\t\t\t\t<div class=\"elementor-element elementor-element-f47868a elementor-widget elementor-widget-heading\" data-id=\"f47868a\" data-element_type=\"widget\" data-e-type=\"widget\" data-widget_type=\"heading.default\">\n\t\t\t\t<div class=\"elementor-widget-container\">\n\t\t\t\t\t<h2 class=\"elementor-heading-title elementor-size-default\">OncoWaste<\/h2>\t\t\t\t<\/div>\n\t\t\t\t<\/div>\n\t\t\t\t<div class=\"elementor-element elementor-element-48b3b925 elementor-widget elementor-widget-text-editor\" data-id=\"48b3b925\" data-element_type=\"widget\" data-e-type=\"widget\" data-widget_type=\"text-editor.default\">\n\t\t\t\t<div class=\"elementor-widget-container\">\n\t\t\t\t\t\t\t\t\t<p>Tehlikeli At\u0131k Toplama Cihaz\u0131<\/p>\t\t\t\t\t\t\t\t<\/div>\n\t\t\t\t<\/div>\n\t\t\t\t<div class=\"elementor-element elementor-element-51a065d6 elementor-widget elementor-widget-text-editor\" data-id=\"51a065d6\" data-element_type=\"widget\" data-e-type=\"widget\" data-widget_type=\"text-editor.default\">\n\t\t\t\t<div class=\"elementor-widget-container\">\n\t\t\t\t\t\t\t\t\t<table style=\"color: var(--ast-global-color-3); font-family: 'Open Sans', sans-serif; font-size: 1rem; width: 100%;\"><tbody><tr><td><b>Model<\/b><\/td><td>OncoWaste (OW-100)<\/td><\/tr><tr><td><b>IP Class<\/b><\/td><td>IP20<\/td><\/tr><tr><td><strong>Ana Voltaj<\/strong><\/td><td>220VAC &#8211; 24VDC<\/td><\/tr><tr><td><strong>G\u00fc\u00e7 Frekans\u0131<\/strong><\/td><td>50\/60 Ez<\/td><\/tr><tr><td><b>G\u00fc\u00e7 T\u00fcketimi<\/b><\/td><td>130 W<\/td><\/tr><tr><td><strong>Nominal Ak\u0131m<\/strong><\/td><td>10 A \/ 10%<\/td><\/tr><tr><td><strong>Cihaz Boyutlar\u0131<\/strong><\/td><td>600(G) x 450(D) x 1000<\/td><\/tr><tr><td><b>Malzeme<\/b><\/td><td>Paslanmaya Kar\u015f\u0131 Korumal\u0131 Metal<\/td><\/tr><tr><td><b>A\u011f\u0131rl\u0131k<\/b><\/td><td>42 Kg<\/td><\/tr><tr><td><b>Renk<\/b><\/td><td>RAL9011 &#8211; RAL7035<\/td><\/tr><\/tbody><\/table>\t\t\t\t\t\t\t\t<\/div>\n\t\t\t\t<\/div>\n\t\t\t\t\t<\/div>\n\t\t<\/div>\n\t\t\t\t\t<\/div>\n\t\t<\/section>\n\t\t\t\t<section data-particle_enable=\"false\" data-particle-mobile-disabled=\"false\" class=\"elementor-section elementor-top-section elementor-element elementor-element-cd68b73 elementor-section-full_width elementor-section-height-default elementor-section-height-default\" data-id=\"cd68b73\" data-element_type=\"section\" data-e-type=\"section\" data-settings=\"{&quot;background_background&quot;:&quot;classic&quot;}\">\n\t\t\t\t\t\t<div class=\"elementor-container elementor-column-gap-default\">\n\t\t\t\t\t<div class=\"elementor-column elementor-col-100 elementor-top-column elementor-element elementor-element-653ccd8d\" data-id=\"653ccd8d\" data-element_type=\"column\" data-e-type=\"column\">\n\t\t\t<div class=\"elementor-widget-wrap elementor-element-populated\">\n\t\t\t\t\t\t<div class=\"elementor-element elementor-element-6ab5a188 elementor-widget elementor-widget-image\" data-id=\"6ab5a188\" data-element_type=\"widget\" data-e-type=\"widget\" data-widget_type=\"image.default\">\n\t\t\t\t<div class=\"elementor-widget-container\">\n\t\t\t\t\t\t\t\t\t\t\t\t\t\t\t<img decoding=\"async\" width=\"1600\" height=\"1066\" src=\"https:\/\/oncosem.co.uk\/wp-content\/uploads\/2024\/05\/oncowaste-aciklama_00.jpg\" class=\"attachment-full size-full wp-image-5236\" alt=\"\" srcset=\"https:\/\/oncosem.co.uk\/wp-content\/uploads\/2024\/05\/oncowaste-aciklama_00.jpg 1600w, https:\/\/oncosem.co.uk\/wp-content\/uploads\/2024\/05\/oncowaste-aciklama_00-300x200.jpg 300w, https:\/\/oncosem.co.uk\/wp-content\/uploads\/2024\/05\/oncowaste-aciklama_00-1024x682.jpg 1024w, https:\/\/oncosem.co.uk\/wp-content\/uploads\/2024\/05\/oncowaste-aciklama_00-768x512.jpg 768w, https:\/\/oncosem.co.uk\/wp-content\/uploads\/2024\/05\/oncowaste-aciklama_00-1536x1023.jpg 1536w, https:\/\/oncosem.co.uk\/wp-content\/uploads\/2024\/05\/oncowaste-aciklama_00-1000x666.jpg 1000w\" sizes=\"(max-width: 1600px) 100vw, 1600px\" \/>\t\t\t\t\t\t\t\t\t\t\t\t\t\t\t<\/div>\n\t\t\t\t<\/div>\n\t\t\t\t\t<\/div>\n\t\t<\/div>\n\t\t\t\t\t<\/div>\n\t\t<\/section>\n\t\t\t\t<section data-particle_enable=\"false\" data-particle-mobile-disabled=\"false\" class=\"elementor-section elementor-top-section elementor-element elementor-element-55466ff elementor-section-boxed elementor-section-height-default elementor-section-height-default\" data-id=\"55466ff\" data-element_type=\"section\" data-e-type=\"section\">\n\t\t\t\t\t\t<div class=\"elementor-container elementor-column-gap-default\">\n\t\t\t\t\t<div class=\"elementor-column elementor-col-33 elementor-top-column elementor-element elementor-element-e94593a\" data-id=\"e94593a\" data-element_type=\"column\" data-e-type=\"column\">\n\t\t\t<div class=\"elementor-widget-wrap elementor-element-populated\">\n\t\t\t\t\t\t<div class=\"elementor-element elementor-element-87b8087 elementor-widget elementor-widget-image\" data-id=\"87b8087\" data-element_type=\"widget\" data-e-type=\"widget\" data-widget_type=\"image.default\">\n\t\t\t\t<div class=\"elementor-widget-container\">\n\t\t\t\t\t\t\t\t\t\t\t\t\t\t\t<img loading=\"lazy\" decoding=\"async\" width=\"405\" height=\"486\" src=\"https:\/\/oncosem.co.uk\/wp-content\/uploads\/2024\/05\/oncowaste-dimensions_00.jpg\" class=\"attachment-full size-full wp-image-5245\" alt=\"\" srcset=\"https:\/\/oncosem.co.uk\/wp-content\/uploads\/2024\/05\/oncowaste-dimensions_00.jpg 405w, https:\/\/oncosem.co.uk\/wp-content\/uploads\/2024\/05\/oncowaste-dimensions_00-250x300.jpg 250w\" sizes=\"(max-width: 405px) 100vw, 405px\" \/>\t\t\t\t\t\t\t\t\t\t\t\t\t\t\t<\/div>\n\t\t\t\t<\/div>\n\t\t\t\t\t<\/div>\n\t\t<\/div>\n\t\t\t\t<div class=\"elementor-column elementor-col-33 elementor-top-column elementor-element elementor-element-03c8b4d\" data-id=\"03c8b4d\" data-element_type=\"column\" data-e-type=\"column\">\n\t\t\t<div class=\"elementor-widget-wrap elementor-element-populated\">\n\t\t\t\t\t\t<div class=\"elementor-element elementor-element-13f7bf2 elementor-widget elementor-widget-image\" data-id=\"13f7bf2\" data-element_type=\"widget\" data-e-type=\"widget\" data-widget_type=\"image.default\">\n\t\t\t\t<div class=\"elementor-widget-container\">\n\t\t\t\t\t\t\t\t\t\t\t\t\t\t\t<img loading=\"lazy\" decoding=\"async\" width=\"315\" height=\"558\" src=\"https:\/\/oncosem.co.uk\/wp-content\/uploads\/2024\/05\/oncowaste-dimensions_01.jpg\" class=\"attachment-full size-full wp-image-5247\" alt=\"\" srcset=\"https:\/\/oncosem.co.uk\/wp-content\/uploads\/2024\/05\/oncowaste-dimensions_01.jpg 315w, https:\/\/oncosem.co.uk\/wp-content\/uploads\/2024\/05\/oncowaste-dimensions_01-169x300.jpg 169w\" sizes=\"(max-width: 315px) 100vw, 315px\" \/>\t\t\t\t\t\t\t\t\t\t\t\t\t\t\t<\/div>\n\t\t\t\t<\/div>\n\t\t\t\t\t<\/div>\n\t\t<\/div>\n\t\t\t\t<div class=\"elementor-column elementor-col-33 elementor-top-column elementor-element elementor-element-26c8966\" data-id=\"26c8966\" data-element_type=\"column\" data-e-type=\"column\">\n\t\t\t<div class=\"elementor-widget-wrap elementor-element-populated\">\n\t\t\t\t\t\t<div class=\"elementor-element elementor-element-3c7c801 elementor-widget elementor-widget-image\" data-id=\"3c7c801\" data-element_type=\"widget\" data-e-type=\"widget\" data-widget_type=\"image.default\">\n\t\t\t\t<div class=\"elementor-widget-container\">\n\t\t\t\t\t\t\t\t\t\t\t\t\t\t\t<img loading=\"lazy\" decoding=\"async\" width=\"378\" height=\"292\" src=\"https:\/\/oncosem.co.uk\/wp-content\/uploads\/2024\/05\/oncowaste-dimensions_03.jpg\" class=\"attachment-full size-full wp-image-5249\" alt=\"\" srcset=\"https:\/\/oncosem.co.uk\/wp-content\/uploads\/2024\/05\/oncowaste-dimensions_03.jpg 378w, https:\/\/oncosem.co.uk\/wp-content\/uploads\/2024\/05\/oncowaste-dimensions_03-300x232.jpg 300w\" sizes=\"(max-width: 378px) 100vw, 378px\" \/>\t\t\t\t\t\t\t\t\t\t\t\t\t\t\t<\/div>\n\t\t\t\t<\/div>\n\t\t\t\t\t<\/div>\n\t\t<\/div>\n\t\t\t\t\t<\/div>\n\t\t<\/section>\n\t\t\t\t<section data-particle_enable=\"false\" data-particle-mobile-disabled=\"false\" class=\"elementor-section elementor-top-section elementor-element elementor-element-155f1cf4 elementor-section-boxed elementor-section-height-default elementor-section-height-default\" data-id=\"155f1cf4\" data-element_type=\"section\" data-e-type=\"section\">\n\t\t\t\t\t\t<div class=\"elementor-container elementor-column-gap-default\">\n\t\t\t\t\t<div class=\"elementor-column elementor-col-50 elementor-top-column elementor-element elementor-element-6855d5d\" data-id=\"6855d5d\" data-element_type=\"column\" data-e-type=\"column\">\n\t\t\t<div class=\"elementor-widget-wrap\">\n\t\t\t\t\t\t\t<\/div>\n\t\t<\/div>\n\t\t\t\t<div class=\"elementor-column elementor-col-50 elementor-top-column elementor-element elementor-element-6f68ff38\" data-id=\"6f68ff38\" data-element_type=\"column\" data-e-type=\"column\">\n\t\t\t<div class=\"elementor-widget-wrap\">\n\t\t\t\t\t\t\t<\/div>\n\t\t<\/div>\n\t\t\t\t\t<\/div>\n\t\t<\/section>\n\t\t\t\t<section data-particle_enable=\"false\" data-particle-mobile-disabled=\"false\" class=\"elementor-section elementor-top-section elementor-element elementor-element-e322913 elementor-section-boxed elementor-section-height-default elementor-section-height-default\" data-id=\"e322913\" data-element_type=\"section\" data-e-type=\"section\">\n\t\t\t\t\t\t<div class=\"elementor-container elementor-column-gap-default\">\n\t\t\t\t\t<div class=\"elementor-column elementor-col-50 elementor-top-column elementor-element elementor-element-37727a5\" data-id=\"37727a5\" data-element_type=\"column\" data-e-type=\"column\">\n\t\t\t<div class=\"elementor-widget-wrap elementor-element-populated\">\n\t\t\t\t\t\t<div class=\"elementor-element elementor-element-148ea893 elementor-widget elementor-widget-text-editor\" data-id=\"148ea893\" data-element_type=\"widget\" data-e-type=\"widget\" data-widget_type=\"text-editor.default\">\n\t\t\t\t<div class=\"elementor-widget-container\">\n\t\t\t\t\t\t\t\t\t<h3 style=\"text-align: left;\"><span style=\"color: #303358;\">\u00d6nceli\u011fimiz g\u00fcvenli\u011finiz!<\/span><\/h3>\t\t\t\t\t\t\t\t<\/div>\n\t\t\t\t<\/div>\n\t\t\t\t<div class=\"elementor-element elementor-element-16dd559a elementor-widget elementor-widget-text-editor\" data-id=\"16dd559a\" data-element_type=\"widget\" data-e-type=\"widget\" data-widget_type=\"text-editor.default\">\n\t\t\t\t<div class=\"elementor-widget-container\">\n\t\t\t\t\t\t\t\t\t<p>OncoWaste, tehlikeli at\u0131klar\u0131n; kemoterapi ila\u00e7lar\u0131, sefalosporinler, penisilinler, bula\u015f\u0131c\u0131 at\u0131klar ve toksik laboratuvar at\u0131klar\u0131 dahil, g\u00fcvenli ve etkin bir \u015fekilde el de\u011fmeden paketlenip, 7 g\u00fcne kadar muhafaza edilmesi i\u00e7in kullan\u0131lan bir at\u0131k m\u00fch\u00fcrleme sistemidir.<\/p><p>T\u00fcp \u015feklindeki folyonun hava ge\u00e7irmez bir \u015feklide kaynaklanmas\u0131yla, tehlikeli ve bula\u015f\u0131c\u0131 at\u0131klar\u0131n, sitotoksik ila\u00e7lar\u0131n ve ayn\u0131 zamanda kokular\u0131n, aerosollerin kontaminasyonu da \u00f6nlenir.<\/p>\t\t\t\t\t\t\t\t<\/div>\n\t\t\t\t<\/div>\n\t\t\t\t<div class=\"elementor-element elementor-element-6a4631c elementor-widget elementor-widget-image\" data-id=\"6a4631c\" data-element_type=\"widget\" data-e-type=\"widget\" data-widget_type=\"image.default\">\n\t\t\t\t<div class=\"elementor-widget-container\">\n\t\t\t\t\t\t\t\t\t\t\t\t\t\t\t<img loading=\"lazy\" decoding=\"async\" width=\"708\" height=\"760\" src=\"https:\/\/oncosem.co.uk\/wp-content\/uploads\/2024\/05\/oncowaste_04.jpg\" class=\"attachment-full size-full wp-image-5276\" alt=\"\" srcset=\"https:\/\/oncosem.co.uk\/wp-content\/uploads\/2024\/05\/oncowaste_04.jpg 708w, https:\/\/oncosem.co.uk\/wp-content\/uploads\/2024\/05\/oncowaste_04-279x300.jpg 279w\" sizes=\"(max-width: 708px) 100vw, 708px\" \/>\t\t\t\t\t\t\t\t\t\t\t\t\t\t\t<\/div>\n\t\t\t\t<\/div>\n\t\t\t\t\t<\/div>\n\t\t<\/div>\n\t\t\t\t<div class=\"elementor-column elementor-col-50 elementor-top-column elementor-element elementor-element-09b4500\" data-id=\"09b4500\" data-element_type=\"column\" data-e-type=\"column\">\n\t\t\t<div class=\"elementor-widget-wrap elementor-element-populated\">\n\t\t\t\t\t\t<div class=\"elementor-element elementor-element-dd3e17a elementor-widget elementor-widget-image\" data-id=\"dd3e17a\" data-element_type=\"widget\" data-e-type=\"widget\" data-widget_type=\"image.default\">\n\t\t\t\t<div class=\"elementor-widget-container\">\n\t\t\t\t\t\t\t\t\t\t\t\t\t\t\t<img loading=\"lazy\" decoding=\"async\" width=\"836\" height=\"726\" src=\"https:\/\/oncosem.co.uk\/wp-content\/uploads\/2023\/05\/oncowaste-oncobag-01-1.jpg\" class=\"attachment-full size-full wp-image-4012\" alt=\"\" srcset=\"https:\/\/oncosem.co.uk\/wp-content\/uploads\/2023\/05\/oncowaste-oncobag-01-1.jpg 836w, https:\/\/oncosem.co.uk\/wp-content\/uploads\/2023\/05\/oncowaste-oncobag-01-1-300x261.jpg 300w, https:\/\/oncosem.co.uk\/wp-content\/uploads\/2023\/05\/oncowaste-oncobag-01-1-768x667.jpg 768w\" sizes=\"(max-width: 836px) 100vw, 836px\" \/>\t\t\t\t\t\t\t\t\t\t\t\t\t\t\t<\/div>\n\t\t\t\t<\/div>\n\t\t\t\t<div class=\"elementor-element elementor-element-9dea1a8 elementor-widget elementor-widget-image\" data-id=\"9dea1a8\" data-element_type=\"widget\" data-e-type=\"widget\" data-widget_type=\"image.default\">\n\t\t\t\t<div class=\"elementor-widget-container\">\n\t\t\t\t\t\t\t\t\t\t\t\t\t\t\t<img loading=\"lazy\" decoding=\"async\" width=\"905\" height=\"508\" src=\"https:\/\/oncosem.co.uk\/wp-content\/uploads\/2024\/05\/oncowaste_02.jpg\" class=\"attachment-full size-full wp-image-5243\" alt=\"\" srcset=\"https:\/\/oncosem.co.uk\/wp-content\/uploads\/2024\/05\/oncowaste_02.jpg 905w, https:\/\/oncosem.co.uk\/wp-content\/uploads\/2024\/05\/oncowaste_02-300x168.jpg 300w, https:\/\/oncosem.co.uk\/wp-content\/uploads\/2024\/05\/oncowaste_02-768x431.jpg 768w\" sizes=\"(max-width: 905px) 100vw, 905px\" \/>\t\t\t\t\t\t\t\t\t\t\t\t\t\t\t<\/div>\n\t\t\t\t<\/div>\n\t\t\t\t<div class=\"elementor-element elementor-element-42b4350 elementor-widget elementor-widget-text-editor\" data-id=\"42b4350\" data-element_type=\"widget\" data-e-type=\"widget\" data-widget_type=\"text-editor.default\">\n\t\t\t\t<div class=\"elementor-widget-container\">\n\t\t\t\t\t\t\t\t\t<p>Operat\u00f6r taraf\u0131ndan ayarlanabilir torba uzunlu\u011fu ile %40 daha az malzeme kullanarak, at\u0131k y\u00f6netiminde ekonomik bir \u00e7\u00f6z\u00fcm sunan OncoWaste: Kullan\u0131lan PE folyo ile de \u00e7evre dostudur.<\/p>\t\t\t\t\t\t\t\t<\/div>\n\t\t\t\t<\/div>\n\t\t\t\t\t<\/div>\n\t\t<\/div>\n\t\t\t\t\t<\/div>\n\t\t<\/section>\n\t\t\t\t<section data-particle_enable=\"false\" data-particle-mobile-disabled=\"false\" class=\"elementor-section elementor-top-section elementor-element elementor-element-6a5e28b elementor-section-boxed elementor-section-height-default elementor-section-height-default\" data-id=\"6a5e28b\" data-element_type=\"section\" data-e-type=\"section\">\n\t\t\t\t\t\t<div class=\"elementor-container elementor-column-gap-default\">\n\t\t\t\t\t<div class=\"elementor-column elementor-col-50 elementor-top-column elementor-element elementor-element-41dd42a\" data-id=\"41dd42a\" data-element_type=\"column\" data-e-type=\"column\">\n\t\t\t<div class=\"elementor-widget-wrap elementor-element-populated\">\n\t\t\t\t\t\t<div class=\"elementor-element elementor-element-8ea0dc6 elementor-widget elementor-widget-image\" data-id=\"8ea0dc6\" data-element_type=\"widget\" data-e-type=\"widget\" data-widget_type=\"image.default\">\n\t\t\t\t<div class=\"elementor-widget-container\">\n\t\t\t\t\t\t\t\t\t\t\t\t\t\t\t<img loading=\"lazy\" decoding=\"async\" width=\"836\" height=\"726\" src=\"https:\/\/oncosem.co.uk\/wp-content\/uploads\/2023\/05\/oncowaste-oncobag-02-1.jpg\" class=\"attachment-full size-full wp-image-4010\" alt=\"\" srcset=\"https:\/\/oncosem.co.uk\/wp-content\/uploads\/2023\/05\/oncowaste-oncobag-02-1.jpg 836w, https:\/\/oncosem.co.uk\/wp-content\/uploads\/2023\/05\/oncowaste-oncobag-02-1-300x261.jpg 300w, https:\/\/oncosem.co.uk\/wp-content\/uploads\/2023\/05\/oncowaste-oncobag-02-1-768x667.jpg 768w\" sizes=\"(max-width: 836px) 100vw, 836px\" \/>\t\t\t\t\t\t\t\t\t\t\t\t\t\t\t<\/div>\n\t\t\t\t<\/div>\n\t\t\t\t\t<\/div>\n\t\t<\/div>\n\t\t\t\t<div class=\"elementor-column elementor-col-50 elementor-top-column elementor-element elementor-element-17bff81\" data-id=\"17bff81\" data-element_type=\"column\" data-e-type=\"column\">\n\t\t\t<div class=\"elementor-widget-wrap elementor-element-populated\">\n\t\t\t\t\t\t<div class=\"elementor-element elementor-element-88717c7 elementor-widget elementor-widget-text-editor\" data-id=\"88717c7\" data-element_type=\"widget\" data-e-type=\"widget\" data-widget_type=\"text-editor.default\">\n\t\t\t\t<div class=\"elementor-widget-container\">\n\t\t\t\t\t\t\t\t\t<h3 style=\"text-align: left;\"><span style=\"color: #303358;\">Zaman Kazand\u0131ran \u00dcst\u00fcn Tasar\u0131m!<\/span><\/h3>\t\t\t\t\t\t\t\t<\/div>\n\t\t\t\t<\/div>\n\t\t\t\t<div class=\"elementor-element elementor-element-6f9f47e elementor-widget elementor-widget-text-editor\" data-id=\"6f9f47e\" data-element_type=\"widget\" data-e-type=\"widget\" data-widget_type=\"text-editor.default\">\n\t\t\t\t<div class=\"elementor-widget-container\">\n\t\t\t\t\t\t\t\t\t<p>Pedal ve istenirse sens\u00f6r ile \u00e7al\u0131\u015fan tekerlekli mod\u00fcler tasar\u0131m\u0131 sayesinde, izolat\u00f6rler ve g\u00fcvenlik depolar\u0131na ek olarak ya da istenilen her noktada kolayca konumland\u0131r\u0131larak kullan\u0131labilir.<\/p><p>Operat\u00f6r taraf\u0131ndan ayarlanabilir torba uzunlu\u011fu ile %40 daha az malzeme kullanarak, at\u0131k y\u00f6netiminde ekonomik bir \u00e7\u00f6z\u00fcm sunan OncoWaste; kullan\u0131lan PE folyo ile de \u00e7evre dostudur.<\/p>\t\t\t\t\t\t\t\t<\/div>\n\t\t\t\t<\/div>\n\t\t\t\t\t<\/div>\n\t\t<\/div>\n\t\t\t\t\t<\/div>\n\t\t<\/section>\n\t\t\t\t<\/div>\n\t\t","protected":false},"excerpt":{"rendered":"<p>Tehlikeli At\u0131kToplama Cihaz\u0131 OncoWaste Tehlikeli At\u0131k Toplama Cihaz\u0131 Model OncoWaste (OW-100) IP Class IP20 Ana Voltaj 220VAC &#8211; 24VDC G\u00fc\u00e7 Frekans\u0131 50\/60 Ez G\u00fc\u00e7 T\u00fcketimi 130 W Nominal Ak\u0131m 10 A \/ 10% Cihaz Boyutlar\u0131 600(G) x 450(D) x 1000 Malzeme Paslanmaya Kar\u015f\u0131 Korumal\u0131 Metal A\u011f\u0131rl\u0131k 42 Kg Renk RAL9011 &#8211; RAL7035 \u00d6nceli\u011fimiz g\u00fcvenli\u011finiz! OncoWaste, [&hellip;]<\/p>\n","protected":false},"author":1,"featured_media":0,"parent":0,"menu_order":2,"comment_status":"closed","ping_status":"closed","template":"","meta":{"inline_featured_image":false,"site-sidebar-layout":"no-sidebar","site-content-layout":"page-builder","ast-site-content-layout":"default","site-content-style":"default","site-sidebar-style":"default","ast-global-header-display":"","ast-banner-title-visibility":"","ast-main-header-display":"","ast-hfb-above-header-display":"","ast-hfb-below-header-display":"","ast-hfb-mobile-header-display":"","site-post-title":"disabled","ast-breadcrumbs-content":"","ast-featured-img":"disabled","footer-sml-layout":"","ast-disable-related-posts":"","theme-transparent-header-meta":"enabled","adv-header-id-meta":"","stick-header-meta":"default","header-above-stick-meta":"","header-main-stick-meta":"","header-below-stick-meta":"","astra-migrate-meta-layouts":"default","ast-page-background-enabled":"default","ast-page-background-meta":{"desktop":{"background-color":"","background-image":"","background-repeat":"repeat","background-position":"center center","background-size":"auto","background-attachment":"scroll","background-type":"","background-media":"","overlay-type":"","overlay-color":"","overlay-opacity":"","overlay-gradient":""},"tablet":{"background-color":"","background-image":"","background-repeat":"repeat","background-position":"center center","background-size":"auto","background-attachment":"scroll","background-type":"","background-media":"","overlay-type":"","overlay-color":"","overlay-opacity":"","overlay-gradient":""},"mobile":{"background-color":"","background-image":"","background-repeat":"repeat","background-position":"center center","background-size":"auto","background-attachment":"scroll","background-type":"","background-media":"","overlay-type":"","overlay-color":"","overlay-opacity":"","overlay-gradient":""}},"ast-content-background-meta":{"desktop":{"background-color":"var(--ast-global-color-5)","background-image":"","background-repeat":"repeat","background-position":"center center","background-size":"auto","background-attachment":"scroll","background-type":"","background-media":"","overlay-type":"","overlay-color":"","overlay-opacity":"","overlay-gradient":""},"tablet":{"background-color":"var(--ast-global-color-5)","background-image":"","background-repeat":"repeat","background-position":"center center","background-size":"auto","background-attachment":"scroll","background-type":"","background-media":"","overlay-type":"","overlay-color":"","overlay-opacity":"","overlay-gradient":""},"mobile":{"background-color":"var(--ast-global-color-5)","background-image":"","background-repeat":"repeat","background-position":"center center","background-size":"auto","background-attachment":"scroll","background-type":"","background-media":"","overlay-type":"","overlay-color":"","overlay-opacity":"","overlay-gradient":""}},"footnotes":""},"class_list":["post-3854","page","type-page","status-publish","hentry"],"_links":{"self":[{"href":"https:\/\/oncosem.co.uk\/tr\/wp-json\/wp\/v2\/pages\/3854","targetHints":{"allow":["GET"]}}],"collection":[{"href":"https:\/\/oncosem.co.uk\/tr\/wp-json\/wp\/v2\/pages"}],"about":[{"href":"https:\/\/oncosem.co.uk\/tr\/wp-json\/wp\/v2\/types\/page"}],"author":[{"embeddable":true,"href":"https:\/\/oncosem.co.uk\/tr\/wp-json\/wp\/v2\/users\/1"}],"replies":[{"embeddable":true,"href":"https:\/\/oncosem.co.uk\/tr\/wp-json\/wp\/v2\/comments?post=3854"}],"version-history":[{"count":4,"href":"https:\/\/oncosem.co.uk\/tr\/wp-json\/wp\/v2\/pages\/3854\/revisions"}],"predecessor-version":[{"id":5285,"href":"https:\/\/oncosem.co.uk\/tr\/wp-json\/wp\/v2\/pages\/3854\/revisions\/5285"}],"wp:attachment":[{"href":"https:\/\/oncosem.co.uk\/tr\/wp-json\/wp\/v2\/media?parent=3854"}],"curies":[{"name":"wp","href":"https:\/\/api.w.org\/{rel}","templated":true}]}}