{"id":3893,"date":"2023-05-05T10:09:38","date_gmt":"2023-05-05T10:09:38","guid":{"rendered":"https:\/\/oncosem.co.uk\/?page_id=3893"},"modified":"2024-05-07T13:45:16","modified_gmt":"2024-05-07T13:45:16","slug":"oncocare-infuzyon-pompasi-hp-60","status":"publish","type":"page","link":"https:\/\/oncosem.co.uk\/tr\/oncocare-infuzyon-pompasi-hp-60\/","title":{"rendered":"Oncocare \u0130nf\u00fczyon Pompas\u0131 HP-60"},"content":{"rendered":"\t\t<div data-elementor-type=\"wp-page\" data-elementor-id=\"3893\" class=\"elementor elementor-3893\" data-elementor-post-type=\"page\">\n\t\t\t\t\t\t<section data-particle_enable=\"false\" data-particle-mobile-disabled=\"false\" class=\"elementor-section elementor-top-section elementor-element elementor-element-9272476 elementor-section-boxed elementor-section-height-default elementor-section-height-default\" data-id=\"9272476\" data-element_type=\"section\" data-e-type=\"section\" data-settings=\"{&quot;background_background&quot;:&quot;classic&quot;}\">\n\t\t\t\t\t\t\t<div class=\"elementor-background-overlay\"><\/div>\n\t\t\t\t\t\t\t<div class=\"elementor-container elementor-column-gap-no\">\n\t\t\t\t\t<div class=\"elementor-column elementor-col-50 elementor-top-column elementor-element elementor-element-d9bccf7\" data-id=\"d9bccf7\" data-element_type=\"column\" data-e-type=\"column\">\n\t\t\t<div class=\"elementor-widget-wrap elementor-element-populated\">\n\t\t\t\t\t\t<div class=\"elementor-element elementor-element-e6f6835 elementor-widget elementor-widget-image\" data-id=\"e6f6835\" data-element_type=\"widget\" data-e-type=\"widget\" data-widget_type=\"image.default\">\n\t\t\t\t<div class=\"elementor-widget-container\">\n\t\t\t\t\t\t\t\t\t\t\t\t\t\t\t<img decoding=\"async\" width=\"80\" height=\"27\" src=\"https:\/\/oncosem.co.uk\/wp-content\/uploads\/2023\/05\/oncocare-infusion-pump-logo.svg\" class=\"attachment-full size-full wp-image-3898\" alt=\"\" \/>\t\t\t\t\t\t\t\t\t\t\t\t\t\t\t<\/div>\n\t\t\t\t<\/div>\n\t\t\t\t\t<\/div>\n\t\t<\/div>\n\t\t\t\t<div class=\"elementor-column elementor-col-50 elementor-top-column elementor-element elementor-element-7a78d48\" data-id=\"7a78d48\" data-element_type=\"column\" data-e-type=\"column\">\n\t\t\t<div class=\"elementor-widget-wrap elementor-element-populated\">\n\t\t\t\t\t\t<div class=\"elementor-element elementor-element-f2f5c8d elementor-widget elementor-widget-text-editor\" data-id=\"f2f5c8d\" data-element_type=\"widget\" data-e-type=\"widget\" data-widget_type=\"text-editor.default\">\n\t\t\t\t<div class=\"elementor-widget-container\">\n\t\t\t\t\t\t\t\t\t<h3><span style=\"color: #020101;\">HP-60<br \/><\/span><span style=\"color: #020101;\">Infuzyon Pompas\u0131<\/span><\/h3>\t\t\t\t\t\t\t\t<\/div>\n\t\t\t\t<\/div>\n\t\t\t\t\t<\/div>\n\t\t<\/div>\n\t\t\t\t\t<\/div>\n\t\t<\/section>\n\t\t\t\t<section data-particle_enable=\"false\" data-particle-mobile-disabled=\"false\" class=\"elementor-section elementor-top-section elementor-element elementor-element-f7270ee elementor-section-boxed elementor-section-height-default elementor-section-height-default\" data-id=\"f7270ee\" data-element_type=\"section\" data-e-type=\"section\" data-settings=\"{&quot;background_background&quot;:&quot;classic&quot;}\">\n\t\t\t\t\t\t<div class=\"elementor-container elementor-column-gap-default\">\n\t\t\t\t\t<div class=\"elementor-column elementor-col-50 elementor-top-column elementor-element elementor-element-82607ca\" data-id=\"82607ca\" data-element_type=\"column\" data-e-type=\"column\">\n\t\t\t<div class=\"elementor-widget-wrap elementor-element-populated\">\n\t\t\t\t\t\t<div class=\"elementor-element elementor-element-b718ab8 elementor-widget elementor-widget-image\" data-id=\"b718ab8\" data-element_type=\"widget\" data-e-type=\"widget\" data-widget_type=\"image.default\">\n\t\t\t\t<div class=\"elementor-widget-container\">\n\t\t\t\t\t\t\t\t\t\t\t\t\t\t\t<img fetchpriority=\"high\" decoding=\"async\" width=\"1836\" height=\"1195\" src=\"https:\/\/oncosem.co.uk\/wp-content\/uploads\/2023\/05\/hp_60.jpg\" class=\"attachment-full size-full wp-image-3900\" alt=\"\" srcset=\"https:\/\/oncosem.co.uk\/wp-content\/uploads\/2023\/05\/hp_60.jpg 1836w, https:\/\/oncosem.co.uk\/wp-content\/uploads\/2023\/05\/hp_60-300x195.jpg 300w, https:\/\/oncosem.co.uk\/wp-content\/uploads\/2023\/05\/hp_60-1024x666.jpg 1024w, https:\/\/oncosem.co.uk\/wp-content\/uploads\/2023\/05\/hp_60-768x500.jpg 768w, https:\/\/oncosem.co.uk\/wp-content\/uploads\/2023\/05\/hp_60-1536x1000.jpg 1536w, https:\/\/oncosem.co.uk\/wp-content\/uploads\/2023\/05\/hp_60-1000x651.jpg 1000w\" sizes=\"(max-width: 1836px) 100vw, 1836px\" \/>\t\t\t\t\t\t\t\t\t\t\t\t\t\t\t<\/div>\n\t\t\t\t<\/div>\n\t\t\t\t\t<\/div>\n\t\t<\/div>\n\t\t\t\t<div class=\"elementor-column elementor-col-50 elementor-top-column elementor-element elementor-element-27794a2\" data-id=\"27794a2\" data-element_type=\"column\" data-e-type=\"column\">\n\t\t\t<div class=\"elementor-widget-wrap elementor-element-populated\">\n\t\t\t\t\t\t<div class=\"elementor-element elementor-element-a11d426 elementor-widget elementor-widget-heading\" data-id=\"a11d426\" data-element_type=\"widget\" data-e-type=\"widget\" data-widget_type=\"heading.default\">\n\t\t\t\t<div class=\"elementor-widget-container\">\n\t\t\t\t\t<h3 class=\"elementor-heading-title elementor-size-default\">ONCOCARE INF\u00dcZYON POMPASI HP-60<\/h3>\t\t\t\t<\/div>\n\t\t\t\t<\/div>\n\t\t\t\t<div class=\"elementor-element elementor-element-acab985 elementor-widget elementor-widget-text-editor\" data-id=\"acab985\" data-element_type=\"widget\" data-e-type=\"widget\" data-widget_type=\"text-editor.default\">\n\t\t\t\t<div class=\"elementor-widget-container\">\n\t\t\t\t\t\t\t\t\t<p><strong>\u00d6zellikler<\/strong><\/p>\t\t\t\t\t\t\t\t<\/div>\n\t\t\t\t<\/div>\n\t\t\t\t<div class=\"elementor-element elementor-element-7604e6f elementor-widget elementor-widget-text-editor\" data-id=\"7604e6f\" data-element_type=\"widget\" data-e-type=\"widget\" data-widget_type=\"text-editor.default\">\n\t\t\t\t<div class=\"elementor-widget-container\">\n\t\t\t\t\t\t\t\t\t<table style=\"color: var(--ast-global-color-3); font-family: 'Open Sans', sans-serif; font-size: 1rem; width: 100%;\"><tbody><tr><td><b>Boyut<\/b><\/td><td>214(W) x 75(H) x 142(D)mm<\/td><\/tr><tr><td><strong>A\u011f\u0131rl\u0131k<\/strong><\/td><td>1.4kg (Pil Dahil)<\/td><\/tr><tr><td><strong>Ekran<\/strong><\/td><td>3.0 in\u00e7 LCD Dokunmatik Ekran<\/td><\/tr><tr><td><b>Standart Aksesuarlar<\/b><\/td><td>G\u00fc\u00e7 Kablosu, Tutma Kolu, Direk Kelep\u00e7esi<\/td><\/tr><tr><td><strong>\u0130ste\u011fe Ba\u011fl\u0131 Aksesuarlar<\/strong><\/td><td>Damla Sens\u00f6r\u00fc, Hem\u015fire \u00c7a\u011fr\u0131 sistemi, Barkod Okuyucu<\/td><\/tr><\/tbody><\/table>\t\t\t\t\t\t\t\t<\/div>\n\t\t\t\t<\/div>\n\t\t\t\t\t<\/div>\n\t\t<\/div>\n\t\t\t\t\t<\/div>\n\t\t<\/section>\n\t\t\t\t<section data-particle_enable=\"false\" data-particle-mobile-disabled=\"false\" class=\"elementor-section elementor-top-section elementor-element elementor-element-56a7f7c elementor-section-boxed elementor-section-height-default elementor-section-height-default\" data-id=\"56a7f7c\" data-element_type=\"section\" data-e-type=\"section\">\n\t\t\t\t\t\t<div class=\"elementor-container elementor-column-gap-default\">\n\t\t\t\t\t<div class=\"elementor-column elementor-col-100 elementor-top-column elementor-element elementor-element-31fa474\" data-id=\"31fa474\" data-element_type=\"column\" data-e-type=\"column\">\n\t\t\t<div class=\"elementor-widget-wrap elementor-element-populated\">\n\t\t\t\t\t\t<div class=\"elementor-element elementor-element-c8c3715 elementor-widget elementor-widget-text-editor\" data-id=\"c8c3715\" data-element_type=\"widget\" data-e-type=\"widget\" data-widget_type=\"text-editor.default\">\n\t\t\t\t<div class=\"elementor-widget-container\">\n\t\t\t\t\t\t\t\t\t<strong>Temel Parametreler<\/strong>\t\t\t\t\t\t\t\t<\/div>\n\t\t\t\t<\/div>\n\t\t\t\t<div class=\"elementor-element elementor-element-96649ed elementor-widget elementor-widget-text-editor\" data-id=\"96649ed\" data-element_type=\"widget\" data-e-type=\"widget\" data-widget_type=\"text-editor.default\">\n\t\t\t\t<div class=\"elementor-widget-container\">\n\t\t\t\t\t\t\t\t\t<table style=\"color: var(--ast-global-color-3); font-family: 'Open Sans', sans-serif; font-size: 1rem; width: 100%;\"><tbody><tr><td><strong>Inf\u00fczyon Modu<\/strong><\/td><td>H\u0131z.zaman,a\u011f\u0131rl\u0131k,kg\/doz,trapezyal,mikro ve ard\u0131\u015f\u0131k<\/td><\/tr><tr><td><strong>Inf\u00fczyon H\u0131z\u0131 Aral\u0131\u011f\u0131<\/strong><\/td><td>0.1-2000.0 ml\/h (20d\/ml IV set)<br \/>0.1-667.0ml\/h (60d\/ml IV set)<\/td><\/tr><tr><td><strong>Inf\u00fczyon H\u0131z\u0131 Art\u0131\u015f\u0131n\u0131n Minimum De\u011feri<\/strong><\/td><td>0.10-99.99ml\/h (min. art\u0131\u015f: 0.01ml\/ saat)<br \/>100.0-999.9ml\/h (min. art\u0131\u015f: 0.1ml\/ saat) <br \/>1000-2000ml\/h (min. art\u0131\u015f: 1ml\/ saat)<\/td><\/tr><tr><td><strong>Inf\u00fczyon Hacim Aral\u0131\u011f\u0131 (VTBI)<\/strong><\/td><td>0.10~9999.99ml (min. art\u0131\u015f: 0.01ml)<\/td><\/tr><tr><td><strong>Toplam Hacim G\u00f6stergesi<\/strong><\/td><td>0~9999.99ml (min. art\u0131\u015f: 0.01ml)<\/td><\/tr><tr><td><strong>Do\u011fruluk<\/strong><\/td><td>\u00b15%<\/td><\/tr><tr><td><strong>Bolus &amp; Bo\u015faltma H\u0131z\u0131<\/strong><\/td><td>0.10-2000ml\/saat<\/td><\/tr><tr><td><strong>Se\u00e7ilebilir 3 Bolus<\/strong><\/td><td>Otomatik\/Manuel\/Yar\u0131 Otomatik bolus<\/td><\/tr><\/tbody><\/table>\t\t\t\t\t\t\t\t<\/div>\n\t\t\t\t<\/div>\n\t\t\t\t\t<\/div>\n\t\t<\/div>\n\t\t\t\t\t<\/div>\n\t\t<\/section>\n\t\t\t\t<section data-particle_enable=\"false\" data-particle-mobile-disabled=\"false\" class=\"elementor-section elementor-top-section elementor-element elementor-element-da3b5ce elementor-section-boxed elementor-section-height-default elementor-section-height-default\" data-id=\"da3b5ce\" data-element_type=\"section\" data-e-type=\"section\">\n\t\t\t\t\t\t<div class=\"elementor-container elementor-column-gap-default\">\n\t\t\t\t\t<div class=\"elementor-column elementor-col-50 elementor-top-column elementor-element elementor-element-10ba23e\" data-id=\"10ba23e\" data-element_type=\"column\" data-e-type=\"column\">\n\t\t\t<div class=\"elementor-widget-wrap elementor-element-populated\">\n\t\t\t\t\t\t<div class=\"elementor-element elementor-element-6036175 elementor-widget elementor-widget-image\" data-id=\"6036175\" data-element_type=\"widget\" data-e-type=\"widget\" data-widget_type=\"image.default\">\n\t\t\t\t<div class=\"elementor-widget-container\">\n\t\t\t\t\t\t\t\t\t\t\t\t\t\t\t<img decoding=\"async\" width=\"706\" height=\"638\" src=\"https:\/\/oncosem.co.uk\/wp-content\/uploads\/2024\/05\/oncocare-infusion-pump-hp-60-03.jpg\" class=\"attachment-full size-full wp-image-5106\" alt=\"\" srcset=\"https:\/\/oncosem.co.uk\/wp-content\/uploads\/2024\/05\/oncocare-infusion-pump-hp-60-03.jpg 706w, https:\/\/oncosem.co.uk\/wp-content\/uploads\/2024\/05\/oncocare-infusion-pump-hp-60-03-300x271.jpg 300w\" sizes=\"(max-width: 706px) 100vw, 706px\" \/>\t\t\t\t\t\t\t\t\t\t\t\t\t\t\t<\/div>\n\t\t\t\t<\/div>\n\t\t\t\t\t<\/div>\n\t\t<\/div>\n\t\t\t\t<div class=\"elementor-column elementor-col-50 elementor-top-column elementor-element elementor-element-45da3e6\" data-id=\"45da3e6\" data-element_type=\"column\" data-e-type=\"column\">\n\t\t\t<div class=\"elementor-widget-wrap elementor-element-populated\">\n\t\t\t\t\t\t<div class=\"elementor-element elementor-element-f3b5f5a elementor-widget elementor-widget-text-editor\" data-id=\"f3b5f5a\" data-element_type=\"widget\" data-e-type=\"widget\" data-widget_type=\"text-editor.default\">\n\t\t\t\t<div class=\"elementor-widget-container\">\n\t\t\t\t\t\t\t\t\t<p><strong>Alarm<\/strong><\/p>\t\t\t\t\t\t\t\t<\/div>\n\t\t\t\t<\/div>\n\t\t\t\t<div class=\"elementor-element elementor-element-50d4a1c elementor-widget elementor-widget-text-editor\" data-id=\"50d4a1c\" data-element_type=\"widget\" data-e-type=\"widget\" data-widget_type=\"text-editor.default\">\n\t\t\t\t<div class=\"elementor-widget-container\">\n\t\t\t\t\t\t\t\t\t<table style=\"color: var(--ast-global-color-3); font-family: 'Open Sans', sans-serif; font-size: 1rem; width: 100%;\"><tbody><tr><td><b>G\u00f6rsel &amp; Akustik Alarm<\/b><\/td><td>\u00a0\u0130nf\u00fczyon bitti,batarya bo\u015f,hasta hatt\u0131 t\u0131kal\u0131,torba hatt\u0131 t\u0131kal\u0131,damlama yok,KVO Ba\u015flang\u0131\u00e7,KVO bitti,sistem hatas\u0131,hava kabarc\u0131\u011f\u0131,fazla damalama,az damlama,bekleme sonu,damlama sens\u00f6r\u00fc yok,inf\u00fczyon bitmek \u00fczere,batarya yok,AC G\u00fc\u00e7 kayna\u011f\u0131 yok ve hat\u0131rlatma alarm\u0131.<\/td><\/tr><\/tbody><\/table>\t\t\t\t\t\t\t\t<\/div>\n\t\t\t\t<\/div>\n\t\t\t\t\t<\/div>\n\t\t<\/div>\n\t\t\t\t\t<\/div>\n\t\t<\/section>\n\t\t\t\t<section data-particle_enable=\"false\" data-particle-mobile-disabled=\"false\" class=\"elementor-section elementor-top-section elementor-element elementor-element-0663b63 elementor-section-boxed elementor-section-height-default elementor-section-height-default\" data-id=\"0663b63\" data-element_type=\"section\" data-e-type=\"section\">\n\t\t\t\t\t\t<div class=\"elementor-container elementor-column-gap-default\">\n\t\t\t\t\t<div class=\"elementor-column elementor-col-100 elementor-top-column elementor-element elementor-element-34a9bcf\" data-id=\"34a9bcf\" data-element_type=\"column\" data-e-type=\"column\">\n\t\t\t<div class=\"elementor-widget-wrap elementor-element-populated\">\n\t\t\t\t\t\t<div class=\"elementor-element elementor-element-0fd57a7 elementor-widget elementor-widget-text-editor\" data-id=\"0fd57a7\" data-element_type=\"widget\" data-e-type=\"widget\" data-widget_type=\"text-editor.default\">\n\t\t\t\t<div class=\"elementor-widget-container\">\n\t\t\t\t\t\t\t\t\t<p><strong>G\u00fc\u00e7 Kayna\u011f\u0131<\/strong><\/p>\t\t\t\t\t\t\t\t<\/div>\n\t\t\t\t<\/div>\n\t\t\t\t<div class=\"elementor-element elementor-element-b9c8630 elementor-widget elementor-widget-text-editor\" data-id=\"b9c8630\" data-element_type=\"widget\" data-e-type=\"widget\" data-widget_type=\"text-editor.default\">\n\t\t\t\t<div class=\"elementor-widget-container\">\n\t\t\t\t\t\t\t\t\t<table style=\"color: var(--ast-global-color-3); font-family: 'Open Sans', sans-serif; font-size: 1rem; width: 100%;\"><tbody><tr><td><strong>AC Power<\/strong><\/td><td>100 -240 V, 50\/60Hz, enerji t\u00fcketimi 45 VA<\/td><\/tr><tr><td><strong>Harici Batarya<\/strong><\/td><td>DC 12 V, 2.5 A<\/td><\/tr><tr><td><strong>Dahili Batarya<\/strong><\/td><td>Litium Batarya 10.8V, 3000mAh<\/td><\/tr><tr><td><strong>Batarya S\u00fcresi<\/strong><\/td><td>10 saat @25ml\/saat yeni pil ile<\/td><\/tr><tr><td><strong>\u015earj S\u00fcresi<\/strong><\/td><td>Yakla\u015f\u0131k 4 saat (\u015farj s\u0131ras\u0131nda pompa kapat\u0131l\u0131r)<\/td><\/tr><\/tbody><\/table>\t\t\t\t\t\t\t\t<\/div>\n\t\t\t\t<\/div>\n\t\t\t\t\t<\/div>\n\t\t<\/div>\n\t\t\t\t\t<\/div>\n\t\t<\/section>\n\t\t\t\t<section data-particle_enable=\"false\" data-particle-mobile-disabled=\"false\" class=\"elementor-section elementor-top-section elementor-element elementor-element-e145c1e elementor-section-boxed elementor-section-height-default elementor-section-height-default\" data-id=\"e145c1e\" data-element_type=\"section\" data-e-type=\"section\">\n\t\t\t\t\t\t<div class=\"elementor-container elementor-column-gap-default\">\n\t\t\t\t\t<div class=\"elementor-column elementor-col-100 elementor-top-column elementor-element elementor-element-4281781\" data-id=\"4281781\" data-element_type=\"column\" data-e-type=\"column\">\n\t\t\t<div class=\"elementor-widget-wrap elementor-element-populated\">\n\t\t\t\t\t\t<div class=\"elementor-element elementor-element-0dc5f15 elementor-widget elementor-widget-text-editor\" data-id=\"0dc5f15\" data-element_type=\"widget\" data-e-type=\"widget\" data-widget_type=\"text-editor.default\">\n\t\t\t\t<div class=\"elementor-widget-container\">\n\t\t\t\t\t\t\t\t\t<p><strong>Ba\u011flant\u0131<\/strong><\/p>\t\t\t\t\t\t\t\t<\/div>\n\t\t\t\t<\/div>\n\t\t\t\t<div class=\"elementor-element elementor-element-7e55666 elementor-widget elementor-widget-text-editor\" data-id=\"7e55666\" data-element_type=\"widget\" data-e-type=\"widget\" data-widget_type=\"text-editor.default\">\n\t\t\t\t<div class=\"elementor-widget-container\">\n\t\t\t\t\t\t\t\t\t<table style=\"color: var(--ast-global-color-3); font-family: 'Open Sans', sans-serif; font-size: 1rem; width: 100%;\"><tbody><tr><td><strong>WiFi \/ Kablolu<\/strong><\/td><td>Merkezi Inf\u00fczyon \u0130zleme Sistemine ve Hem\u015fire \u00c7a\u011fr\u0131 Sistemine Ba\u011flanmak i\u00e7in<\/td><\/tr><tr><td><strong>Barkod Tarama<\/strong><\/td><td>Barkod taray\u0131c\u0131 ile hasta bilgilerinin girilmesi<\/td><\/tr><tr><td><b>Veri Aray\u00fcz\u00fc<\/b><\/td><td>Desteklenir, USB 2.0, USB 3.0, RJ45, Wi-Fi<\/td><\/tr><\/tbody><\/table>\t\t\t\t\t\t\t\t<\/div>\n\t\t\t\t<\/div>\n\t\t\t\t\t<\/div>\n\t\t<\/div>\n\t\t\t\t\t<\/div>\n\t\t<\/section>\n\t\t\t\t<section data-particle_enable=\"false\" data-particle-mobile-disabled=\"false\" class=\"elementor-section elementor-top-section elementor-element elementor-element-bcdea4e elementor-section-full_width elementor-section-height-default elementor-section-height-default\" data-id=\"bcdea4e\" data-element_type=\"section\" data-e-type=\"section\" data-settings=\"{&quot;background_background&quot;:&quot;classic&quot;}\">\n\t\t\t\t\t\t<div class=\"elementor-container elementor-column-gap-no\">\n\t\t\t\t\t<div class=\"elementor-column elementor-col-100 elementor-top-column elementor-element elementor-element-2f16624\" data-id=\"2f16624\" data-element_type=\"column\" data-e-type=\"column\">\n\t\t\t<div class=\"elementor-widget-wrap elementor-element-populated\">\n\t\t\t\t\t\t<div class=\"elementor-element elementor-element-03f7752 elementor-widget elementor-widget-image\" data-id=\"03f7752\" data-element_type=\"widget\" data-e-type=\"widget\" data-widget_type=\"image.default\">\n\t\t\t\t<div class=\"elementor-widget-container\">\n\t\t\t\t\t\t\t\t\t\t\t\t\t\t\t<img loading=\"lazy\" decoding=\"async\" width=\"2244\" height=\"974\" src=\"https:\/\/oncosem.co.uk\/wp-content\/uploads\/2023\/05\/hp_60_banner.jpg\" class=\"attachment-full size-full wp-image-3902\" alt=\"\" srcset=\"https:\/\/oncosem.co.uk\/wp-content\/uploads\/2023\/05\/hp_60_banner.jpg 2244w, https:\/\/oncosem.co.uk\/wp-content\/uploads\/2023\/05\/hp_60_banner-300x130.jpg 300w, https:\/\/oncosem.co.uk\/wp-content\/uploads\/2023\/05\/hp_60_banner-1024x444.jpg 1024w, https:\/\/oncosem.co.uk\/wp-content\/uploads\/2023\/05\/hp_60_banner-768x333.jpg 768w, https:\/\/oncosem.co.uk\/wp-content\/uploads\/2023\/05\/hp_60_banner-1536x667.jpg 1536w, https:\/\/oncosem.co.uk\/wp-content\/uploads\/2023\/05\/hp_60_banner-2048x889.jpg 2048w, https:\/\/oncosem.co.uk\/wp-content\/uploads\/2023\/05\/hp_60_banner-1000x434.jpg 1000w\" sizes=\"(max-width: 2244px) 100vw, 2244px\" \/>\t\t\t\t\t\t\t\t\t\t\t\t\t\t\t<\/div>\n\t\t\t\t<\/div>\n\t\t\t\t\t<\/div>\n\t\t<\/div>\n\t\t\t\t\t<\/div>\n\t\t<\/section>\n\t\t\t\t<\/div>\n\t\t","protected":false},"excerpt":{"rendered":"<p>HP-60Infuzyon Pompas\u0131 ONCOCARE INF\u00dcZYON POMPASI HP-60 \u00d6zellikler Boyut 214(W) x 75(H) x 142(D)mm A\u011f\u0131rl\u0131k 1.4kg (Pil Dahil) Ekran 3.0 in\u00e7 LCD Dokunmatik Ekran Standart Aksesuarlar G\u00fc\u00e7 Kablosu, Tutma Kolu, Direk Kelep\u00e7esi \u0130ste\u011fe Ba\u011fl\u0131 Aksesuarlar Damla Sens\u00f6r\u00fc, Hem\u015fire \u00c7a\u011fr\u0131 sistemi, Barkod Okuyucu Temel Parametreler Inf\u00fczyon Modu H\u0131z.zaman,a\u011f\u0131rl\u0131k,kg\/doz,trapezyal,mikro ve ard\u0131\u015f\u0131k Inf\u00fczyon H\u0131z\u0131 Aral\u0131\u011f\u0131 0.1-2000.0 ml\/h (20d\/ml IV [&hellip;]<\/p>\n","protected":false},"author":1,"featured_media":0,"parent":0,"menu_order":2,"comment_status":"closed","ping_status":"closed","template":"","meta":{"inline_featured_image":false,"site-sidebar-layout":"no-sidebar","site-content-layout":"page-builder","ast-site-content-layout":"default","site-content-style":"default","site-sidebar-style":"default","ast-global-header-display":"","ast-banner-title-visibility":"","ast-main-header-display":"","ast-hfb-above-header-display":"","ast-hfb-below-header-display":"","ast-hfb-mobile-header-display":"","site-post-title":"disabled","ast-breadcrumbs-content":"","ast-featured-img":"disabled","footer-sml-layout":"","ast-disable-related-posts":"","theme-transparent-header-meta":"enabled","adv-header-id-meta":"","stick-header-meta":"default","header-above-stick-meta":"","header-main-stick-meta":"","header-below-stick-meta":"","astra-migrate-meta-layouts":"default","ast-page-background-enabled":"default","ast-page-background-meta":{"desktop":{"background-color":"","background-image":"","background-repeat":"repeat","background-position":"center center","background-size":"auto","background-attachment":"scroll","background-type":"","background-media":"","overlay-type":"","overlay-color":"","overlay-opacity":"","overlay-gradient":""},"tablet":{"background-color":"","background-image":"","background-repeat":"repeat","background-position":"center center","background-size":"auto","background-attachment":"scroll","background-type":"","background-media":"","overlay-type":"","overlay-color":"","overlay-opacity":"","overlay-gradient":""},"mobile":{"background-color":"","background-image":"","background-repeat":"repeat","background-position":"center center","background-size":"auto","background-attachment":"scroll","background-type":"","background-media":"","overlay-type":"","overlay-color":"","overlay-opacity":"","overlay-gradient":""}},"ast-content-background-meta":{"desktop":{"background-color":"var(--ast-global-color-5)","background-image":"","background-repeat":"repeat","background-position":"center center","background-size":"auto","background-attachment":"scroll","background-type":"","background-media":"","overlay-type":"","overlay-color":"","overlay-opacity":"","overlay-gradient":""},"tablet":{"background-color":"var(--ast-global-color-5)","background-image":"","background-repeat":"repeat","background-position":"center center","background-size":"auto","background-attachment":"scroll","background-type":"","background-media":"","overlay-type":"","overlay-color":"","overlay-opacity":"","overlay-gradient":""},"mobile":{"background-color":"var(--ast-global-color-5)","background-image":"","background-repeat":"repeat","background-position":"center center","background-size":"auto","background-attachment":"scroll","background-type":"","background-media":"","overlay-type":"","overlay-color":"","overlay-opacity":"","overlay-gradient":""}},"footnotes":""},"class_list":["post-3893","page","type-page","status-publish","hentry"],"_links":{"self":[{"href":"https:\/\/oncosem.co.uk\/tr\/wp-json\/wp\/v2\/pages\/3893","targetHints":{"allow":["GET"]}}],"collection":[{"href":"https:\/\/oncosem.co.uk\/tr\/wp-json\/wp\/v2\/pages"}],"about":[{"href":"https:\/\/oncosem.co.uk\/tr\/wp-json\/wp\/v2\/types\/page"}],"author":[{"embeddable":true,"href":"https:\/\/oncosem.co.uk\/tr\/wp-json\/wp\/v2\/users\/1"}],"replies":[{"embeddable":true,"href":"https:\/\/oncosem.co.uk\/tr\/wp-json\/wp\/v2\/comments?post=3893"}],"version-history":[{"count":4,"href":"https:\/\/oncosem.co.uk\/tr\/wp-json\/wp\/v2\/pages\/3893\/revisions"}],"predecessor-version":[{"id":5235,"href":"https:\/\/oncosem.co.uk\/tr\/wp-json\/wp\/v2\/pages\/3893\/revisions\/5235"}],"wp:attachment":[{"href":"https:\/\/oncosem.co.uk\/tr\/wp-json\/wp\/v2\/media?parent=3893"}],"curies":[{"name":"wp","href":"https:\/\/api.w.org\/{rel}","templated":true}]}}