{"id":4647,"date":"2024-02-05T14:55:09","date_gmt":"2024-02-05T14:55:09","guid":{"rendered":"https:\/\/oncosem.co.uk\/?page_id=4647"},"modified":"2024-09-16T07:49:30","modified_gmt":"2024-09-16T07:49:30","slug":"ilac-baglanti-seti","status":"publish","type":"page","link":"https:\/\/oncosem.co.uk\/tr\/ilac-baglanti-seti\/","title":{"rendered":"\u0130la\u00e7 Ba\u011flant\u0131 Seti"},"content":{"rendered":"\t\t<div data-elementor-type=\"wp-page\" data-elementor-id=\"4647\" class=\"elementor elementor-4647\" data-elementor-post-type=\"page\">\n\t\t\t\t\t\t<section data-particle_enable=\"false\" data-particle-mobile-disabled=\"false\" class=\"elementor-section elementor-top-section elementor-element elementor-element-3ca7880f elementor-section-boxed elementor-section-height-default elementor-section-height-default\" data-id=\"3ca7880f\" data-element_type=\"section\" data-e-type=\"section\" data-settings=\"{&quot;background_background&quot;:&quot;classic&quot;}\">\n\t\t\t\t\t\t\t<div class=\"elementor-background-overlay\"><\/div>\n\t\t\t\t\t\t\t<div class=\"elementor-container elementor-column-gap-no\">\n\t\t\t\t\t<div class=\"elementor-column elementor-col-50 elementor-top-column elementor-element elementor-element-514371cb\" data-id=\"514371cb\" data-element_type=\"column\" data-e-type=\"column\">\n\t\t\t<div class=\"elementor-widget-wrap elementor-element-populated\">\n\t\t\t\t\t\t<div class=\"elementor-element elementor-element-78245a66 elementor-widget elementor-widget-image\" data-id=\"78245a66\" data-element_type=\"widget\" data-e-type=\"widget\" data-widget_type=\"image.default\">\n\t\t\t\t<div class=\"elementor-widget-container\">\n\t\t\t\t\t\t\t\t\t\t\t\t\t\t\t<img decoding=\"async\" width=\"115\" height=\"31\" src=\"https:\/\/oncosem.co.uk\/wp-content\/uploads\/2023\/01\/oncosem-setler.svg\" class=\"attachment-full size-full wp-image-2567\" alt=\"\" \/>\t\t\t\t\t\t\t\t\t\t\t\t\t\t\t<\/div>\n\t\t\t\t<\/div>\n\t\t\t\t\t<\/div>\n\t\t<\/div>\n\t\t\t\t<div class=\"elementor-column elementor-col-50 elementor-top-column elementor-element elementor-element-730c7656\" data-id=\"730c7656\" data-element_type=\"column\" data-e-type=\"column\">\n\t\t\t<div class=\"elementor-widget-wrap elementor-element-populated\">\n\t\t\t\t\t\t<div class=\"elementor-element elementor-element-19a706fd elementor-widget elementor-widget-text-editor\" data-id=\"19a706fd\" data-element_type=\"widget\" data-e-type=\"widget\" data-widget_type=\"text-editor.default\">\n\t\t\t\t<div class=\"elementor-widget-container\">\n\t\t\t\t\t\t\t\t\t<p><span style=\"color: #303358;\">\u0130LA\u00c7 BA\u011eLANTI SET\u0130<\/span><\/p>\t\t\t\t\t\t\t\t<\/div>\n\t\t\t\t<\/div>\n\t\t\t\t\t<\/div>\n\t\t<\/div>\n\t\t\t\t\t<\/div>\n\t\t<\/section>\n\t\t\t\t<section data-particle_enable=\"false\" data-particle-mobile-disabled=\"false\" class=\"elementor-section elementor-top-section elementor-element elementor-element-c66f6d7 elementor-section-boxed elementor-section-height-default elementor-section-height-default\" data-id=\"c66f6d7\" data-element_type=\"section\" data-e-type=\"section\" data-settings=\"{&quot;background_background&quot;:&quot;classic&quot;}\">\n\t\t\t\t\t\t<div class=\"elementor-container elementor-column-gap-default\">\n\t\t\t\t\t<div class=\"elementor-column elementor-col-50 elementor-top-column elementor-element elementor-element-975c81b\" data-id=\"975c81b\" data-element_type=\"column\" data-e-type=\"column\">\n\t\t\t<div class=\"elementor-widget-wrap elementor-element-populated\">\n\t\t\t\t\t\t<div class=\"elementor-element elementor-element-6c383c7 elementor-widget__width-initial elementor-widget elementor-widget-image\" data-id=\"6c383c7\" data-element_type=\"widget\" data-e-type=\"widget\" data-widget_type=\"image.default\">\n\t\t\t\t<div class=\"elementor-widget-container\">\n\t\t\t\t\t\t\t\t\t\t\t\t\t\t\t<img fetchpriority=\"high\" decoding=\"async\" width=\"1000\" height=\"1000\" src=\"https:\/\/oncosem.co.uk\/wp-content\/uploads\/2024\/07\/five-lumen-extension-set-check-valve-neutral-pressure-needlefree-valve_03.jpg\" class=\"attachment-full size-full wp-image-6094\" alt=\"\" srcset=\"https:\/\/oncosem.co.uk\/wp-content\/uploads\/2024\/07\/five-lumen-extension-set-check-valve-neutral-pressure-needlefree-valve_03.jpg 1000w, https:\/\/oncosem.co.uk\/wp-content\/uploads\/2024\/07\/five-lumen-extension-set-check-valve-neutral-pressure-needlefree-valve_03-300x300.jpg 300w, https:\/\/oncosem.co.uk\/wp-content\/uploads\/2024\/07\/five-lumen-extension-set-check-valve-neutral-pressure-needlefree-valve_03-150x150.jpg 150w, https:\/\/oncosem.co.uk\/wp-content\/uploads\/2024\/07\/five-lumen-extension-set-check-valve-neutral-pressure-needlefree-valve_03-768x768.jpg 768w, https:\/\/oncosem.co.uk\/wp-content\/uploads\/2024\/07\/five-lumen-extension-set-check-valve-neutral-pressure-needlefree-valve_03-250x250.jpg 250w\" sizes=\"(max-width: 1000px) 100vw, 1000px\" \/>\t\t\t\t\t\t\t\t\t\t\t\t\t\t\t<\/div>\n\t\t\t\t<\/div>\n\t\t\t\t\t<\/div>\n\t\t<\/div>\n\t\t\t\t<div class=\"elementor-column elementor-col-50 elementor-top-column elementor-element elementor-element-1a18e3c\" data-id=\"1a18e3c\" data-element_type=\"column\" data-e-type=\"column\">\n\t\t\t<div class=\"elementor-widget-wrap elementor-element-populated\">\n\t\t\t\t\t\t<div class=\"elementor-element elementor-element-ed94e58 elementor-widget elementor-widget-image\" data-id=\"ed94e58\" data-element_type=\"widget\" data-e-type=\"widget\" data-widget_type=\"image.default\">\n\t\t\t\t<div class=\"elementor-widget-container\">\n\t\t\t\t\t\t\t\t\t\t\t\t\t\t\t<img decoding=\"async\" width=\"115\" height=\"31\" src=\"https:\/\/oncosem.co.uk\/wp-content\/uploads\/2023\/01\/oncosem-setler.svg\" class=\"attachment-full size-full wp-image-2567\" alt=\"\" \/>\t\t\t\t\t\t\t\t\t\t\t\t\t\t\t<\/div>\n\t\t\t\t<\/div>\n\t\t\t\t<div class=\"elementor-element elementor-element-faf5a7d elementor-widget elementor-widget-text-editor\" data-id=\"faf5a7d\" data-element_type=\"widget\" data-e-type=\"widget\" data-widget_type=\"text-editor.default\">\n\t\t\t\t<div class=\"elementor-widget-container\">\n\t\t\t\t\t\t\t\t\t<h3>\u0130LA\u00c7 BA\u011eLANTI SET\u0130<\/h3>\t\t\t\t\t\t\t\t<\/div>\n\t\t\t\t<\/div>\n\t\t\t\t\t<\/div>\n\t\t<\/div>\n\t\t\t\t\t<\/div>\n\t\t<\/section>\n\t\t\t\t<section data-particle_enable=\"false\" data-particle-mobile-disabled=\"false\" class=\"elementor-section elementor-top-section elementor-element elementor-element-11e3225 elementor-section-boxed elementor-section-height-default elementor-section-height-default\" data-id=\"11e3225\" data-element_type=\"section\" data-e-type=\"section\">\n\t\t\t\t\t\t<div class=\"elementor-container elementor-column-gap-default\">\n\t\t\t\t\t<div class=\"elementor-column elementor-col-100 elementor-top-column elementor-element elementor-element-9b7269a\" data-id=\"9b7269a\" data-element_type=\"column\" data-e-type=\"column\">\n\t\t\t<div class=\"elementor-widget-wrap elementor-element-populated\">\n\t\t\t\t\t\t<div class=\"elementor-element elementor-element-57cc5c0 elementor-widget elementor-widget-text-editor\" data-id=\"57cc5c0\" data-element_type=\"widget\" data-e-type=\"widget\" data-widget_type=\"text-editor.default\">\n\t\t\t\t<div class=\"elementor-widget-container\">\n\t\t\t\t\t\t\t\t\t<table style=\"color: var(--ast-global-color-3); font-family: 'Open Sans', sans-serif; font-size: 1rem; width: 100%;\">\n<tbody>\n<tr>\n<td><span style=\"color: #252752;\"><strong>\u00dcr\u00fcn Kodu<\/strong><\/span><\/td>\n<td><span style=\"color: #252752;\"><b>A\u00e7\u0131klamas\u0131<\/b><\/span><\/td>\n<\/tr>\n<tr>\n<td><span style=\"color: #252752;\">ODEL050-1LNG<\/span><\/td>\n<td><span style=\"color: #252752;\">Negatif i\u011fnesiz enjeksiyon valfli tek l\u00fcmenli uzatma seti<\/span><\/td>\n<\/tr>\n<tr>\n<td><span style=\"color: #252752;\">ODEL050-1LNEUT<\/span><\/td>\n<td><span style=\"color: #252752;\">N\u00f6tr&nbsp; i\u011fnesiz enjeksiyon valfli tek l\u00fcmenli uzatma seti<\/span><\/td>\n<\/tr>\n<tr>\n<td><span style=\"color: #252752;\">ODEL050-1LP<\/span><\/td>\n<td><span style=\"color: #252752;\">Pozitif i\u011fnesiz enjeksiyon valfli tek l\u00fcmenli uzatma seti<\/span><\/td>\n<\/tr>\n<tr>\n<td><span style=\"color: #252752;\">ODEL050-1LCV-NG<\/span><\/td>\n<td><span style=\"color: #252752;\">Negatif i\u011fnesiz enjksiyon valfli \u00e7ek valfli tek l\u00fcmenli uzatma seti<\/span><\/td>\n<\/tr>\n<tr>\n<td><span style=\"color: #252752;\">ODEL050-1LCV-NEUT<\/span><\/td>\n<td><span style=\"color: #252752;\">N\u00f6tr&nbsp; i\u011fnesiz enjeksiyon valfli \u00e7ek valfli tek l\u00fcmenli uzatma seti<\/span><\/td>\n<\/tr>\n<tr>\n<td><span style=\"color: #252752;\">ODEL051-SP<\/span><\/td>\n<td><span style=\"color: #252752;\">Negatif i\u011fnesiz valfli \u00e7ift l\u00fcmenli uzatma seti<\/span><\/td>\n<\/tr>\n<tr>\n<td><span style=\"color: #252752;\">ODEL050-1LCV-P<\/span><\/td>\n<td><span style=\"color: #252752;\">N\u00f6tr i\u011fnesiz valfli \u00e7ift l\u00fcmenli uzatma seti<\/span><\/td>\n<\/tr>\n<tr>\n<td><span style=\"color: #252752;\">ODEL050-2LNG<\/span><\/td>\n<td><span style=\"color: #252752;\">Pozitif i\u011fnesiz valfli \u00e7ift l\u00fcmenli uzatma seti<\/span><\/td>\n<\/tr>\n<tr>\n<td><span style=\"color: #252752;\">ODEL050-2LNEUT<\/span><\/td>\n<td><span style=\"color: #252752;\">N\u00f6tr i\u011fnesiz enjeksiyon valfli iki l\u00fcmenli uzatma seti<\/span><\/td>\n<\/tr>\n<tr>\n<td><span style=\"color: #252752;\">ODEL050-2LP<\/span><\/td>\n<td><span style=\"color: #252752;\">Pozitif&nbsp; i\u011fnesiz enjeksiyon valfli iki l\u00fcmenli uzatma seti<\/span><\/td>\n<\/tr>\n<tr>\n<td><span style=\"color: #252752;\">ODEL050-2CV-NG<\/span><\/td>\n<td><span style=\"color: #252752;\">Negatif&nbsp; i\u011fnesiz enjksiyon valfli \u00e7ek valfli iki l\u00fcmenli uzatma seti<\/span><\/td>\n<\/tr>\n<tr>\n<td><span style=\"color: #252752;\">ODEL050-2CV-NEUT<\/span><\/td>\n<td><span style=\"color: #252752;\">N\u00f6tr&nbsp; i\u011fnesiz enjeksiyon valfli \u00e7ek valfli iki l\u00fcmenli uzatma seti<\/span><\/td>\n<\/tr>\n<tr>\n<td><span style=\"color: #252752;\">ODEL050-2CV-P<\/span><\/td>\n<td><span style=\"color: #252752;\">Pozitif i\u011fnesiz enjeksiyon valfli \u00e7ek valfli iki l\u00fcmenli uzatma seti<\/span><\/td>\n<\/tr>\n<tr>\n<td><span style=\"color: #252752;\">ODEL050-3LNG<\/span><\/td>\n<td><span style=\"color: #252752;\">Negatif&nbsp; i\u011fnesiz enjeksiyon valfli \u00fc\u00e7 l\u00fcmenli uzatma seti<\/span><\/td>\n<\/tr>\n<tr>\n<td><span style=\"color: #252752;\">ODEL050-3LNEUT<\/span><\/td>\n<td><span style=\"color: #252752;\">N\u00f6tr i\u011fnesiz enjeksiyon valfli \u00fc\u00e7 l\u00fcmenli uzatma seti<\/span><\/td>\n<\/tr>\n<tr>\n<td><span style=\"color: #252752;\">ODEL050-3LP<\/span><\/td>\n<td><span style=\"color: #252752;\">Pozitif i\u011fnesiz enjeksiyon valfli \u00fc\u00e7 l\u00fcmenli uzatma seti<\/span><\/td>\n<\/tr>\n<tr>\n<td><span style=\"color: #252752;\">ODEL050-3LCV-NG<\/span><\/td>\n<td><span style=\"color: #252752;\">Negatif&nbsp; i\u011fnesiz enjksiyon valfli \u00e7ek valfli \u00fc\u00e7 l\u00fcmenli uzatma seti<\/span><\/td>\n<\/tr>\n<tr>\n<td><span style=\"color: #252752;\">ODEL050-3LCV-NEUT<\/span><\/td>\n<td><span style=\"color: #252752;\">N\u00f6tr&nbsp; i\u011fnesiz enjeksiyon valfli \u00e7ek valfli \u00fc\u00e7 l\u00fcmenli uzatme seti<\/span><\/td>\n<\/tr>\n<tr>\n<td><span style=\"color: #252752;\">ODEL050-3LCV-P<\/span><\/td>\n<td><span style=\"color: #252752;\">Pozitif&nbsp; i\u011fnesiz enjeksiyon valfli \u00e7ek valfli \u00fc\u00e7 l\u00fcmenli uzatma seti<\/span><\/td>\n<\/tr>\n<tr>\n<td><span style=\"color: #252752;\">ODEL050-4LNG<\/span><\/td>\n<td><span style=\"color: #252752;\">Negatif i\u011fnesiz enjeksiyon valfli d\u00f6rt l\u00fcmenli uzatma seti<\/span><\/td>\n<\/tr>\n<tr>\n<td><span style=\"color: #252752;\">ODEL050-4LNEUT<\/span><\/td>\n<td><span style=\"color: #252752;\">N\u00f6tr&nbsp; i\u011fnesiz enjeksiyon valfli d\u00f6rt l\u00fcmenli uzatma seti<\/span><\/td>\n<\/tr>\n<tr>\n<td><span style=\"color: #252752;\">ODEL050-4LP<\/span><\/td>\n<td><span style=\"color: #252752;\">Pozitif&nbsp; i\u011fnesiz enjeksiyon valfli d\u00f6rt l\u00fcmenli uzatma seti<\/span><\/td>\n<\/tr>\n<tr>\n<td><span style=\"color: #252752;\">ODEL050-4LCV-NG<\/span><\/td>\n<td><span style=\"color: #252752;\">Negatif&nbsp; i\u011fnesiz enjksiyon valfli \u00e7ek valfli d\u00f6rt l\u00fcmenli uzatma seti<\/span><\/td>\n<\/tr>\n<tr>\n<td><span style=\"color: #252752;\">ODEL050-4LCV-NEUT<\/span><\/td>\n<td><span style=\"color: #252752;\">N\u00f6tr i\u011fnesiz enjeksiyon valfli \u00e7ek valfli d\u00f6rt l\u00fcmenli uzatma seti<\/span><\/td>\n<\/tr>\n<tr>\n<td><span style=\"color: #252752;\">ODEL050-4LCV-P<\/span><\/td>\n<td><span style=\"color: #252752;\">Pozitif i\u011fnesiz enjeksiyon valfli \u00e7ek valfli d\u00f6rt l\u00fcmenli uzatma seti<\/span><\/td>\n<\/tr>\n<tr>\n<td><span style=\"color: #252752;\">ODEL050-5LNG<\/span><\/td>\n<td><span style=\"color: #252752;\">Negatif i\u011fnesiz enjeksiyon valfli be\u015f l\u00fcmenli uzatma seti<\/span><\/td>\n<\/tr>\n<tr>\n<td><span style=\"color: #252752;\">ODEL050-5LNEUT<\/span><\/td>\n<td><span style=\"color: #252752;\">N\u00f6tr i\u011fnesiz enjeksiyon valfli be\u015f l\u00fcmenli uzatma seti<\/span><\/td>\n<\/tr>\n<tr>\n<td><span style=\"color: #252752;\">ODEL050-5LP<\/span><\/td>\n<td><span style=\"color: #252752;\">Pozitif&nbsp; i\u011fnesiz enjeksiyon valfli be\u015f l\u00fcmenli uzatma seti<\/span><\/td>\n<\/tr>\n<tr>\n<td><span style=\"color: #252752;\">ODEL050-5LCV-NG<\/span><\/td>\n<td><span style=\"color: #252752;\">Negatif&nbsp; i\u011fnesiz enjksiyon valfli \u00e7ek valfli be\u015f l\u00fcmenli uzatma seti<\/span><\/td>\n<\/tr>\n<tr>\n<td><span style=\"color: #252752;\">ODEL050-5LCV-NEUT<\/span><\/td>\n<td><span style=\"color: #252752;\">N\u00f6tr&nbsp; i\u011fnesiz enjeksiyon valfli \u00e7ek valfli be\u015f l\u00fcmenli uzatma seti<\/span><\/td>\n<\/tr>\n<tr>\n<td><span style=\"color: #252752;\">ODEL050-5LCV-P<\/span><\/td>\n<td><span style=\"color: #252752;\">Pozitif&nbsp; i\u011fnesiz enjeksiyon valfli \u00e7ek valfli d\u00f6rt l\u00fcmenli uzatma seti<\/span><\/td>\n<\/tr>\n<\/tbody>\n<\/table>\t\t\t\t\t\t\t\t<\/div>\n\t\t\t\t<\/div>\n\t\t\t\t\t<\/div>\n\t\t<\/div>\n\t\t\t\t\t<\/div>\n\t\t<\/section>\n\t\t\t\t<section data-particle_enable=\"false\" data-particle-mobile-disabled=\"false\" class=\"elementor-section elementor-top-section elementor-element elementor-element-ad8318b elementor-section-boxed elementor-section-height-default elementor-section-height-default\" data-id=\"ad8318b\" data-element_type=\"section\" data-e-type=\"section\" data-settings=\"{&quot;background_background&quot;:&quot;classic&quot;}\">\n\t\t\t\t\t\t<div class=\"elementor-container elementor-column-gap-default\">\n\t\t\t\t\t<div class=\"elementor-column elementor-col-50 elementor-top-column elementor-element elementor-element-51927f5\" data-id=\"51927f5\" data-element_type=\"column\" data-e-type=\"column\">\n\t\t\t<div class=\"elementor-widget-wrap elementor-element-populated\">\n\t\t\t\t\t\t<div class=\"elementor-element elementor-element-a2067ab elementor-widget elementor-widget-image\" data-id=\"a2067ab\" data-element_type=\"widget\" data-e-type=\"widget\" data-widget_type=\"image.default\">\n\t\t\t\t<div class=\"elementor-widget-container\">\n\t\t\t\t\t\t\t\t\t\t\t\t\t\t\t<img decoding=\"async\" width=\"43\" height=\"18\" src=\"https:\/\/oncosem.co.uk\/wp-content\/uploads\/2024\/02\/extension-set-logo-00.svg\" class=\"attachment-full size-full wp-image-4653\" alt=\"\" \/>\t\t\t\t\t\t\t\t\t\t\t\t\t\t\t<\/div>\n\t\t\t\t<\/div>\n\t\t\t\t\t<\/div>\n\t\t<\/div>\n\t\t\t\t<div class=\"elementor-column elementor-col-50 elementor-top-column elementor-element elementor-element-f4d2fe0\" data-id=\"f4d2fe0\" data-element_type=\"column\" data-e-type=\"column\">\n\t\t\t<div class=\"elementor-widget-wrap elementor-element-populated\">\n\t\t\t\t\t\t<div class=\"elementor-element elementor-element-58fb281 elementor-widget elementor-widget-text-editor\" data-id=\"58fb281\" data-element_type=\"widget\" data-e-type=\"widget\" data-widget_type=\"text-editor.default\">\n\t\t\t\t<div class=\"elementor-widget-container\">\n\t\t\t\t\t\t\t\t\tKullan\u0131m Endikasyonlar\u0131\t\t\t\t\t\t\t\t<\/div>\n\t\t\t\t<\/div>\n\t\t\t\t<div class=\"elementor-element elementor-element-dd44a4e elementor-widget elementor-widget-text-editor\" data-id=\"dd44a4e\" data-element_type=\"widget\" data-e-type=\"widget\" data-widget_type=\"text-editor.default\">\n\t\t\t\t<div class=\"elementor-widget-container\">\n\t\t\t\t\t\t\t\t\tUzatma seti, intraven\u00f6z tedavi s\u0131ras\u0131nda s\u0131v\u0131lar\u0131n ve ila\u00e7lar\u0131n uygulanmas\u0131 i\u00e7in kullan\u0131l\u0131r. Hastay\u0131 ve bak\u0131m personelini s\u0131v\u0131lara maruz kalmaktan ve i\u011fne batmas\u0131 yaralanmalar\u0131ndan korur.\t\t\t\t\t\t\t\t<\/div>\n\t\t\t\t<\/div>\n\t\t\t\t<div class=\"elementor-element elementor-element-8353fc0 elementor-widget elementor-widget-text-editor\" data-id=\"8353fc0\" data-element_type=\"widget\" data-e-type=\"widget\" data-widget_type=\"text-editor.default\">\n\t\t\t\t<div class=\"elementor-widget-container\">\n\t\t\t\t\t\t\t\t\t<p>Talimatlar ve \u00d6zellikleri<\/p>\t\t\t\t\t\t\t\t<\/div>\n\t\t\t\t<\/div>\n\t\t\t\t<div class=\"elementor-element elementor-element-85d4afb elementor-widget elementor-widget-text-editor\" data-id=\"85d4afb\" data-element_type=\"widget\" data-e-type=\"widget\" data-widget_type=\"text-editor.default\">\n\t\t\t\t<div class=\"elementor-widget-container\">\n\t\t\t\t\t\t\t\t\t<p>1. S\u0131v\u0131 yolu STER\u0130L ve P\u0130ROJEN\u0130K DE\u011e\u0130LD\u0130R.<br \/>2. Seti steril salin ile haz\u0131rlay\u0131n.<br \/>3. Tesis protokol\u00fcne g\u00f6re her s\u0131v\u0131 m\u00fcdahalesinden sonra IV kan\u00fcl\u00fc veya kateteri y\u0131kay\u0131n.<br \/>4. Enjekt\u00f6r\u00fc veya serum setini tak\u0131n.<br \/>5. Ameliyattan sonra, hastane politikas\u0131na veya ulusal k\u0131lavuzlara uygun \u015fekilde imha edin.<br \/>6. Set, Kan transf\u00fczyonu, Lipidler, Onkoloji, MRI prosed\u00fcrleri, Y\u00fcksek ak\u0131\u015f h\u0131z\u0131 inf\u00fczyonlar\u0131 i\u00e7in uygundur.<br \/>7. Acil cam \u015f\u0131r\u0131nga inf\u00fczyonlar\u0131 ile tamamen uyumludur.<br \/>8. Lateks, DEHP i\u00e7ermez.<br \/>9. Vask\u00fcler eri\u015fim cihazlar\u0131n\u0131n kullan\u0131ld\u0131\u011f\u0131 t\u00fcm hastalar ve t\u00fcm hasta bak\u0131m ortamlar\u0131 i\u00e7in kullan\u0131labilir.<\/p>\t\t\t\t\t\t\t\t<\/div>\n\t\t\t\t<\/div>\n\t\t\t\t\t<\/div>\n\t\t<\/div>\n\t\t\t\t\t<\/div>\n\t\t<\/section>\n\t\t\t\t<\/div>\n\t\t","protected":false},"excerpt":{"rendered":"<p>\u0130LA\u00c7 BA\u011eLANTI SET\u0130 \u0130LA\u00c7 BA\u011eLANTI SET\u0130 \u00dcr\u00fcn Kodu A\u00e7\u0131klamas\u0131 ODEL050-1LNG Negatif i\u011fnesiz enjeksiyon valfli tek l\u00fcmenli uzatma seti ODEL050-1LNEUT N\u00f6tr&nbsp; i\u011fnesiz enjeksiyon valfli tek l\u00fcmenli uzatma seti ODEL050-1LP Pozitif i\u011fnesiz enjeksiyon valfli tek l\u00fcmenli uzatma seti ODEL050-1LCV-NG Negatif i\u011fnesiz enjksiyon valfli \u00e7ek valfli tek l\u00fcmenli uzatma seti ODEL050-1LCV-NEUT N\u00f6tr&nbsp; i\u011fnesiz enjeksiyon valfli \u00e7ek valfli tek [&hellip;]<\/p>\n","protected":false},"author":1,"featured_media":0,"parent":0,"menu_order":2,"comment_status":"closed","ping_status":"closed","template":"","meta":{"inline_featured_image":false,"site-sidebar-layout":"no-sidebar","site-content-layout":"page-builder","ast-site-content-layout":"full-width-container","site-content-style":"unboxed","site-sidebar-style":"unboxed","ast-global-header-display":"","ast-banner-title-visibility":"","ast-main-header-display":"","ast-hfb-above-header-display":"","ast-hfb-below-header-display":"","ast-hfb-mobile-header-display":"","site-post-title":"disabled","ast-breadcrumbs-content":"","ast-featured-img":"disabled","footer-sml-layout":"","ast-disable-related-posts":"","theme-transparent-header-meta":"enabled","adv-header-id-meta":"","stick-header-meta":"default","header-above-stick-meta":"","header-main-stick-meta":"","header-below-stick-meta":"","astra-migrate-meta-layouts":"set","ast-page-background-enabled":"default","ast-page-background-meta":{"desktop":{"background-color":"","background-image":"","background-repeat":"repeat","background-position":"center center","background-size":"auto","background-attachment":"scroll","background-type":"","background-media":"","overlay-type":"","overlay-color":"","overlay-opacity":"","overlay-gradient":""},"tablet":{"background-color":"","background-image":"","background-repeat":"repeat","background-position":"center center","background-size":"auto","background-attachment":"scroll","background-type":"","background-media":"","overlay-type":"","overlay-color":"","overlay-opacity":"","overlay-gradient":""},"mobile":{"background-color":"","background-image":"","background-repeat":"repeat","background-position":"center center","background-size":"auto","background-attachment":"scroll","background-type":"","background-media":"","overlay-type":"","overlay-color":"","overlay-opacity":"","overlay-gradient":""}},"ast-content-background-meta":{"desktop":{"background-color":"var(--ast-global-color-5)","background-image":"","background-repeat":"repeat","background-position":"center center","background-size":"auto","background-attachment":"scroll","background-type":"","background-media":"","overlay-type":"","overlay-color":"","overlay-opacity":"","overlay-gradient":""},"tablet":{"background-color":"var(--ast-global-color-5)","background-image":"","background-repeat":"repeat","background-position":"center center","background-size":"auto","background-attachment":"scroll","background-type":"","background-media":"","overlay-type":"","overlay-color":"","overlay-opacity":"","overlay-gradient":""},"mobile":{"background-color":"var(--ast-global-color-5)","background-image":"","background-repeat":"repeat","background-position":"center center","background-size":"auto","background-attachment":"scroll","background-type":"","background-media":"","overlay-type":"","overlay-color":"","overlay-opacity":"","overlay-gradient":""}},"footnotes":""},"class_list":["post-4647","page","type-page","status-publish","hentry"],"_links":{"self":[{"href":"https:\/\/oncosem.co.uk\/tr\/wp-json\/wp\/v2\/pages\/4647","targetHints":{"allow":["GET"]}}],"collection":[{"href":"https:\/\/oncosem.co.uk\/tr\/wp-json\/wp\/v2\/pages"}],"about":[{"href":"https:\/\/oncosem.co.uk\/tr\/wp-json\/wp\/v2\/types\/page"}],"author":[{"embeddable":true,"href":"https:\/\/oncosem.co.uk\/tr\/wp-json\/wp\/v2\/users\/1"}],"replies":[{"embeddable":true,"href":"https:\/\/oncosem.co.uk\/tr\/wp-json\/wp\/v2\/comments?post=4647"}],"version-history":[{"count":4,"href":"https:\/\/oncosem.co.uk\/tr\/wp-json\/wp\/v2\/pages\/4647\/revisions"}],"predecessor-version":[{"id":6392,"href":"https:\/\/oncosem.co.uk\/tr\/wp-json\/wp\/v2\/pages\/4647\/revisions\/6392"}],"wp:attachment":[{"href":"https:\/\/oncosem.co.uk\/tr\/wp-json\/wp\/v2\/media?parent=4647"}],"curies":[{"name":"wp","href":"https:\/\/api.w.org\/{rel}","templated":true}]}}