{"id":4695,"date":"2024-02-05T17:15:27","date_gmt":"2024-02-05T17:15:27","guid":{"rendered":"https:\/\/oncosem.co.uk\/?page_id=4695"},"modified":"2024-08-11T18:38:12","modified_gmt":"2024-08-11T18:38:12","slug":"stopcock-uzatma-seti","status":"publish","type":"page","link":"https:\/\/oncosem.co.uk\/tr\/stopcock-uzatma-seti\/","title":{"rendered":"Stopcock Uzatma Seti"},"content":{"rendered":"\t\t<div data-elementor-type=\"wp-page\" data-elementor-id=\"4695\" class=\"elementor elementor-4695\" data-elementor-post-type=\"page\">\n\t\t\t\t\t\t<section data-particle_enable=\"false\" data-particle-mobile-disabled=\"false\" class=\"elementor-section elementor-top-section elementor-element elementor-element-3ca7880f elementor-section-boxed elementor-section-height-default elementor-section-height-default\" data-id=\"3ca7880f\" data-element_type=\"section\" data-e-type=\"section\" data-settings=\"{&quot;background_background&quot;:&quot;classic&quot;}\">\n\t\t\t\t\t\t\t<div class=\"elementor-background-overlay\"><\/div>\n\t\t\t\t\t\t\t<div class=\"elementor-container elementor-column-gap-no\">\n\t\t\t\t\t<div class=\"elementor-column elementor-col-50 elementor-top-column elementor-element elementor-element-514371cb\" data-id=\"514371cb\" data-element_type=\"column\" data-e-type=\"column\">\n\t\t\t<div class=\"elementor-widget-wrap elementor-element-populated\">\n\t\t\t\t\t\t<div class=\"elementor-element elementor-element-78245a66 elementor-widget elementor-widget-image\" data-id=\"78245a66\" data-element_type=\"widget\" data-e-type=\"widget\" data-widget_type=\"image.default\">\n\t\t\t\t<div class=\"elementor-widget-container\">\n\t\t\t\t\t\t\t\t\t\t\t\t\t\t\t<img decoding=\"async\" width=\"115\" height=\"31\" src=\"https:\/\/oncosem.co.uk\/wp-content\/uploads\/2023\/01\/oncosem-setler.svg\" class=\"attachment-full size-full wp-image-2567\" alt=\"\" \/>\t\t\t\t\t\t\t\t\t\t\t\t\t\t\t<\/div>\n\t\t\t\t<\/div>\n\t\t\t\t\t<\/div>\n\t\t<\/div>\n\t\t\t\t<div class=\"elementor-column elementor-col-50 elementor-top-column elementor-element elementor-element-730c7656\" data-id=\"730c7656\" data-element_type=\"column\" data-e-type=\"column\">\n\t\t\t<div class=\"elementor-widget-wrap elementor-element-populated\">\n\t\t\t\t\t\t<div class=\"elementor-element elementor-element-19a706fd elementor-widget elementor-widget-text-editor\" data-id=\"19a706fd\" data-element_type=\"widget\" data-e-type=\"widget\" data-widget_type=\"text-editor.default\">\n\t\t\t\t<div class=\"elementor-widget-container\">\n\t\t\t\t\t\t\t\t\t<span style=\"color: #303358;\">STOPCOCK UZATMA SET\u0130<\/span>\t\t\t\t\t\t\t\t<\/div>\n\t\t\t\t<\/div>\n\t\t\t\t\t<\/div>\n\t\t<\/div>\n\t\t\t\t\t<\/div>\n\t\t<\/section>\n\t\t\t\t<section data-particle_enable=\"false\" data-particle-mobile-disabled=\"false\" class=\"elementor-section elementor-top-section elementor-element elementor-element-a1f2d39 elementor-section-boxed elementor-section-height-default elementor-section-height-default\" data-id=\"a1f2d39\" data-element_type=\"section\" data-e-type=\"section\" data-settings=\"{&quot;background_background&quot;:&quot;classic&quot;}\">\n\t\t\t\t\t\t<div class=\"elementor-container elementor-column-gap-default\">\n\t\t\t\t\t<div class=\"elementor-column elementor-col-100 elementor-top-column elementor-element elementor-element-392dc76\" data-id=\"392dc76\" data-element_type=\"column\" data-e-type=\"column\">\n\t\t\t<div class=\"elementor-widget-wrap elementor-element-populated\">\n\t\t\t\t\t\t<div class=\"elementor-element elementor-element-eb2afbe elementor-grid-3 elementor-grid-tablet-3 elementor-grid-mobile-2 elementor-products-grid elementor-wc-products elementor-widget elementor-widget-woocommerce-products\" data-id=\"eb2afbe\" data-element_type=\"widget\" data-e-type=\"widget\" data-widget_type=\"woocommerce-products.default\">\n\t\t\t\t<div class=\"elementor-widget-container\">\n\t\t\t\t\t<div class=\"woocommerce columns-3 \"><ul class=\"products elementor-grid columns-3\">\n<li class=\"desktop-align-center tablet-align-center mobile-align-center ast-product-gallery-layout-horizontal-slider ast-product-tabs-layout-horizontal product type-product post-6181 status-publish first instock product_cat-stopcock has-post-thumbnail shipping-taxable product-type-simple\">\n\t<a href=\"https:\/\/oncosem.co.uk\/tr\/urun\/negatif-ignesiz-enjeksiyon-valfi-3-yollu-stopcock\/\" class=\"woocommerce-LoopProduct-link woocommerce-loop-product__link\"><img fetchpriority=\"high\" decoding=\"async\" width=\"1000\" height=\"1000\" src=\"https:\/\/oncosem.co.uk\/wp-content\/uploads\/2024\/07\/3-way-stopcock-with-negative-needlefree-injection-valve_01.jpg\" class=\"attachment-woocommerce_thumbnail size-woocommerce_thumbnail\" alt=\"Negatif \u0130\u011fnesiz Enjeksiyon Valfi 3-Yollu Stopcock\" srcset=\"https:\/\/oncosem.co.uk\/wp-content\/uploads\/2024\/07\/3-way-stopcock-with-negative-needlefree-injection-valve_01.jpg 1000w, https:\/\/oncosem.co.uk\/wp-content\/uploads\/2024\/07\/3-way-stopcock-with-negative-needlefree-injection-valve_01-300x300.jpg 300w, https:\/\/oncosem.co.uk\/wp-content\/uploads\/2024\/07\/3-way-stopcock-with-negative-needlefree-injection-valve_01-150x150.jpg 150w, https:\/\/oncosem.co.uk\/wp-content\/uploads\/2024\/07\/3-way-stopcock-with-negative-needlefree-injection-valve_01-768x768.jpg 768w, https:\/\/oncosem.co.uk\/wp-content\/uploads\/2024\/07\/3-way-stopcock-with-negative-needlefree-injection-valve_01-250x250.jpg 250w\" sizes=\"(max-width: 1000px) 100vw, 1000px\" \/><img decoding=\"async\" width=\"1000\" height=\"1000\" src=\"https:\/\/oncosem.co.uk\/wp-content\/uploads\/2024\/07\/3-way-stopcock-with-negative-needlefree-injection-valve_02.jpg\" class=\"show-on-hover\" alt=\"\" srcset=\"https:\/\/oncosem.co.uk\/wp-content\/uploads\/2024\/07\/3-way-stopcock-with-negative-needlefree-injection-valve_02.jpg 1000w, https:\/\/oncosem.co.uk\/wp-content\/uploads\/2024\/07\/3-way-stopcock-with-negative-needlefree-injection-valve_02-300x300.jpg 300w, https:\/\/oncosem.co.uk\/wp-content\/uploads\/2024\/07\/3-way-stopcock-with-negative-needlefree-injection-valve_02-150x150.jpg 150w, https:\/\/oncosem.co.uk\/wp-content\/uploads\/2024\/07\/3-way-stopcock-with-negative-needlefree-injection-valve_02-768x768.jpg 768w, https:\/\/oncosem.co.uk\/wp-content\/uploads\/2024\/07\/3-way-stopcock-with-negative-needlefree-injection-valve_02-250x250.jpg 250w\" sizes=\"(max-width: 1000px) 100vw, 1000px\" \/><h2 class=\"woocommerce-loop-product__title\">Negatif \u0130\u011fnesiz Enjeksiyon Valfi 3-Yollu Stopcock<\/h2>\n<\/a><a href=\"https:\/\/oncosem.co.uk\/tr\/urun\/negatif-ignesiz-enjeksiyon-valfi-3-yollu-stopcock\/\" aria-describedby=\"woocommerce_loop_add_to_cart_link_describedby_6181\" data-quantity=\"1\" class=\"button product_type_simple \" data-product_id=\"6181\" data-product_sku=\"\" aria-label=\"&ldquo;Negatif \u0130\u011fnesiz Enjeksiyon Valfi 3-Yollu Stopcock&rdquo; hakk\u0131nda daha fazla bilgi edinin\" rel=\"nofollow\" data-success_message=\"\">Devam\u0131n\u0131 oku<\/a>\t<span id=\"woocommerce_loop_add_to_cart_link_describedby_6181\" class=\"screen-reader-text\">\n\t\t\t<\/span>\n<\/li>\n<li class=\"desktop-align-center tablet-align-center mobile-align-center ast-product-gallery-layout-horizontal-slider ast-product-tabs-layout-horizontal product type-product post-6192 status-publish instock product_cat-stopcock has-post-thumbnail shipping-taxable product-type-simple\">\n\t<a href=\"https:\/\/oncosem.co.uk\/tr\/urun\/notr-ignesiz-enjeksiyon-valfi-3-yollu-stopcock\/\" class=\"woocommerce-LoopProduct-link woocommerce-loop-product__link\"><img loading=\"lazy\" decoding=\"async\" width=\"1000\" height=\"1000\" src=\"https:\/\/oncosem.co.uk\/wp-content\/uploads\/2024\/07\/3-way-stopcock-with-neutral-needlefree-injection-valve_01.jpg\" class=\"attachment-woocommerce_thumbnail size-woocommerce_thumbnail\" alt=\"N\u00f6tr \u0130\u011fnesiz Enjeksiyon Valfi 3-Yollu Stopcock\" srcset=\"https:\/\/oncosem.co.uk\/wp-content\/uploads\/2024\/07\/3-way-stopcock-with-neutral-needlefree-injection-valve_01.jpg 1000w, https:\/\/oncosem.co.uk\/wp-content\/uploads\/2024\/07\/3-way-stopcock-with-neutral-needlefree-injection-valve_01-300x300.jpg 300w, https:\/\/oncosem.co.uk\/wp-content\/uploads\/2024\/07\/3-way-stopcock-with-neutral-needlefree-injection-valve_01-150x150.jpg 150w, https:\/\/oncosem.co.uk\/wp-content\/uploads\/2024\/07\/3-way-stopcock-with-neutral-needlefree-injection-valve_01-768x768.jpg 768w, https:\/\/oncosem.co.uk\/wp-content\/uploads\/2024\/07\/3-way-stopcock-with-neutral-needlefree-injection-valve_01-250x250.jpg 250w\" sizes=\"(max-width: 1000px) 100vw, 1000px\" \/><img loading=\"lazy\" decoding=\"async\" width=\"1000\" height=\"1000\" src=\"https:\/\/oncosem.co.uk\/wp-content\/uploads\/2024\/07\/3-way-stopcock-with-neutral-needlefree-injection-valve_02.jpg\" class=\"show-on-hover\" alt=\"\" srcset=\"https:\/\/oncosem.co.uk\/wp-content\/uploads\/2024\/07\/3-way-stopcock-with-neutral-needlefree-injection-valve_02.jpg 1000w, https:\/\/oncosem.co.uk\/wp-content\/uploads\/2024\/07\/3-way-stopcock-with-neutral-needlefree-injection-valve_02-300x300.jpg 300w, https:\/\/oncosem.co.uk\/wp-content\/uploads\/2024\/07\/3-way-stopcock-with-neutral-needlefree-injection-valve_02-150x150.jpg 150w, https:\/\/oncosem.co.uk\/wp-content\/uploads\/2024\/07\/3-way-stopcock-with-neutral-needlefree-injection-valve_02-768x768.jpg 768w, https:\/\/oncosem.co.uk\/wp-content\/uploads\/2024\/07\/3-way-stopcock-with-neutral-needlefree-injection-valve_02-250x250.jpg 250w\" sizes=\"(max-width: 1000px) 100vw, 1000px\" \/><h2 class=\"woocommerce-loop-product__title\">N\u00f6tr \u0130\u011fnesiz Enjeksiyon Valfi 3-Yollu Stopcock<\/h2>\n<\/a><a href=\"https:\/\/oncosem.co.uk\/tr\/urun\/notr-ignesiz-enjeksiyon-valfi-3-yollu-stopcock\/\" aria-describedby=\"woocommerce_loop_add_to_cart_link_describedby_6192\" data-quantity=\"1\" class=\"button product_type_simple \" data-product_id=\"6192\" data-product_sku=\"\" aria-label=\"&ldquo;N\u00f6tr \u0130\u011fnesiz Enjeksiyon Valfi 3-Yollu Stopcock&rdquo; hakk\u0131nda daha fazla bilgi edinin\" rel=\"nofollow\" data-success_message=\"\">Devam\u0131n\u0131 oku<\/a>\t<span id=\"woocommerce_loop_add_to_cart_link_describedby_6192\" class=\"screen-reader-text\">\n\t\t\t<\/span>\n<\/li>\n<li class=\"desktop-align-center tablet-align-center mobile-align-center ast-product-gallery-layout-horizontal-slider ast-product-tabs-layout-horizontal product type-product post-6200 status-publish last instock product_cat-stopcock has-post-thumbnail shipping-taxable product-type-simple\">\n\t<a href=\"https:\/\/oncosem.co.uk\/tr\/urun\/pozitif-ignesiz-enjeksiyon-valfi-3-yollu-stopcock\/\" class=\"woocommerce-LoopProduct-link woocommerce-loop-product__link\"><img loading=\"lazy\" decoding=\"async\" width=\"1000\" height=\"1000\" src=\"https:\/\/oncosem.co.uk\/wp-content\/uploads\/2024\/07\/3-way-stopcock-with-positive-needlefree-injection-valve_01.jpg\" class=\"attachment-woocommerce_thumbnail size-woocommerce_thumbnail\" alt=\"Pozitif \u0130\u011fnesiz Enjeksiyon Valfi 3-Yollu Stopcock\" srcset=\"https:\/\/oncosem.co.uk\/wp-content\/uploads\/2024\/07\/3-way-stopcock-with-positive-needlefree-injection-valve_01.jpg 1000w, https:\/\/oncosem.co.uk\/wp-content\/uploads\/2024\/07\/3-way-stopcock-with-positive-needlefree-injection-valve_01-300x300.jpg 300w, https:\/\/oncosem.co.uk\/wp-content\/uploads\/2024\/07\/3-way-stopcock-with-positive-needlefree-injection-valve_01-150x150.jpg 150w, https:\/\/oncosem.co.uk\/wp-content\/uploads\/2024\/07\/3-way-stopcock-with-positive-needlefree-injection-valve_01-768x768.jpg 768w, https:\/\/oncosem.co.uk\/wp-content\/uploads\/2024\/07\/3-way-stopcock-with-positive-needlefree-injection-valve_01-250x250.jpg 250w\" sizes=\"(max-width: 1000px) 100vw, 1000px\" \/><img loading=\"lazy\" decoding=\"async\" width=\"1000\" height=\"1000\" src=\"https:\/\/oncosem.co.uk\/wp-content\/uploads\/2024\/07\/3-way-stopcock-with-positive-needlefree-injection-valve_02.jpg\" class=\"show-on-hover\" alt=\"\" srcset=\"https:\/\/oncosem.co.uk\/wp-content\/uploads\/2024\/07\/3-way-stopcock-with-positive-needlefree-injection-valve_02.jpg 1000w, https:\/\/oncosem.co.uk\/wp-content\/uploads\/2024\/07\/3-way-stopcock-with-positive-needlefree-injection-valve_02-300x300.jpg 300w, https:\/\/oncosem.co.uk\/wp-content\/uploads\/2024\/07\/3-way-stopcock-with-positive-needlefree-injection-valve_02-150x150.jpg 150w, https:\/\/oncosem.co.uk\/wp-content\/uploads\/2024\/07\/3-way-stopcock-with-positive-needlefree-injection-valve_02-768x768.jpg 768w, https:\/\/oncosem.co.uk\/wp-content\/uploads\/2024\/07\/3-way-stopcock-with-positive-needlefree-injection-valve_02-250x250.jpg 250w\" sizes=\"(max-width: 1000px) 100vw, 1000px\" \/><h2 class=\"woocommerce-loop-product__title\">Pozitif \u0130\u011fnesiz Enjeksiyon Valfi 3-Yollu Stopcock<\/h2>\n<\/a><a href=\"https:\/\/oncosem.co.uk\/tr\/urun\/pozitif-ignesiz-enjeksiyon-valfi-3-yollu-stopcock\/\" aria-describedby=\"woocommerce_loop_add_to_cart_link_describedby_6200\" data-quantity=\"1\" class=\"button product_type_simple \" data-product_id=\"6200\" data-product_sku=\"\" aria-label=\"&ldquo;Pozitif \u0130\u011fnesiz Enjeksiyon Valfi 3-Yollu Stopcock&rdquo; hakk\u0131nda daha fazla bilgi edinin\" rel=\"nofollow\" data-success_message=\"\">Devam\u0131n\u0131 oku<\/a>\t<span id=\"woocommerce_loop_add_to_cart_link_describedby_6200\" class=\"screen-reader-text\">\n\t\t\t<\/span>\n<\/li>\n<li class=\"desktop-align-center tablet-align-center mobile-align-center ast-product-gallery-layout-horizontal-slider ast-product-tabs-layout-horizontal product type-product post-6214 status-publish first instock product_cat-stopcock has-post-thumbnail shipping-taxable product-type-simple\">\n\t<a href=\"https:\/\/oncosem.co.uk\/tr\/urun\/negatif-ignesiz-enjeksiyon-valfi-3-yollu-stopcock-uzatma-seti\/\" class=\"woocommerce-LoopProduct-link woocommerce-loop-product__link\"><img loading=\"lazy\" decoding=\"async\" width=\"1000\" height=\"1000\" src=\"https:\/\/oncosem.co.uk\/wp-content\/uploads\/2024\/07\/3-way-stopcock-with-negative-needlefree-injection-valve-extension-set_01.jpg\" class=\"attachment-woocommerce_thumbnail size-woocommerce_thumbnail\" alt=\"Negatif \u0130\u011fnesiz Enjeksiyon Valfi 3-Yollu Stopcock Uzatma Seti\" srcset=\"https:\/\/oncosem.co.uk\/wp-content\/uploads\/2024\/07\/3-way-stopcock-with-negative-needlefree-injection-valve-extension-set_01.jpg 1000w, https:\/\/oncosem.co.uk\/wp-content\/uploads\/2024\/07\/3-way-stopcock-with-negative-needlefree-injection-valve-extension-set_01-300x300.jpg 300w, https:\/\/oncosem.co.uk\/wp-content\/uploads\/2024\/07\/3-way-stopcock-with-negative-needlefree-injection-valve-extension-set_01-150x150.jpg 150w, https:\/\/oncosem.co.uk\/wp-content\/uploads\/2024\/07\/3-way-stopcock-with-negative-needlefree-injection-valve-extension-set_01-768x768.jpg 768w, https:\/\/oncosem.co.uk\/wp-content\/uploads\/2024\/07\/3-way-stopcock-with-negative-needlefree-injection-valve-extension-set_01-250x250.jpg 250w\" sizes=\"(max-width: 1000px) 100vw, 1000px\" \/><img loading=\"lazy\" decoding=\"async\" width=\"1000\" height=\"1000\" src=\"https:\/\/oncosem.co.uk\/wp-content\/uploads\/2024\/07\/3-way-stopcock-with-negative-needlefree-injection-valve-extension-set_02.jpg\" class=\"show-on-hover\" alt=\"\" srcset=\"https:\/\/oncosem.co.uk\/wp-content\/uploads\/2024\/07\/3-way-stopcock-with-negative-needlefree-injection-valve-extension-set_02.jpg 1000w, https:\/\/oncosem.co.uk\/wp-content\/uploads\/2024\/07\/3-way-stopcock-with-negative-needlefree-injection-valve-extension-set_02-300x300.jpg 300w, https:\/\/oncosem.co.uk\/wp-content\/uploads\/2024\/07\/3-way-stopcock-with-negative-needlefree-injection-valve-extension-set_02-150x150.jpg 150w, https:\/\/oncosem.co.uk\/wp-content\/uploads\/2024\/07\/3-way-stopcock-with-negative-needlefree-injection-valve-extension-set_02-768x768.jpg 768w, https:\/\/oncosem.co.uk\/wp-content\/uploads\/2024\/07\/3-way-stopcock-with-negative-needlefree-injection-valve-extension-set_02-250x250.jpg 250w\" sizes=\"(max-width: 1000px) 100vw, 1000px\" \/><h2 class=\"woocommerce-loop-product__title\">Negatif \u0130\u011fnesiz Enjeksiyon Valfi 3-Yollu Stopcock Uzatma Seti<\/h2>\n<\/a><a href=\"https:\/\/oncosem.co.uk\/tr\/urun\/negatif-ignesiz-enjeksiyon-valfi-3-yollu-stopcock-uzatma-seti\/\" aria-describedby=\"woocommerce_loop_add_to_cart_link_describedby_6214\" data-quantity=\"1\" class=\"button product_type_simple \" data-product_id=\"6214\" data-product_sku=\"\" aria-label=\"&ldquo;Negatif \u0130\u011fnesiz Enjeksiyon Valfi 3-Yollu Stopcock Uzatma Seti&rdquo; hakk\u0131nda daha fazla bilgi edinin\" rel=\"nofollow\" data-success_message=\"\">Devam\u0131n\u0131 oku<\/a>\t<span id=\"woocommerce_loop_add_to_cart_link_describedby_6214\" class=\"screen-reader-text\">\n\t\t\t<\/span>\n<\/li>\n<li class=\"desktop-align-center tablet-align-center mobile-align-center ast-product-gallery-layout-horizontal-slider ast-product-tabs-layout-horizontal product type-product post-6222 status-publish instock product_cat-stopcock has-post-thumbnail shipping-taxable product-type-simple\">\n\t<a href=\"https:\/\/oncosem.co.uk\/tr\/urun\/notr-ignesiz-enjeksiyon-valfi-3-yollu-stopcock-uzatma-seti\/\" class=\"woocommerce-LoopProduct-link woocommerce-loop-product__link\"><img loading=\"lazy\" decoding=\"async\" width=\"1000\" height=\"1000\" src=\"https:\/\/oncosem.co.uk\/wp-content\/uploads\/2024\/07\/3-way-stopcock-with-neutral-needlefree-injection-valve-extension-set_01.jpg\" class=\"attachment-woocommerce_thumbnail size-woocommerce_thumbnail\" alt=\"N\u00f6tr \u0130\u011fnesiz Enjeksiyon Valfi 3-Yollu Stopcock Uzatma Seti\" srcset=\"https:\/\/oncosem.co.uk\/wp-content\/uploads\/2024\/07\/3-way-stopcock-with-neutral-needlefree-injection-valve-extension-set_01.jpg 1000w, https:\/\/oncosem.co.uk\/wp-content\/uploads\/2024\/07\/3-way-stopcock-with-neutral-needlefree-injection-valve-extension-set_01-300x300.jpg 300w, https:\/\/oncosem.co.uk\/wp-content\/uploads\/2024\/07\/3-way-stopcock-with-neutral-needlefree-injection-valve-extension-set_01-150x150.jpg 150w, https:\/\/oncosem.co.uk\/wp-content\/uploads\/2024\/07\/3-way-stopcock-with-neutral-needlefree-injection-valve-extension-set_01-768x768.jpg 768w, https:\/\/oncosem.co.uk\/wp-content\/uploads\/2024\/07\/3-way-stopcock-with-neutral-needlefree-injection-valve-extension-set_01-250x250.jpg 250w\" sizes=\"(max-width: 1000px) 100vw, 1000px\" \/><img loading=\"lazy\" decoding=\"async\" width=\"1000\" height=\"1000\" src=\"https:\/\/oncosem.co.uk\/wp-content\/uploads\/2024\/07\/3-way-stopcock-with-neutral-needlefree-injection-valve-extension-set_02.jpg\" class=\"show-on-hover\" alt=\"\" srcset=\"https:\/\/oncosem.co.uk\/wp-content\/uploads\/2024\/07\/3-way-stopcock-with-neutral-needlefree-injection-valve-extension-set_02.jpg 1000w, https:\/\/oncosem.co.uk\/wp-content\/uploads\/2024\/07\/3-way-stopcock-with-neutral-needlefree-injection-valve-extension-set_02-300x300.jpg 300w, https:\/\/oncosem.co.uk\/wp-content\/uploads\/2024\/07\/3-way-stopcock-with-neutral-needlefree-injection-valve-extension-set_02-150x150.jpg 150w, https:\/\/oncosem.co.uk\/wp-content\/uploads\/2024\/07\/3-way-stopcock-with-neutral-needlefree-injection-valve-extension-set_02-768x768.jpg 768w, https:\/\/oncosem.co.uk\/wp-content\/uploads\/2024\/07\/3-way-stopcock-with-neutral-needlefree-injection-valve-extension-set_02-250x250.jpg 250w\" sizes=\"(max-width: 1000px) 100vw, 1000px\" \/><h2 class=\"woocommerce-loop-product__title\">N\u00f6tr \u0130\u011fnesiz Enjeksiyon Valfi 3-Yollu Stopcock Uzatma Seti<\/h2>\n<\/a><a href=\"https:\/\/oncosem.co.uk\/tr\/urun\/notr-ignesiz-enjeksiyon-valfi-3-yollu-stopcock-uzatma-seti\/\" aria-describedby=\"woocommerce_loop_add_to_cart_link_describedby_6222\" data-quantity=\"1\" class=\"button product_type_simple \" data-product_id=\"6222\" data-product_sku=\"\" aria-label=\"&ldquo;N\u00f6tr \u0130\u011fnesiz Enjeksiyon Valfi 3-Yollu Stopcock Uzatma Seti&rdquo; hakk\u0131nda daha fazla bilgi edinin\" rel=\"nofollow\" data-success_message=\"\">Devam\u0131n\u0131 oku<\/a>\t<span id=\"woocommerce_loop_add_to_cart_link_describedby_6222\" class=\"screen-reader-text\">\n\t\t\t<\/span>\n<\/li>\n<li class=\"desktop-align-center tablet-align-center mobile-align-center ast-product-gallery-layout-horizontal-slider ast-product-tabs-layout-horizontal product type-product post-6228 status-publish last instock product_cat-stopcock has-post-thumbnail shipping-taxable product-type-simple\">\n\t<a href=\"https:\/\/oncosem.co.uk\/tr\/urun\/pozitif-ignesiz-enjeksiyon-valfi-3-yollu-stopcock-uzatma-seti\/\" class=\"woocommerce-LoopProduct-link woocommerce-loop-product__link\"><img loading=\"lazy\" decoding=\"async\" width=\"1000\" height=\"1000\" src=\"https:\/\/oncosem.co.uk\/wp-content\/uploads\/2024\/07\/3-way-stopcock-with-positive-needlefree-injection-valve-extension-set_01.jpg\" class=\"attachment-woocommerce_thumbnail size-woocommerce_thumbnail\" alt=\"Pozitif \u0130\u011fnesiz Enjeksiyon Valfi 3-Yollu Stopcock Uzatma Seti\" srcset=\"https:\/\/oncosem.co.uk\/wp-content\/uploads\/2024\/07\/3-way-stopcock-with-positive-needlefree-injection-valve-extension-set_01.jpg 1000w, https:\/\/oncosem.co.uk\/wp-content\/uploads\/2024\/07\/3-way-stopcock-with-positive-needlefree-injection-valve-extension-set_01-300x300.jpg 300w, https:\/\/oncosem.co.uk\/wp-content\/uploads\/2024\/07\/3-way-stopcock-with-positive-needlefree-injection-valve-extension-set_01-150x150.jpg 150w, https:\/\/oncosem.co.uk\/wp-content\/uploads\/2024\/07\/3-way-stopcock-with-positive-needlefree-injection-valve-extension-set_01-768x768.jpg 768w, https:\/\/oncosem.co.uk\/wp-content\/uploads\/2024\/07\/3-way-stopcock-with-positive-needlefree-injection-valve-extension-set_01-250x250.jpg 250w\" sizes=\"(max-width: 1000px) 100vw, 1000px\" \/><img loading=\"lazy\" decoding=\"async\" width=\"1000\" height=\"1000\" src=\"https:\/\/oncosem.co.uk\/wp-content\/uploads\/2024\/07\/3-way-stopcock-with-positive-needlefree-injection-valve-extension-set_02.jpg\" class=\"show-on-hover\" alt=\"\" srcset=\"https:\/\/oncosem.co.uk\/wp-content\/uploads\/2024\/07\/3-way-stopcock-with-positive-needlefree-injection-valve-extension-set_02.jpg 1000w, https:\/\/oncosem.co.uk\/wp-content\/uploads\/2024\/07\/3-way-stopcock-with-positive-needlefree-injection-valve-extension-set_02-300x300.jpg 300w, https:\/\/oncosem.co.uk\/wp-content\/uploads\/2024\/07\/3-way-stopcock-with-positive-needlefree-injection-valve-extension-set_02-150x150.jpg 150w, https:\/\/oncosem.co.uk\/wp-content\/uploads\/2024\/07\/3-way-stopcock-with-positive-needlefree-injection-valve-extension-set_02-768x768.jpg 768w, https:\/\/oncosem.co.uk\/wp-content\/uploads\/2024\/07\/3-way-stopcock-with-positive-needlefree-injection-valve-extension-set_02-250x250.jpg 250w\" sizes=\"(max-width: 1000px) 100vw, 1000px\" \/><h2 class=\"woocommerce-loop-product__title\">Pozitif \u0130\u011fnesiz Enjeksiyon Valfi 3-Yollu Stopcock Uzatma Seti<\/h2>\n<\/a><a href=\"https:\/\/oncosem.co.uk\/tr\/urun\/pozitif-ignesiz-enjeksiyon-valfi-3-yollu-stopcock-uzatma-seti\/\" aria-describedby=\"woocommerce_loop_add_to_cart_link_describedby_6228\" data-quantity=\"1\" class=\"button product_type_simple \" data-product_id=\"6228\" data-product_sku=\"\" aria-label=\"&ldquo;Pozitif \u0130\u011fnesiz Enjeksiyon Valfi 3-Yollu Stopcock Uzatma Seti&rdquo; hakk\u0131nda daha fazla bilgi edinin\" rel=\"nofollow\" data-success_message=\"\">Devam\u0131n\u0131 oku<\/a>\t<span id=\"woocommerce_loop_add_to_cart_link_describedby_6228\" class=\"screen-reader-text\">\n\t\t\t<\/span>\n<\/li>\n<\/ul>\n<\/div>\t\t\t\t<\/div>\n\t\t\t\t<\/div>\n\t\t\t\t\t<\/div>\n\t\t<\/div>\n\t\t\t\t\t<\/div>\n\t\t<\/section>\n\t\t\t\t<\/div>\n\t\t","protected":false},"excerpt":{"rendered":"<p>STOPCOCK UZATMA SET\u0130<\/p>\n","protected":false},"author":1,"featured_media":0,"parent":0,"menu_order":2,"comment_status":"closed","ping_status":"closed","template":"","meta":{"inline_featured_image":false,"site-sidebar-layout":"no-sidebar","site-content-layout":"page-builder","ast-site-content-layout":"full-width-container","site-content-style":"unboxed","site-sidebar-style":"unboxed","ast-global-header-display":"","ast-banner-title-visibility":"","ast-main-header-display":"","ast-hfb-above-header-display":"","ast-hfb-below-header-display":"","ast-hfb-mobile-header-display":"","site-post-title":"disabled","ast-breadcrumbs-content":"","ast-featured-img":"disabled","footer-sml-layout":"","ast-disable-related-posts":"","theme-transparent-header-meta":"enabled","adv-header-id-meta":"","stick-header-meta":"default","header-above-stick-meta":"","header-main-stick-meta":"","header-below-stick-meta":"","astra-migrate-meta-layouts":"set","ast-page-background-enabled":"default","ast-page-background-meta":{"desktop":{"background-color":"","background-image":"","background-repeat":"repeat","background-position":"center center","background-size":"auto","background-attachment":"scroll","background-type":"","background-media":"","overlay-type":"","overlay-color":"","overlay-opacity":"","overlay-gradient":""},"tablet":{"background-color":"","background-image":"","background-repeat":"repeat","background-position":"center center","background-size":"auto","background-attachment":"scroll","background-type":"","background-media":"","overlay-type":"","overlay-color":"","overlay-opacity":"","overlay-gradient":""},"mobile":{"background-color":"","background-image":"","background-repeat":"repeat","background-position":"center center","background-size":"auto","background-attachment":"scroll","background-type":"","background-media":"","overlay-type":"","overlay-color":"","overlay-opacity":"","overlay-gradient":""}},"ast-content-background-meta":{"desktop":{"background-color":"var(--ast-global-color-5)","background-image":"","background-repeat":"repeat","background-position":"center center","background-size":"auto","background-attachment":"scroll","background-type":"","background-media":"","overlay-type":"","overlay-color":"","overlay-opacity":"","overlay-gradient":""},"tablet":{"background-color":"var(--ast-global-color-5)","background-image":"","background-repeat":"repeat","background-position":"center center","background-size":"auto","background-attachment":"scroll","background-type":"","background-media":"","overlay-type":"","overlay-color":"","overlay-opacity":"","overlay-gradient":""},"mobile":{"background-color":"var(--ast-global-color-5)","background-image":"","background-repeat":"repeat","background-position":"center center","background-size":"auto","background-attachment":"scroll","background-type":"","background-media":"","overlay-type":"","overlay-color":"","overlay-opacity":"","overlay-gradient":""}},"footnotes":""},"class_list":["post-4695","page","type-page","status-publish","hentry"],"_links":{"self":[{"href":"https:\/\/oncosem.co.uk\/tr\/wp-json\/wp\/v2\/pages\/4695","targetHints":{"allow":["GET"]}}],"collection":[{"href":"https:\/\/oncosem.co.uk\/tr\/wp-json\/wp\/v2\/pages"}],"about":[{"href":"https:\/\/oncosem.co.uk\/tr\/wp-json\/wp\/v2\/types\/page"}],"author":[{"embeddable":true,"href":"https:\/\/oncosem.co.uk\/tr\/wp-json\/wp\/v2\/users\/1"}],"replies":[{"embeddable":true,"href":"https:\/\/oncosem.co.uk\/tr\/wp-json\/wp\/v2\/comments?post=4695"}],"version-history":[{"count":4,"href":"https:\/\/oncosem.co.uk\/tr\/wp-json\/wp\/v2\/pages\/4695\/revisions"}],"predecessor-version":[{"id":6292,"href":"https:\/\/oncosem.co.uk\/tr\/wp-json\/wp\/v2\/pages\/4695\/revisions\/6292"}],"wp:attachment":[{"href":"https:\/\/oncosem.co.uk\/tr\/wp-json\/wp\/v2\/media?parent=4695"}],"curies":[{"name":"wp","href":"https:\/\/api.w.org\/{rel}","templated":true}]}}