{"id":4782,"date":"2024-02-06T19:51:32","date_gmt":"2024-02-06T19:51:32","guid":{"rendered":"https:\/\/oncosem.co.uk\/sustainability-social-values\/"},"modified":"2024-02-06T20:33:38","modified_gmt":"2024-02-06T20:33:38","slug":"surdurulebilirlik-ve-sosyal-degerler","status":"publish","type":"page","link":"https:\/\/oncosem.co.uk\/tr\/surdurulebilirlik-ve-sosyal-degerler\/","title":{"rendered":"S\u00fcrd\u00fcr\u00fclebilirlik ve Sosyal De\u011ferler"},"content":{"rendered":"\t\t<div data-elementor-type=\"wp-page\" data-elementor-id=\"4782\" class=\"elementor elementor-4782 elementor-4774\" data-elementor-post-type=\"page\">\n\t\t\t\t\t\t<section data-particle_enable=\"false\" data-particle-mobile-disabled=\"false\" class=\"elementor-section elementor-top-section elementor-element elementor-element-f093315 elementor-section-stretched elementor-section-boxed elementor-section-height-default elementor-section-height-default\" data-id=\"f093315\" data-element_type=\"section\" data-e-type=\"section\" data-settings=\"{&quot;stretch_section&quot;:&quot;section-stretched&quot;,&quot;background_background&quot;:&quot;classic&quot;}\">\n\t\t\t\t\t\t<div class=\"elementor-container elementor-column-gap-no\">\n\t\t\t\t\t<div class=\"elementor-column elementor-col-100 elementor-top-column elementor-element elementor-element-7295e09\" data-id=\"7295e09\" data-element_type=\"column\" data-e-type=\"column\">\n\t\t\t<div class=\"elementor-widget-wrap elementor-element-populated\">\n\t\t\t\t\t\t<div class=\"elementor-element elementor-element-2dbfeb5 elementor-widget elementor-widget-spacer\" data-id=\"2dbfeb5\" data-element_type=\"widget\" data-e-type=\"widget\" data-widget_type=\"spacer.default\">\n\t\t\t\t<div class=\"elementor-widget-container\">\n\t\t\t\t\t\t\t<div class=\"elementor-spacer\">\n\t\t\t<div class=\"elementor-spacer-inner\"><\/div>\n\t\t<\/div>\n\t\t\t\t\t\t<\/div>\n\t\t\t\t<\/div>\n\t\t\t\t<div class=\"elementor-element elementor-element-6f4cee6 elementor-widget elementor-widget-text-editor\" data-id=\"6f4cee6\" data-element_type=\"widget\" data-e-type=\"widget\" data-widget_type=\"text-editor.default\">\n\t\t\t\t<div class=\"elementor-widget-container\">\n\t\t\t\t\t\t\t\t\t<h1><span style=\"color: #339966;\">S\u00fcrd\u00fcr\u00fclebilirlik &amp; <\/span> <br \/>Sosyal De\u011ferler<\/h1>\t\t\t\t\t\t\t\t<\/div>\n\t\t\t\t<\/div>\n\t\t\t\t<div class=\"elementor-element elementor-element-ebf31f5 elementor-widget elementor-widget-spacer\" data-id=\"ebf31f5\" data-element_type=\"widget\" data-e-type=\"widget\" data-widget_type=\"spacer.default\">\n\t\t\t\t<div class=\"elementor-widget-container\">\n\t\t\t\t\t\t\t<div class=\"elementor-spacer\">\n\t\t\t<div class=\"elementor-spacer-inner\"><\/div>\n\t\t<\/div>\n\t\t\t\t\t\t<\/div>\n\t\t\t\t<\/div>\n\t\t\t\t\t<\/div>\n\t\t<\/div>\n\t\t\t\t\t<\/div>\n\t\t<\/section>\n\t\t\t\t<section data-particle_enable=\"false\" data-particle-mobile-disabled=\"false\" class=\"elementor-section elementor-top-section elementor-element elementor-element-2b16728 elementor-section-boxed elementor-section-height-default elementor-section-height-default\" data-id=\"2b16728\" data-element_type=\"section\" data-e-type=\"section\">\n\t\t\t\t\t\t<div class=\"elementor-container elementor-column-gap-default\">\n\t\t\t\t\t<div class=\"elementor-column elementor-col-50 elementor-top-column elementor-element elementor-element-bd917ec\" data-id=\"bd917ec\" data-element_type=\"column\" data-e-type=\"column\">\n\t\t\t<div class=\"elementor-widget-wrap elementor-element-populated\">\n\t\t\t\t\t\t<div class=\"elementor-element elementor-element-73808dc elementor-widget elementor-widget-text-editor\" data-id=\"73808dc\" data-element_type=\"widget\" data-e-type=\"widget\" data-widget_type=\"text-editor.default\">\n\t\t\t\t<div class=\"elementor-widget-container\">\n\t\t\t\t\t\t\t\t\t<h3><strong>Oncosem \u00c7evre Beyan\u0131<\/strong><\/h3>\t\t\t\t\t\t\t\t<\/div>\n\t\t\t\t<\/div>\n\t\t\t\t<div class=\"elementor-element elementor-element-7797f17 elementor-widget elementor-widget-text-editor\" data-id=\"7797f17\" data-element_type=\"widget\" data-e-type=\"widget\" data-widget_type=\"text-editor.default\">\n\t\t\t\t<div class=\"elementor-widget-container\">\n\t\t\t\t\t\t\t\t\tOncosem, onkolojik sistemler ve sa\u011fl\u0131k teknolojileri alan\u0131nda faaliyet g\u00f6sterirken, \u00e7evresel s\u00fcrd\u00fcr\u00fclebilirli\u011fi de \u00f6ncelikleri aras\u0131nda tutar. Biz, \u00fcretim s\u00fcre\u00e7lerimizde ve \u00fcr\u00fcnlerimizin kullan\u0131m\u0131nda \u00e7evresel etkiyi en aza indirgeyerek, sa\u011fl\u0131kl\u0131 bir gelece\u011fe katk\u0131da bulunmay\u0131 hedefliyoruz.\t\t\t\t\t\t\t\t<\/div>\n\t\t\t\t<\/div>\n\t\t\t\t<div class=\"elementor-element elementor-element-68ab44d elementor-button-danger elementor-mobile-align-center elementor-widget elementor-widget-button\" data-id=\"68ab44d\" data-element_type=\"widget\" data-e-type=\"widget\" data-widget_type=\"button.default\">\n\t\t\t\t<div class=\"elementor-widget-container\">\n\t\t\t\t\t\t\t\t\t<div class=\"elementor-button-wrapper\">\n\t\t\t\t\t<a class=\"elementor-button elementor-button-link elementor-size-sm\" href=\"https:\/\/oncosem.co.uk\/wp-content\/uploads\/2024\/02\/oncosem-cevre-beyani-TR.pdf\" target=\"_blank\">\n\t\t\t\t\t\t<span class=\"elementor-button-content-wrapper\">\n\t\t\t\t\t\t\t\t\t<span class=\"elementor-button-text\">\u00c7EVRE BEYANI DOK\u00dcMANI PDF<\/span>\n\t\t\t\t\t<\/span>\n\t\t\t\t\t<\/a>\n\t\t\t\t<\/div>\n\t\t\t\t\t\t\t\t<\/div>\n\t\t\t\t<\/div>\n\t\t\t\t\t<\/div>\n\t\t<\/div>\n\t\t\t\t<div class=\"elementor-column elementor-col-50 elementor-top-column elementor-element elementor-element-0de9c62\" data-id=\"0de9c62\" data-element_type=\"column\" data-e-type=\"column\">\n\t\t\t<div class=\"elementor-widget-wrap elementor-element-populated\">\n\t\t\t\t\t\t<div class=\"elementor-element elementor-element-c8be195 elementor-widget elementor-widget-image-carousel\" data-id=\"c8be195\" data-element_type=\"widget\" data-e-type=\"widget\" data-settings=\"{&quot;slides_to_show&quot;:&quot;1&quot;,&quot;navigation&quot;:&quot;none&quot;,&quot;autoplay_speed&quot;:3000,&quot;autoplay&quot;:&quot;yes&quot;,&quot;pause_on_hover&quot;:&quot;yes&quot;,&quot;pause_on_interaction&quot;:&quot;yes&quot;,&quot;infinite&quot;:&quot;yes&quot;,&quot;effect&quot;:&quot;slide&quot;,&quot;speed&quot;:500}\" data-widget_type=\"image-carousel.default\">\n\t\t\t\t<div class=\"elementor-widget-container\">\n\t\t\t\t\t\t\t<div class=\"elementor-image-carousel-wrapper swiper\" role=\"region\" aria-roledescription=\"carousel\" aria-label=\"Resim D\u00f6ng\u00fcs\u00fc\" dir=\"ltr\">\n\t\t\t<div class=\"elementor-image-carousel swiper-wrapper swiper-image-stretch\" aria-live=\"off\">\n\t\t\t\t\t\t\t\t<div class=\"swiper-slide\" role=\"group\" aria-roledescription=\"slide\" aria-label=\"1 \/ 3\"><figure class=\"swiper-slide-inner\"><img decoding=\"async\" class=\"swiper-slide-image\" src=\"https:\/\/oncosem.co.uk\/wp-content\/uploads\/2024\/02\/zeytin-agaci-00.jpg\" alt=\"zeytin-agaci-00.jpg\" \/><\/figure><\/div><div class=\"swiper-slide\" role=\"group\" aria-roledescription=\"slide\" aria-label=\"2 \/ 3\"><figure class=\"swiper-slide-inner\"><img decoding=\"async\" class=\"swiper-slide-image\" src=\"https:\/\/oncosem.co.uk\/wp-content\/uploads\/2024\/02\/1.jpg\" alt=\"1.jpg\" \/><\/figure><\/div><div class=\"swiper-slide\" role=\"group\" aria-roledescription=\"slide\" aria-label=\"3 \/ 3\"><figure class=\"swiper-slide-inner\"><img decoding=\"async\" class=\"swiper-slide-image\" src=\"https:\/\/oncosem.co.uk\/wp-content\/uploads\/2024\/02\/2.jpg\" alt=\"2.jpg\" \/><\/figure><\/div>\t\t\t<\/div>\n\t\t\t\t\t\t\t\n\t\t\t\t\t\t\t\t\t<\/div>\n\t\t\t\t\t\t<\/div>\n\t\t\t\t<\/div>\n\t\t\t\t\t<\/div>\n\t\t<\/div>\n\t\t\t\t\t<\/div>\n\t\t<\/section>\n\t\t\t\t<section data-particle_enable=\"false\" data-particle-mobile-disabled=\"false\" class=\"elementor-section elementor-top-section elementor-element elementor-element-b02b935 elementor-section-boxed elementor-section-height-default elementor-section-height-default\" data-id=\"b02b935\" data-element_type=\"section\" data-e-type=\"section\">\n\t\t\t\t\t\t\t<div class=\"elementor-background-overlay\"><\/div>\n\t\t\t\t\t\t\t<div class=\"elementor-container elementor-column-gap-default\">\n\t\t\t\t\t<div class=\"elementor-column elementor-col-50 elementor-top-column elementor-element elementor-element-55ec6e6\" data-id=\"55ec6e6\" data-element_type=\"column\" data-e-type=\"column\">\n\t\t\t<div class=\"elementor-widget-wrap elementor-element-populated\">\n\t\t\t\t\t\t<div class=\"elementor-element elementor-element-d71f3a6 elementor-widget elementor-widget-image\" data-id=\"d71f3a6\" data-element_type=\"widget\" data-e-type=\"widget\" data-widget_type=\"image.default\">\n\t\t\t\t<div class=\"elementor-widget-container\">\n\t\t\t\t\t\t\t\t\t\t\t\t\t\t\t<img fetchpriority=\"high\" decoding=\"async\" width=\"1600\" height=\"1200\" src=\"https:\/\/oncosem.co.uk\/wp-content\/uploads\/2024\/02\/Oncosem-Environmental-Statement-00.jpg\" class=\"attachment-full size-full wp-image-4755\" alt=\"\" srcset=\"https:\/\/oncosem.co.uk\/wp-content\/uploads\/2024\/02\/Oncosem-Environmental-Statement-00.jpg 1600w, https:\/\/oncosem.co.uk\/wp-content\/uploads\/2024\/02\/Oncosem-Environmental-Statement-00-300x225.jpg 300w, https:\/\/oncosem.co.uk\/wp-content\/uploads\/2024\/02\/Oncosem-Environmental-Statement-00-1024x768.jpg 1024w, https:\/\/oncosem.co.uk\/wp-content\/uploads\/2024\/02\/Oncosem-Environmental-Statement-00-768x576.jpg 768w, https:\/\/oncosem.co.uk\/wp-content\/uploads\/2024\/02\/Oncosem-Environmental-Statement-00-1536x1152.jpg 1536w, https:\/\/oncosem.co.uk\/wp-content\/uploads\/2024\/02\/Oncosem-Environmental-Statement-00-1000x750.jpg 1000w\" sizes=\"(max-width: 1600px) 100vw, 1600px\" \/>\t\t\t\t\t\t\t\t\t\t\t\t\t\t\t<\/div>\n\t\t\t\t<\/div>\n\t\t\t\t\t<\/div>\n\t\t<\/div>\n\t\t\t\t<div class=\"elementor-column elementor-col-50 elementor-top-column elementor-element elementor-element-8bdec81\" data-id=\"8bdec81\" data-element_type=\"column\" data-e-type=\"column\">\n\t\t\t<div class=\"elementor-widget-wrap elementor-element-populated\">\n\t\t\t\t\t\t<div class=\"elementor-element elementor-element-0580e0b elementor-widget elementor-widget-text-editor\" data-id=\"0580e0b\" data-element_type=\"widget\" data-e-type=\"widget\" data-widget_type=\"text-editor.default\">\n\t\t\t\t<div class=\"elementor-widget-container\">\n\t\t\t\t\t\t\t\t\t<h3><span style=\"color: #ffffff;\">Karbon Azaltma Plan\u0131<\/span><\/h3>\t\t\t\t\t\t\t\t<\/div>\n\t\t\t\t<\/div>\n\t\t\t\t<div class=\"elementor-element elementor-element-7868f1e elementor-widget elementor-widget-text-editor\" data-id=\"7868f1e\" data-element_type=\"widget\" data-e-type=\"widget\" data-widget_type=\"text-editor.default\">\n\t\t\t\t<div class=\"elementor-widget-container\">\n\t\t\t\t\t\t\t\t\tOncosem olarak, gelecekteki \u00e7evresel etkimizi azaltmak i\u00e7in s\u00fcrekli \u00e7aba g\u00f6stermektedir .Bu kapsamda, karbon ayak izimizi azaltma y\u00f6n\u00fcnde stratejik hedefler belirleyip, bu hedeflere ula\u015fmak i\u00e7in yenilik\u00e7i ve etkili \u00e7\u00f6z\u00fcmler geli\u015ftirmekteyiz. Yenilenebilir enerji kaynaklar\u0131na yat\u0131r\u0131m yapmay\u0131, enerji verimlili\u011fimizi art\u0131rmay\u0131 ve s\u00fcrd\u00fcr\u00fclebilir i\u015f s\u00fcre\u00e7lerini benimsemeyi taahh\u00fct ediyoruz. Gelecek nesiller i\u00e7in daha temiz ve sa\u011fl\u0131kl\u0131 bir d\u00fcnya yaratma hedefimiz do\u011frultusunda, \u00e7evresel sorumlulu\u011fumuzu art\u0131rmak ve karbon emisyonlar\u0131m\u0131z\u0131 s\u00fcrekli olarak azaltmak \u00fczere \u00e7al\u0131\u015fmalar\u0131m\u0131z\u0131 s\u00fcrd\u00fcrece\u011fiz.\t\t\t\t\t\t\t\t<\/div>\n\t\t\t\t<\/div>\n\t\t\t\t<div class=\"elementor-element elementor-element-57c2fe5 elementor-button-danger elementor-mobile-align-center elementor-widget elementor-widget-button\" data-id=\"57c2fe5\" data-element_type=\"widget\" data-e-type=\"widget\" data-widget_type=\"button.default\">\n\t\t\t\t<div class=\"elementor-widget-container\">\n\t\t\t\t\t\t\t\t\t<div class=\"elementor-button-wrapper\">\n\t\t\t\t\t<a class=\"elementor-button elementor-button-link elementor-size-sm\" href=\"https:\/\/oncosem.co.uk\/wp-content\/uploads\/2024\/02\/ONCOSEM_CRP_2023.pdf\" target=\"_blank\">\n\t\t\t\t\t\t<span class=\"elementor-button-content-wrapper\">\n\t\t\t\t\t\t\t\t\t<span class=\"elementor-button-text\">ONCOSEM KAP 2023 PDF<\/span>\n\t\t\t\t\t<\/span>\n\t\t\t\t\t<\/a>\n\t\t\t\t<\/div>\n\t\t\t\t\t\t\t\t<\/div>\n\t\t\t\t<\/div>\n\t\t\t\t\t<\/div>\n\t\t<\/div>\n\t\t\t\t\t<\/div>\n\t\t<\/section>\n\t\t\t\t<section data-particle_enable=\"false\" data-particle-mobile-disabled=\"false\" class=\"elementor-section elementor-top-section elementor-element elementor-element-73e69a1 elementor-section-boxed elementor-section-height-default elementor-section-height-default\" data-id=\"73e69a1\" data-element_type=\"section\" data-e-type=\"section\">\n\t\t\t\t\t\t<div class=\"elementor-container elementor-column-gap-default\">\n\t\t\t\t\t<div class=\"elementor-column elementor-col-50 elementor-top-column elementor-element elementor-element-b363ebd\" data-id=\"b363ebd\" data-element_type=\"column\" data-e-type=\"column\">\n\t\t\t<div class=\"elementor-widget-wrap elementor-element-populated\">\n\t\t\t\t\t\t<div class=\"elementor-element elementor-element-8bb2429 elementor-widget elementor-widget-text-editor\" data-id=\"8bb2429\" data-element_type=\"widget\" data-e-type=\"widget\" data-widget_type=\"text-editor.default\">\n\t\t\t\t<div class=\"elementor-widget-container\">\n\t\t\t\t\t\t\t\t\t<h3><strong>Modern K\u00f6lelik<\/strong><\/h3>\t\t\t\t\t\t\t\t<\/div>\n\t\t\t\t<\/div>\n\t\t\t\t<div class=\"elementor-element elementor-element-b13be71 elementor-widget elementor-widget-text-editor\" data-id=\"b13be71\" data-element_type=\"widget\" data-e-type=\"widget\" data-widget_type=\"text-editor.default\">\n\t\t\t\t<div class=\"elementor-widget-container\">\n\t\t\t\t\t\t\t\t\t<p>Oncosem, t\u00fcm \u00e7al\u0131\u015fmalar\u0131n\u0131 insan haklar\u0131na uygun olarak y\u00fcr\u00fctmekte ve tedarik\u00e7ilerinden de ayn\u0131 \u00f6zeni beklemektedir. Oncosem, faaliyetleri s\u0131ras\u0131nda meydana gelebilecek insan haklar\u0131 ihlallerine tolerans g\u00f6stermemektedir. Bu do\u011frultuda Oncosem, t\u00fcm tedarik\u00e7ilerinden a\u015fa\u011f\u0131daki hususlar\u0131 talep edecektir;<\/p><ul><li>\u00c7ocuk i\u015f\u00e7i \u00e7al\u0131\u015ft\u0131rmamak ve uluslararas\u0131 \u00c7al\u0131\u015fma \u00d6rg\u00fct\u00fc taraf\u0131ndan belirlenen t\u00fcm kurallara uymak,<\/li><li>Zorla veya zorunlu \u00e7al\u0131\u015ft\u0131rma, kay\u0131t d\u0131\u015f\u0131 i\u015f\u00e7ilik, bor\u00e7 kar\u015f\u0131l\u0131\u011f\u0131 i\u015f\u00e7ilik, s\u00f6m\u00fcr\u00fc, fiziksel ceza, her t\u00fcrl\u00fc modern k\u00f6lelik ve insan ka\u00e7ak\u00e7\u0131l\u0131\u011f\u0131 gibi kabul edilemez muameleler de dahil olmak \u00fczere insan haklar\u0131na ayk\u0131r\u0131 t\u00fcm \u00e7al\u0131\u015fma uygulamalar\u0131ndan ka\u00e7\u0131nmak,<\/li><li>\u00c7al\u0131\u015fanlar\u0131n\u0131 her t\u00fcrl\u00fc ayr\u0131mc\u0131l\u0131\u011fa (\u0131rk, din, dil, renk, cinsiyet, cinsel y\u00f6nelim, engellilik vb.) maruz b\u0131rakmamak<\/li><li>Zihinsel, fiziksel, cinsel veya s\u00f6zl\u00fc taciz, sert veya a\u015fa\u011f\u0131lay\u0131c\u0131 disiplin cezalar\u0131 uygulamamak veya bunlara izin vermemek,<\/li><li>\u00c7al\u0131\u015fanlar\u0131na yasalarla belirlenen asgari \u00fccretin alt\u0131nda \u00f6deme yapmamak ve adil olmak,<\/li><li>\u00c7al\u0131\u015fma saatlerini ve \u00e7al\u0131\u015fan haklar\u0131n\u0131 faaliyet g\u00f6sterdi\u011fi \u00fclkedeki ilgili yasalara uygun hale getirmek,<\/li><li>\u00c7al\u0131\u015fanlar\u0131n\u0131n ba\u011f\u0131ms\u0131z sendika kurma veya bu sendikalara \u00fcye olma ya da \u00f6rg\u00fctlenme haklar\u0131na sayg\u0131 g\u00f6stermek.<\/li><\/ul>\t\t\t\t\t\t\t\t<\/div>\n\t\t\t\t<\/div>\n\t\t\t\t<div class=\"elementor-element elementor-element-08e8fe6 elementor-mobile-align-center elementor-widget elementor-widget-button\" data-id=\"08e8fe6\" data-element_type=\"widget\" data-e-type=\"widget\" data-widget_type=\"button.default\">\n\t\t\t\t<div class=\"elementor-widget-container\">\n\t\t\t\t\t\t\t\t\t<div class=\"elementor-button-wrapper\">\n\t\t\t\t\t<a class=\"elementor-button elementor-button-link elementor-size-sm\" href=\"https:\/\/oncosem.co.uk\/wp-content\/uploads\/2024\/02\/modern-kolelik.pdf\" target=\"_blank\">\n\t\t\t\t\t\t<span class=\"elementor-button-content-wrapper\">\n\t\t\t\t\t\t\t\t\t<span class=\"elementor-button-text\">MODERN K\u00d6LEL\u0130K PDF<\/span>\n\t\t\t\t\t<\/span>\n\t\t\t\t\t<\/a>\n\t\t\t\t<\/div>\n\t\t\t\t\t\t\t\t<\/div>\n\t\t\t\t<\/div>\n\t\t\t\t\t<\/div>\n\t\t<\/div>\n\t\t\t\t<div class=\"elementor-column elementor-col-50 elementor-top-column elementor-element elementor-element-4c91a9e\" data-id=\"4c91a9e\" data-element_type=\"column\" data-e-type=\"column\">\n\t\t\t<div class=\"elementor-widget-wrap elementor-element-populated\">\n\t\t\t\t\t\t<div class=\"elementor-element elementor-element-4ef0821 elementor-widget elementor-widget-image\" data-id=\"4ef0821\" data-element_type=\"widget\" data-e-type=\"widget\" data-widget_type=\"image.default\">\n\t\t\t\t<div class=\"elementor-widget-container\">\n\t\t\t\t\t\t\t\t\t\t\t\t\t\t\t<img decoding=\"async\" width=\"900\" height=\"1200\" src=\"https:\/\/oncosem.co.uk\/wp-content\/uploads\/2024\/02\/modern-slavery-00.jpg\" class=\"attachment-full size-full wp-image-4757\" alt=\"\" srcset=\"https:\/\/oncosem.co.uk\/wp-content\/uploads\/2024\/02\/modern-slavery-00.jpg 900w, https:\/\/oncosem.co.uk\/wp-content\/uploads\/2024\/02\/modern-slavery-00-225x300.jpg 225w, https:\/\/oncosem.co.uk\/wp-content\/uploads\/2024\/02\/modern-slavery-00-768x1024.jpg 768w\" sizes=\"(max-width: 900px) 100vw, 900px\" \/>\t\t\t\t\t\t\t\t\t\t\t\t\t\t\t<\/div>\n\t\t\t\t<\/div>\n\t\t\t\t\t<\/div>\n\t\t<\/div>\n\t\t\t\t\t<\/div>\n\t\t<\/section>\n\t\t\t\t<\/div>\n\t\t","protected":false},"excerpt":{"rendered":"<p>S\u00fcrd\u00fcr\u00fclebilirlik &amp; Sosyal De\u011ferler Oncosem \u00c7evre Beyan\u0131 Oncosem, onkolojik sistemler ve sa\u011fl\u0131k teknolojileri alan\u0131nda faaliyet g\u00f6sterirken, \u00e7evresel s\u00fcrd\u00fcr\u00fclebilirli\u011fi de \u00f6ncelikleri aras\u0131nda tutar. Biz, \u00fcretim s\u00fcre\u00e7lerimizde ve \u00fcr\u00fcnlerimizin kullan\u0131m\u0131nda \u00e7evresel etkiyi en aza indirgeyerek, sa\u011fl\u0131kl\u0131 bir gelece\u011fe katk\u0131da bulunmay\u0131 hedefliyoruz. \u00c7EVRE BEYANI DOK\u00dcMANI PDF Karbon Azaltma Plan\u0131 Oncosem olarak, gelecekteki \u00e7evresel etkimizi azaltmak i\u00e7in s\u00fcrekli \u00e7aba [&hellip;]<\/p>\n","protected":false},"author":1,"featured_media":0,"parent":0,"menu_order":0,"comment_status":"closed","ping_status":"closed","template":"","meta":{"inline_featured_image":false,"site-sidebar-layout":"no-sidebar","site-content-layout":"page-builder","ast-site-content-layout":"full-width-container","site-content-style":"default","site-sidebar-style":"default","ast-global-header-display":"","ast-banner-title-visibility":"","ast-main-header-display":"","ast-hfb-above-header-display":"","ast-hfb-below-header-display":"","ast-hfb-mobile-header-display":"","site-post-title":"disabled","ast-breadcrumbs-content":"","ast-featured-img":"disabled","footer-sml-layout":"","ast-disable-related-posts":"","theme-transparent-header-meta":"default","adv-header-id-meta":"","stick-header-meta":"","header-above-stick-meta":"","header-main-stick-meta":"","header-below-stick-meta":"","astra-migrate-meta-layouts":"set","ast-page-background-enabled":"default","ast-page-background-meta":{"desktop":{"background-color":"","background-image":"","background-repeat":"repeat","background-position":"center center","background-size":"auto","background-attachment":"scroll","background-type":"","background-media":"","overlay-type":"","overlay-color":"","overlay-opacity":"","overlay-gradient":""},"tablet":{"background-color":"","background-image":"","background-repeat":"repeat","background-position":"center center","background-size":"auto","background-attachment":"scroll","background-type":"","background-media":"","overlay-type":"","overlay-color":"","overlay-opacity":"","overlay-gradient":""},"mobile":{"background-color":"","background-image":"","background-repeat":"repeat","background-position":"center center","background-size":"auto","background-attachment":"scroll","background-type":"","background-media":"","overlay-type":"","overlay-color":"","overlay-opacity":"","overlay-gradient":""}},"ast-content-background-meta":{"desktop":{"background-color":"var(--ast-global-color-5)","background-image":"","background-repeat":"repeat","background-position":"center center","background-size":"auto","background-attachment":"scroll","background-type":"","background-media":"","overlay-type":"","overlay-color":"","overlay-opacity":"","overlay-gradient":""},"tablet":{"background-color":"var(--ast-global-color-5)","background-image":"","background-repeat":"repeat","background-position":"center center","background-size":"auto","background-attachment":"scroll","background-type":"","background-media":"","overlay-type":"","overlay-color":"","overlay-opacity":"","overlay-gradient":""},"mobile":{"background-color":"var(--ast-global-color-5)","background-image":"","background-repeat":"repeat","background-position":"center center","background-size":"auto","background-attachment":"scroll","background-type":"","background-media":"","overlay-type":"","overlay-color":"","overlay-opacity":"","overlay-gradient":""}},"footnotes":""},"class_list":["post-4782","page","type-page","status-publish","hentry"],"_links":{"self":[{"href":"https:\/\/oncosem.co.uk\/tr\/wp-json\/wp\/v2\/pages\/4782","targetHints":{"allow":["GET"]}}],"collection":[{"href":"https:\/\/oncosem.co.uk\/tr\/wp-json\/wp\/v2\/pages"}],"about":[{"href":"https:\/\/oncosem.co.uk\/tr\/wp-json\/wp\/v2\/types\/page"}],"author":[{"embeddable":true,"href":"https:\/\/oncosem.co.uk\/tr\/wp-json\/wp\/v2\/users\/1"}],"replies":[{"embeddable":true,"href":"https:\/\/oncosem.co.uk\/tr\/wp-json\/wp\/v2\/comments?post=4782"}],"version-history":[{"count":5,"href":"https:\/\/oncosem.co.uk\/tr\/wp-json\/wp\/v2\/pages\/4782\/revisions"}],"predecessor-version":[{"id":4798,"href":"https:\/\/oncosem.co.uk\/tr\/wp-json\/wp\/v2\/pages\/4782\/revisions\/4798"}],"wp:attachment":[{"href":"https:\/\/oncosem.co.uk\/tr\/wp-json\/wp\/v2\/media?parent=4782"}],"curies":[{"name":"wp","href":"https:\/\/api.w.org\/{rel}","templated":true}]}}