{"id":5068,"date":"2024-04-26T07:24:36","date_gmt":"2024-04-26T07:24:36","guid":{"rendered":"https:\/\/oncosem.co.uk\/code-of-conduct\/"},"modified":"2024-04-26T08:08:00","modified_gmt":"2024-04-26T08:08:00","slug":"davranis-kurallari","status":"publish","type":"page","link":"https:\/\/oncosem.co.uk\/tr\/davranis-kurallari\/","title":{"rendered":"Davran\u0131\u015f Kurallar\u0131"},"content":{"rendered":"\t\t<div data-elementor-type=\"wp-page\" data-elementor-id=\"5068\" class=\"elementor elementor-5068 elementor-5054\" data-elementor-post-type=\"page\">\n\t\t\t\t\t\t<section data-particle_enable=\"false\" data-particle-mobile-disabled=\"false\" class=\"elementor-section elementor-top-section elementor-element elementor-element-f093315 elementor-section-stretched elementor-section-boxed elementor-section-height-default elementor-section-height-default\" data-id=\"f093315\" data-element_type=\"section\" data-e-type=\"section\" data-settings=\"{&quot;stretch_section&quot;:&quot;section-stretched&quot;,&quot;background_background&quot;:&quot;classic&quot;}\">\n\t\t\t\t\t\t<div class=\"elementor-container elementor-column-gap-no\">\n\t\t\t\t\t<div class=\"elementor-column elementor-col-100 elementor-top-column elementor-element elementor-element-7295e09\" data-id=\"7295e09\" data-element_type=\"column\" data-e-type=\"column\">\n\t\t\t<div class=\"elementor-widget-wrap elementor-element-populated\">\n\t\t\t\t\t\t<div class=\"elementor-element elementor-element-6f4cee6 elementor-widget elementor-widget-text-editor\" data-id=\"6f4cee6\" data-element_type=\"widget\" data-e-type=\"widget\" data-widget_type=\"text-editor.default\">\n\t\t\t\t<div class=\"elementor-widget-container\">\n\t\t\t\t\t\t\t\t\t<h2 style=\"text-align: center;\"><span style=\"color: #303358;\">Davran\u0131\u015f Kurallar\u0131<\/span><\/h2>\t\t\t\t\t\t\t\t<\/div>\n\t\t\t\t<\/div>\n\t\t\t\t\t<\/div>\n\t\t<\/div>\n\t\t\t\t\t<\/div>\n\t\t<\/section>\n\t\t\t\t<section data-particle_enable=\"false\" data-particle-mobile-disabled=\"false\" class=\"elementor-section elementor-top-section elementor-element elementor-element-2b16728 elementor-section-boxed elementor-section-height-default elementor-section-height-default\" data-id=\"2b16728\" data-element_type=\"section\" data-e-type=\"section\">\n\t\t\t\t\t\t<div class=\"elementor-container elementor-column-gap-default\">\n\t\t\t\t\t<div class=\"elementor-column elementor-col-100 elementor-top-column elementor-element elementor-element-bd917ec\" data-id=\"bd917ec\" data-element_type=\"column\" data-e-type=\"column\">\n\t\t\t<div class=\"elementor-widget-wrap elementor-element-populated\">\n\t\t\t\t\t\t<div class=\"elementor-element elementor-element-73808dc elementor-widget elementor-widget-text-editor\" data-id=\"73808dc\" data-element_type=\"widget\" data-e-type=\"widget\" data-widget_type=\"text-editor.default\">\n\t\t\t\t<div class=\"elementor-widget-container\">\n\t\t\t\t\t\t\t\t\t<h3><strong>Oncosem Davran\u0131\u015f Kurallar\u0131<\/strong><\/h3>\t\t\t\t\t\t\t\t<\/div>\n\t\t\t\t<\/div>\n\t\t\t\t<div class=\"elementor-element elementor-element-7797f17 elementor-widget elementor-widget-text-editor\" data-id=\"7797f17\" data-element_type=\"widget\" data-e-type=\"widget\" data-widget_type=\"text-editor.default\">\n\t\t\t\t<div class=\"elementor-widget-container\">\n\t\t\t\t\t\t\t\t\t<p>Davran\u0131\u015f kurallar\u0131m\u0131z bizden ne beklendi\u011fini belirtir. D\u00fcr\u00fcstl\u00fck, tarafs\u0131zl\u0131k, mesleki yeterlilik ve gereken \u00f6zen, gizlilik ve mesleki davran\u0131\u015flar\u0131m\u0131z temel ilkelerimizi \u00f6zetlemektedir. Kurallar\u0131m\u0131z; ilkeleri nas\u0131l eyleme d\u00f6n\u00fc\u015ft\u00fcrmemiz gerekti\u011fini g\u00f6sterir ve bizi her zaman elimizden gelenin en iyisini yapma konusunda sorumlu tutar.<\/p><p>Davran\u0131\u015f kurallar\u0131m\u0131z, t\u00fcm kurallara uyulmas\u0131, benimsenmesi ve aktif olarak uygulanmas\u0131 amac\u0131yla haz\u0131rlanm\u0131\u015ft\u0131r.<\/p><p><em><strong>\u201cBu kurallarda yer alan etik de\u011ferlere uygun \u015fekilde hareket etmek, \u015firketimizin ba\u015far\u0131s\u0131n\u0131, s\u00fcrd\u00fcr\u00fclebilirli\u011fini ve zorluklar\u0131 yenme g\u00fcc\u00fcn\u00fc g\u00fcvence alt\u0131na alman\u0131n tek yoludur.\u201d<\/strong><\/em><\/p><p>Oncosem Davran\u0131\u015f Kurallar\u0131n\u0131 uygulamak hepimizin sorumlulu\u011fudur.<\/p>\t\t\t\t\t\t\t\t<\/div>\n\t\t\t\t<\/div>\n\t\t\t\t<div class=\"elementor-element elementor-element-68ab44d elementor-button-danger elementor-mobile-align-center elementor-widget elementor-widget-button\" data-id=\"68ab44d\" data-element_type=\"widget\" data-e-type=\"widget\" data-widget_type=\"button.default\">\n\t\t\t\t<div class=\"elementor-widget-container\">\n\t\t\t\t\t\t\t\t\t<div class=\"elementor-button-wrapper\">\n\t\t\t\t\t<a class=\"elementor-button elementor-button-link elementor-size-sm\" href=\"https:\/\/oncosem.co.uk\/wp-content\/uploads\/2024\/04\/OT-104-Davranis-Kurallari-00.pdf\" target=\"_blank\">\n\t\t\t\t\t\t<span class=\"elementor-button-content-wrapper\">\n\t\t\t\t\t\t\t\t\t<span class=\"elementor-button-text\">DAVRANI\u015e KURALLARI PDF<\/span>\n\t\t\t\t\t<\/span>\n\t\t\t\t\t<\/a>\n\t\t\t\t<\/div>\n\t\t\t\t\t\t\t\t<\/div>\n\t\t\t\t<\/div>\n\t\t\t\t\t<\/div>\n\t\t<\/div>\n\t\t\t\t\t<\/div>\n\t\t<\/section>\n\t\t\t\t<\/div>\n\t\t","protected":false},"excerpt":{"rendered":"<p>Davran\u0131\u015f Kurallar\u0131 Oncosem Davran\u0131\u015f Kurallar\u0131 Davran\u0131\u015f kurallar\u0131m\u0131z bizden ne beklendi\u011fini belirtir. D\u00fcr\u00fcstl\u00fck, tarafs\u0131zl\u0131k, mesleki yeterlilik ve gereken \u00f6zen, gizlilik ve mesleki davran\u0131\u015flar\u0131m\u0131z temel ilkelerimizi \u00f6zetlemektedir. Kurallar\u0131m\u0131z; ilkeleri nas\u0131l eyleme d\u00f6n\u00fc\u015ft\u00fcrmemiz gerekti\u011fini g\u00f6sterir ve bizi her zaman elimizden gelenin en iyisini yapma konusunda sorumlu tutar. Davran\u0131\u015f kurallar\u0131m\u0131z, t\u00fcm kurallara uyulmas\u0131, benimsenmesi ve aktif olarak uygulanmas\u0131 amac\u0131yla [&hellip;]<\/p>\n","protected":false},"author":1,"featured_media":0,"parent":0,"menu_order":0,"comment_status":"closed","ping_status":"closed","template":"","meta":{"inline_featured_image":false,"site-sidebar-layout":"no-sidebar","site-content-layout":"page-builder","ast-site-content-layout":"full-width-container","site-content-style":"default","site-sidebar-style":"default","ast-global-header-display":"","ast-banner-title-visibility":"","ast-main-header-display":"","ast-hfb-above-header-display":"","ast-hfb-below-header-display":"","ast-hfb-mobile-header-display":"","site-post-title":"disabled","ast-breadcrumbs-content":"","ast-featured-img":"disabled","footer-sml-layout":"","ast-disable-related-posts":"","theme-transparent-header-meta":"default","adv-header-id-meta":"","stick-header-meta":"","header-above-stick-meta":"","header-main-stick-meta":"","header-below-stick-meta":"","astra-migrate-meta-layouts":"set","ast-page-background-enabled":"default","ast-page-background-meta":{"desktop":{"background-color":"","background-image":"","background-repeat":"repeat","background-position":"center center","background-size":"auto","background-attachment":"scroll","background-type":"","background-media":"","overlay-type":"","overlay-color":"","overlay-opacity":"","overlay-gradient":""},"tablet":{"background-color":"","background-image":"","background-repeat":"repeat","background-position":"center center","background-size":"auto","background-attachment":"scroll","background-type":"","background-media":"","overlay-type":"","overlay-color":"","overlay-opacity":"","overlay-gradient":""},"mobile":{"background-color":"","background-image":"","background-repeat":"repeat","background-position":"center center","background-size":"auto","background-attachment":"scroll","background-type":"","background-media":"","overlay-type":"","overlay-color":"","overlay-opacity":"","overlay-gradient":""}},"ast-content-background-meta":{"desktop":{"background-color":"var(--ast-global-color-5)","background-image":"","background-repeat":"repeat","background-position":"center center","background-size":"auto","background-attachment":"scroll","background-type":"","background-media":"","overlay-type":"","overlay-color":"","overlay-opacity":"","overlay-gradient":""},"tablet":{"background-color":"var(--ast-global-color-5)","background-image":"","background-repeat":"repeat","background-position":"center center","background-size":"auto","background-attachment":"scroll","background-type":"","background-media":"","overlay-type":"","overlay-color":"","overlay-opacity":"","overlay-gradient":""},"mobile":{"background-color":"var(--ast-global-color-5)","background-image":"","background-repeat":"repeat","background-position":"center center","background-size":"auto","background-attachment":"scroll","background-type":"","background-media":"","overlay-type":"","overlay-color":"","overlay-opacity":"","overlay-gradient":""}},"footnotes":""},"class_list":["post-5068","page","type-page","status-publish","hentry"],"_links":{"self":[{"href":"https:\/\/oncosem.co.uk\/tr\/wp-json\/wp\/v2\/pages\/5068","targetHints":{"allow":["GET"]}}],"collection":[{"href":"https:\/\/oncosem.co.uk\/tr\/wp-json\/wp\/v2\/pages"}],"about":[{"href":"https:\/\/oncosem.co.uk\/tr\/wp-json\/wp\/v2\/types\/page"}],"author":[{"embeddable":true,"href":"https:\/\/oncosem.co.uk\/tr\/wp-json\/wp\/v2\/users\/1"}],"replies":[{"embeddable":true,"href":"https:\/\/oncosem.co.uk\/tr\/wp-json\/wp\/v2\/comments?post=5068"}],"version-history":[{"count":4,"href":"https:\/\/oncosem.co.uk\/tr\/wp-json\/wp\/v2\/pages\/5068\/revisions"}],"predecessor-version":[{"id":5083,"href":"https:\/\/oncosem.co.uk\/tr\/wp-json\/wp\/v2\/pages\/5068\/revisions\/5083"}],"wp:attachment":[{"href":"https:\/\/oncosem.co.uk\/tr\/wp-json\/wp\/v2\/media?parent=5068"}],"curies":[{"name":"wp","href":"https:\/\/api.w.org\/{rel}","templated":true}]}}