{"id":1351,"date":"2022-05-06T14:53:28","date_gmt":"2022-05-06T14:53:28","guid":{"rendered":"https:\/\/oncosem.co.uk\/product\/closed-system-antineoplastic-drug-preparation-set\/"},"modified":"2024-10-14T06:13:20","modified_gmt":"2024-10-14T06:13:20","slug":"kapali-sistem-antineoplastik-ilac-hazirlama-seti","status":"publish","type":"product","link":"https:\/\/oncosem.co.uk\/tr\/urun\/kapali-sistem-antineoplastik-ilac-hazirlama-seti\/","title":{"rendered":"Kapal\u0131 Sistem Antineoplastik \u0130la\u00e7 Haz\u0131rlama Seti"},"content":{"rendered":"","protected":false},"excerpt":{"rendered":"<p><strong>\u00dcr\u00fcn Kodu: <\/strong>ODPS029 \u2013 250 ml \/ ODPS030 \u2013 500 ml \/ ODPS031 \u2013 1000 ml<\/p>\n<p>Manuel ya da cihaz ile sitotoksik ila\u00e7lar\u0131n haz\u0131rlanmas\u0131 ve sonras\u0131nda antineoplastik uygulama seti kullanarak hastaya inf\u00fczyon yoluyla uygulanmas\u0131 amac\u0131yla kullan\u0131l\u0131r.\u00a0Antineoplastik ila\u00e7larla uyumlu, latex\/DEHP(dietilhekzilftalat) i\u00e7ermeyen, medikal malzemeden \u00fcretilmi\u015ftir. Kapal\u0131 sistem olmas\u0131 sayesinde hasta ve \u00e7al\u0131\u015fanlar\u0131n antineoplastik ila\u00e7larla kontaminasyon riskini engeller.<\/p>\n<p>Etil vinil asetat (EVA) hammaddesi ve sa\u011flam yap\u0131s\u0131yla i\u00e7erisine haz\u0131rlanan ila\u00e7lar\u0131 \u0131\u015f\u0131ktan korur.<\/p>\n<p>&#8211; T\u00fcm Luerlock Konnekt\u00f6r ve valflerle uyumludur.<br \/>\n&#8211; ISO8 Temiz Odada bir araya getirilmi\u015ftir.<br \/>\n&#8211; Etilen Oksit ile steril edilmi\u015ftir.<br \/>\n&#8211; Raf \u00f6mr\u00fc 5 y\u0131ld\u0131r.<br \/>\n&#8211; 5-40\u00b0C aras\u0131nda saklanabilir.<\/p>\n","protected":false},"featured_media":6596,"template":"","meta":{"inline_featured_image":false,"site-sidebar-layout":"default","site-content-layout":"default","ast-site-content-layout":"default","site-content-style":"default","site-sidebar-style":"default","ast-global-header-display":"","ast-banner-title-visibility":"","ast-main-header-display":"","ast-hfb-above-header-display":"","ast-hfb-below-header-display":"","ast-hfb-mobile-header-display":"","site-post-title":"","ast-breadcrumbs-content":"","ast-featured-img":"","footer-sml-layout":"","ast-disable-related-posts":"","theme-transparent-header-meta":"default","adv-header-id-meta":"","stick-header-meta":"default","header-above-stick-meta":"","header-main-stick-meta":"","header-below-stick-meta":"","astra-migrate-meta-layouts":"set","ast-page-background-enabled":"default","ast-page-background-meta":{"desktop":{"background-color":"","background-image":"","background-repeat":"repeat","background-position":"center center","background-size":"auto","background-attachment":"scroll","background-type":"","background-media":"","overlay-type":"","overlay-color":"","overlay-opacity":"","overlay-gradient":""},"tablet":{"background-color":"","background-image":"","background-repeat":"repeat","background-position":"center center","background-size":"auto","background-attachment":"scroll","background-type":"","background-media":"","overlay-type":"","overlay-color":"","overlay-opacity":"","overlay-gradient":""},"mobile":{"background-color":"","background-image":"","background-repeat":"repeat","background-position":"center center","background-size":"auto","background-attachment":"scroll","background-type":"","background-media":"","overlay-type":"","overlay-color":"","overlay-opacity":"","overlay-gradient":""}},"ast-content-background-meta":{"desktop":{"background-color":"var(--ast-global-color-5)","background-image":"","background-repeat":"repeat","background-position":"center center","background-size":"auto","background-attachment":"scroll","background-type":"","background-media":"","overlay-type":"","overlay-color":"","overlay-opacity":"","overlay-gradient":""},"tablet":{"background-color":"var(--ast-global-color-5)","background-image":"","background-repeat":"repeat","background-position":"center center","background-size":"auto","background-attachment":"scroll","background-type":"","background-media":"","overlay-type":"","overlay-color":"","overlay-opacity":"","overlay-gradient":""},"mobile":{"background-color":"var(--ast-global-color-5)","background-image":"","background-repeat":"repeat","background-position":"center center","background-size":"auto","background-attachment":"scroll","background-type":"","background-media":"","overlay-type":"","overlay-color":"","overlay-opacity":"","overlay-gradient":""}}},"product_brand":[],"product_cat":[67],"product_tag":[],"class_list":{"0":"post-1351","1":"product","2":"type-product","3":"status-publish","4":"has-post-thumbnail","6":"product_cat-oncocare-setler","7":"desktop-align-center","8":"tablet-align-center","9":"mobile-align-center","10":"ast-product-gallery-layout-horizontal-slider","11":"ast-product-tabs-layout-horizontal","13":"first","14":"instock","15":"shipping-taxable","16":"product-type-simple"},"_links":{"self":[{"href":"https:\/\/oncosem.co.uk\/tr\/wp-json\/wp\/v2\/product\/1351","targetHints":{"allow":["GET"]}}],"collection":[{"href":"https:\/\/oncosem.co.uk\/tr\/wp-json\/wp\/v2\/product"}],"about":[{"href":"https:\/\/oncosem.co.uk\/tr\/wp-json\/wp\/v2\/types\/product"}],"wp:featuredmedia":[{"embeddable":true,"href":"https:\/\/oncosem.co.uk\/tr\/wp-json\/wp\/v2\/media\/6596"}],"wp:attachment":[{"href":"https:\/\/oncosem.co.uk\/tr\/wp-json\/wp\/v2\/media?parent=1351"}],"wp:term":[{"taxonomy":"product_brand","embeddable":true,"href":"https:\/\/oncosem.co.uk\/tr\/wp-json\/wp\/v2\/product_brand?post=1351"},{"taxonomy":"product_cat","embeddable":true,"href":"https:\/\/oncosem.co.uk\/tr\/wp-json\/wp\/v2\/product_cat?post=1351"},{"taxonomy":"product_tag","embeddable":true,"href":"https:\/\/oncosem.co.uk\/tr\/wp-json\/wp\/v2\/product_tag?post=1351"}],"curies":[{"name":"wp","href":"https:\/\/api.w.org\/{rel}","templated":true}]}}