{"id":1445,"date":"2022-05-07T18:08:00","date_gmt":"2022-05-07T18:08:00","guid":{"rendered":"https:\/\/oncosem.co.uk\/product\/ignesiz-valfli-y-konnektorlu-baglanti-hatti\/"},"modified":"2024-11-08T12:46:52","modified_gmt":"2024-11-08T12:46:52","slug":"ignesiz-valfli-y-konnektorlu-baglanti-hatti","status":"publish","type":"product","link":"https:\/\/oncosem.co.uk\/tr\/urun\/ignesiz-valfli-y-konnektorlu-baglanti-hatti\/","title":{"rendered":"\u0130\u011fnesiz Valfli Y Konnekt\u00f6rl\u00fc Ba\u011flant\u0131 Hatt\u0131"},"content":{"rendered":"","protected":false},"excerpt":{"rendered":"<p><strong>\u00dcr\u00fcn Kodu: <\/strong>ODEL042-Y &#8211;\u00a0\u00a0 Taksol Filtreli \u0130\u011fnesiz Valfli Y Konnekt\u00f6rl\u00fc Ba\u011flant\u0131 Hatt\u0131<\/p>\n<p>Kemoterapi uygulamalar\u0131nda, antineoplastik ila\u00e7lar\u0131n haz\u0131rlanmas\u0131 amac\u0131 ile kullan\u0131lan, \u0131\u015f\u0131ktan korumal\u0131, latex, DEHP(dietilhekzilftalat) i\u00e7ermeyen medikal malzemeden \u00fcretilmi\u015f, 0,2 mikron taksol filtreli veya filtresiz, steril, tek kullan\u0131ml\u0131k t\u0131bbi cihazd\u0131r.<\/p>\n<p>\u2013 ISO8 Temiz Odada bir araya getirilmi\u015ftir.<br \/>\n\u2013 Etilen Oksit ile steril edilmi\u015ftir.<br \/>\n\u2013 Raf \u00f6mr\u00fc 5 y\u0131ld\u0131r.<br \/>\n\u2013 5-40\u00b0C aras\u0131nda saklanabilir.<\/p>\n","protected":false},"featured_media":6306,"template":"","meta":{"inline_featured_image":false,"site-sidebar-layout":"default","site-content-layout":"default","ast-site-content-layout":"default","site-content-style":"default","site-sidebar-style":"default","ast-global-header-display":"","ast-banner-title-visibility":"","ast-main-header-display":"","ast-hfb-above-header-display":"","ast-hfb-below-header-display":"","ast-hfb-mobile-header-display":"","site-post-title":"","ast-breadcrumbs-content":"","ast-featured-img":"","footer-sml-layout":"","ast-disable-related-posts":"","theme-transparent-header-meta":"default","adv-header-id-meta":"","stick-header-meta":"default","header-above-stick-meta":"","header-main-stick-meta":"","header-below-stick-meta":"","astra-migrate-meta-layouts":"set","ast-page-background-enabled":"default","ast-page-background-meta":{"desktop":{"background-color":"","background-image":"","background-repeat":"repeat","background-position":"center center","background-size":"auto","background-attachment":"scroll","background-type":"","background-media":"","overlay-type":"","overlay-color":"","overlay-opacity":"","overlay-gradient":""},"tablet":{"background-color":"","background-image":"","background-repeat":"repeat","background-position":"center center","background-size":"auto","background-attachment":"scroll","background-type":"","background-media":"","overlay-type":"","overlay-color":"","overlay-opacity":"","overlay-gradient":""},"mobile":{"background-color":"","background-image":"","background-repeat":"repeat","background-position":"center center","background-size":"auto","background-attachment":"scroll","background-type":"","background-media":"","overlay-type":"","overlay-color":"","overlay-opacity":"","overlay-gradient":""}},"ast-content-background-meta":{"desktop":{"background-color":"var(--ast-global-color-5)","background-image":"","background-repeat":"repeat","background-position":"center center","background-size":"auto","background-attachment":"scroll","background-type":"","background-media":"","overlay-type":"","overlay-color":"","overlay-opacity":"","overlay-gradient":""},"tablet":{"background-color":"var(--ast-global-color-5)","background-image":"","background-repeat":"repeat","background-position":"center center","background-size":"auto","background-attachment":"scroll","background-type":"","background-media":"","overlay-type":"","overlay-color":"","overlay-opacity":"","overlay-gradient":""},"mobile":{"background-color":"var(--ast-global-color-5)","background-image":"","background-repeat":"repeat","background-position":"center center","background-size":"auto","background-attachment":"scroll","background-type":"","background-media":"","overlay-type":"","overlay-color":"","overlay-opacity":"","overlay-gradient":""}}},"product_brand":[],"product_cat":[67],"product_tag":[],"class_list":{"0":"post-1445","1":"product","2":"type-product","3":"status-publish","4":"has-post-thumbnail","6":"product_cat-oncocare-setler","7":"desktop-align-center","8":"tablet-align-center","9":"mobile-align-center","10":"ast-product-gallery-layout-horizontal-slider","11":"ast-product-tabs-layout-horizontal","13":"first","14":"instock","15":"shipping-taxable","16":"purchasable","17":"product-type-simple"},"_links":{"self":[{"href":"https:\/\/oncosem.co.uk\/tr\/wp-json\/wp\/v2\/product\/1445","targetHints":{"allow":["GET"]}}],"collection":[{"href":"https:\/\/oncosem.co.uk\/tr\/wp-json\/wp\/v2\/product"}],"about":[{"href":"https:\/\/oncosem.co.uk\/tr\/wp-json\/wp\/v2\/types\/product"}],"wp:featuredmedia":[{"embeddable":true,"href":"https:\/\/oncosem.co.uk\/tr\/wp-json\/wp\/v2\/media\/6306"}],"wp:attachment":[{"href":"https:\/\/oncosem.co.uk\/tr\/wp-json\/wp\/v2\/media?parent=1445"}],"wp:term":[{"taxonomy":"product_brand","embeddable":true,"href":"https:\/\/oncosem.co.uk\/tr\/wp-json\/wp\/v2\/product_brand?post=1445"},{"taxonomy":"product_cat","embeddable":true,"href":"https:\/\/oncosem.co.uk\/tr\/wp-json\/wp\/v2\/product_cat?post=1445"},{"taxonomy":"product_tag","embeddable":true,"href":"https:\/\/oncosem.co.uk\/tr\/wp-json\/wp\/v2\/product_tag?post=1445"}],"curies":[{"name":"wp","href":"https:\/\/api.w.org\/{rel}","templated":true}]}}