{"id":1446,"date":"2022-05-07T15:14:03","date_gmt":"2022-05-07T15:14:03","guid":{"rendered":"https:\/\/oncosem.co.uk\/product\/ilac-baglanti-hatti-ilac-baglanti-hatti-filtreli\/"},"modified":"2023-05-04T19:32:56","modified_gmt":"2023-05-04T19:32:56","slug":"ilac-baglanti-hatti-ilac-baglanti-hatti-filtreli","status":"publish","type":"product","link":"https:\/\/oncosem.co.uk\/tr\/urun\/ilac-baglanti-hatti-ilac-baglanti-hatti-filtreli\/","title":{"rendered":"\u0130la\u00e7 Ba\u011flant\u0131 Hatt\u0131 Filtreli\/Filtresiz"},"content":{"rendered":"","protected":false},"excerpt":{"rendered":"<p><strong>\u00dcr\u00fcn Kodu:<\/strong><\/p>\n<p>ODEL041 \u2013 Filtresiz \u0130la\u00e7 Ba\u011flant\u0131 Hatt\u0131<br \/>\nODEL063-T \u2013 Taksol Filtreli \u0130la\u00e7 Ba\u011flant\u0131 Hatt\u0131<\/p>\n<p>Kemoterapi uygulamalar\u0131nda, antineoplastik ila\u00e7lar\u0131n kapal\u0131 sistem haz\u0131rlanmas\u0131 ve hastaya ila\u00e7lar\u0131n transferi a\u015famas\u0131nda kullan\u0131lan, gerekti\u011finde 0,2 mikron taksol filtreli olarak da temin edilebilen settir.\u00a0Latex, DEHP(dietilhekzilftalat) i\u00e7ermeyen, kemoterapi ila\u00e7lar\u0131 ile uyumlu \u0131\u015f\u0131ktan korumal\u0131 medikal malzemeden \u00fcretilmi\u015ftir.<\/p>\n<p>&#8211; T\u00fcm Luerlock Konnekt\u00f6r ve valflerle uyumludur.<br \/>\n&#8211; <span style=\"font-size: 16px;\">ISO8 Temiz Odada bir araya getirilmi\u015ftir.<br \/>\n&#8211; <\/span>Etilen Oksit ile steril edilmi\u015ftir.<br \/>\n&#8211; Raf \u00f6mr\u00fc 5 y\u0131ld\u0131r.<br \/>\n&#8211; 5-40\u00b0C aras\u0131nda saklanabilir.<\/p>\n","protected":false},"featured_media":3811,"template":"","meta":{"inline_featured_image":false,"site-sidebar-layout":"default","site-content-layout":"default","ast-site-content-layout":"default","site-content-style":"default","site-sidebar-style":"default","ast-global-header-display":"","ast-banner-title-visibility":"","ast-main-header-display":"","ast-hfb-above-header-display":"","ast-hfb-below-header-display":"","ast-hfb-mobile-header-display":"","site-post-title":"","ast-breadcrumbs-content":"","ast-featured-img":"","footer-sml-layout":"","ast-disable-related-posts":"","theme-transparent-header-meta":"default","adv-header-id-meta":"","stick-header-meta":"default","header-above-stick-meta":"","header-main-stick-meta":"","header-below-stick-meta":"","astra-migrate-meta-layouts":"default","ast-page-background-enabled":"default","ast-page-background-meta":{"desktop":{"background-color":"","background-image":"","background-repeat":"repeat","background-position":"center center","background-size":"auto","background-attachment":"scroll","background-type":"","background-media":"","overlay-type":"","overlay-color":"","overlay-opacity":"","overlay-gradient":""},"tablet":{"background-color":"","background-image":"","background-repeat":"repeat","background-position":"center center","background-size":"auto","background-attachment":"scroll","background-type":"","background-media":"","overlay-type":"","overlay-color":"","overlay-opacity":"","overlay-gradient":""},"mobile":{"background-color":"","background-image":"","background-repeat":"repeat","background-position":"center center","background-size":"auto","background-attachment":"scroll","background-type":"","background-media":"","overlay-type":"","overlay-color":"","overlay-opacity":"","overlay-gradient":""}},"ast-content-background-meta":{"desktop":{"background-color":"var(--ast-global-color-5)","background-image":"","background-repeat":"repeat","background-position":"center center","background-size":"auto","background-attachment":"scroll","background-type":"","background-media":"","overlay-type":"","overlay-color":"","overlay-opacity":"","overlay-gradient":""},"tablet":{"background-color":"var(--ast-global-color-5)","background-image":"","background-repeat":"repeat","background-position":"center center","background-size":"auto","background-attachment":"scroll","background-type":"","background-media":"","overlay-type":"","overlay-color":"","overlay-opacity":"","overlay-gradient":""},"mobile":{"background-color":"var(--ast-global-color-5)","background-image":"","background-repeat":"repeat","background-position":"center center","background-size":"auto","background-attachment":"scroll","background-type":"","background-media":"","overlay-type":"","overlay-color":"","overlay-opacity":"","overlay-gradient":""}}},"product_brand":[],"product_cat":[67],"product_tag":[],"class_list":{"0":"post-1446","1":"product","2":"type-product","3":"status-publish","4":"has-post-thumbnail","6":"product_cat-oncocare-setler","7":"desktop-align-center","8":"tablet-align-center","9":"mobile-align-center","10":"ast-product-gallery-layout-horizontal-slider","11":"ast-product-gallery-with-no-image","12":"ast-product-tabs-layout-horizontal","14":"first","15":"instock","16":"shipping-taxable","17":"product-type-simple"},"_links":{"self":[{"href":"https:\/\/oncosem.co.uk\/tr\/wp-json\/wp\/v2\/product\/1446","targetHints":{"allow":["GET"]}}],"collection":[{"href":"https:\/\/oncosem.co.uk\/tr\/wp-json\/wp\/v2\/product"}],"about":[{"href":"https:\/\/oncosem.co.uk\/tr\/wp-json\/wp\/v2\/types\/product"}],"wp:featuredmedia":[{"embeddable":true,"href":"https:\/\/oncosem.co.uk\/tr\/wp-json\/wp\/v2\/media\/3811"}],"wp:attachment":[{"href":"https:\/\/oncosem.co.uk\/tr\/wp-json\/wp\/v2\/media?parent=1446"}],"wp:term":[{"taxonomy":"product_brand","embeddable":true,"href":"https:\/\/oncosem.co.uk\/tr\/wp-json\/wp\/v2\/product_brand?post=1446"},{"taxonomy":"product_cat","embeddable":true,"href":"https:\/\/oncosem.co.uk\/tr\/wp-json\/wp\/v2\/product_cat?post=1446"},{"taxonomy":"product_tag","embeddable":true,"href":"https:\/\/oncosem.co.uk\/tr\/wp-json\/wp\/v2\/product_tag?post=1446"}],"curies":[{"name":"wp","href":"https:\/\/api.w.org\/{rel}","templated":true}]}}