{"id":1449,"date":"2022-05-07T15:03:04","date_gmt":"2022-05-07T15:03:04","guid":{"rendered":"https:\/\/oncosem.co.uk\/product\/antineolastik-ignesiz-enjeksiyon-valfi\/"},"modified":"2024-09-16T07:04:24","modified_gmt":"2024-09-16T07:04:24","slug":"oncovalve-ignesiz-enjeksiyon-valfi","status":"publish","type":"product","link":"https:\/\/oncosem.co.uk\/tr\/urun\/oncovalve-ignesiz-enjeksiyon-valfi\/","title":{"rendered":"Oncovalve \u0130\u011fnesiz Enjeksiyon Valfi"},"content":{"rendered":"","protected":false},"excerpt":{"rendered":"<p><strong>\u00dcr\u00fcn Kodu:<\/strong> OV002<\/p>\n<p>Kemoterapi ila\u00e7lar\u0131 ile uyumlu, polikarbonat malzemeden \u00fcretilmi\u015f, latex, DEHP(dietilhekzilftalat) i\u00e7ermeyen tek kullan\u0131ml\u0131k t\u0131bbi cihazd\u0131r. Flakon adapt\u00f6r\u00fcn\u00fcn veya EVA torban\u0131n port ucunda; enjekt\u00f6r ve damar yolu giri\u015f ara\u00e7lar\u0131 aras\u0131ndaki ba\u011flant\u0131da kullan\u0131larak tam kapal\u0131 bir transfer sistemi olu\u015fturur. Bu sayede hasta ve \u00e7al\u0131\u015fanlar\u0131n sitotoksik ila\u00e7larla kontaminasyon riskini engeller.<\/p>\n<p><strong>\u00dcr\u00fcn \u00d6zelli\u011fi:<\/strong><br \/>\n&#8211; ISO8 Temiz Odada bir araya getirilmi\u015ftir.<br \/>\n&#8211; Etilen Oksit ile steril edilmi\u015ftir.<br \/>\n&#8211; Raf \u00f6mr\u00fc 5 y\u0131ld\u0131r.<br \/>\n&#8211; 5-40\u00b0C aras\u0131nda saklanabilir.<\/p>\n","protected":false},"featured_media":6341,"template":"","meta":{"inline_featured_image":false,"site-sidebar-layout":"default","site-content-layout":"default","ast-site-content-layout":"default","site-content-style":"default","site-sidebar-style":"default","ast-global-header-display":"","ast-banner-title-visibility":"","ast-main-header-display":"","ast-hfb-above-header-display":"","ast-hfb-below-header-display":"","ast-hfb-mobile-header-display":"","site-post-title":"","ast-breadcrumbs-content":"","ast-featured-img":"","footer-sml-layout":"","ast-disable-related-posts":"","theme-transparent-header-meta":"default","adv-header-id-meta":"","stick-header-meta":"default","header-above-stick-meta":"","header-main-stick-meta":"","header-below-stick-meta":"","astra-migrate-meta-layouts":"set","ast-page-background-enabled":"default","ast-page-background-meta":{"desktop":{"background-color":"","background-image":"","background-repeat":"repeat","background-position":"center center","background-size":"auto","background-attachment":"scroll","background-type":"","background-media":"","overlay-type":"","overlay-color":"","overlay-opacity":"","overlay-gradient":""},"tablet":{"background-color":"","background-image":"","background-repeat":"repeat","background-position":"center center","background-size":"auto","background-attachment":"scroll","background-type":"","background-media":"","overlay-type":"","overlay-color":"","overlay-opacity":"","overlay-gradient":""},"mobile":{"background-color":"","background-image":"","background-repeat":"repeat","background-position":"center center","background-size":"auto","background-attachment":"scroll","background-type":"","background-media":"","overlay-type":"","overlay-color":"","overlay-opacity":"","overlay-gradient":""}},"ast-content-background-meta":{"desktop":{"background-color":"var(--ast-global-color-5)","background-image":"","background-repeat":"repeat","background-position":"center center","background-size":"auto","background-attachment":"scroll","background-type":"","background-media":"","overlay-type":"","overlay-color":"","overlay-opacity":"","overlay-gradient":""},"tablet":{"background-color":"var(--ast-global-color-5)","background-image":"","background-repeat":"repeat","background-position":"center center","background-size":"auto","background-attachment":"scroll","background-type":"","background-media":"","overlay-type":"","overlay-color":"","overlay-opacity":"","overlay-gradient":""},"mobile":{"background-color":"var(--ast-global-color-5)","background-image":"","background-repeat":"repeat","background-position":"center center","background-size":"auto","background-attachment":"scroll","background-type":"","background-media":"","overlay-type":"","overlay-color":"","overlay-opacity":"","overlay-gradient":""}}},"product_brand":[],"product_cat":[67],"product_tag":[],"class_list":{"0":"post-1449","1":"product","2":"type-product","3":"status-publish","4":"has-post-thumbnail","6":"product_cat-oncocare-setler","7":"desktop-align-center","8":"tablet-align-center","9":"mobile-align-center","10":"ast-product-gallery-layout-horizontal-slider","11":"ast-product-tabs-layout-horizontal","13":"first","14":"instock","15":"shipping-taxable","16":"product-type-simple"},"_links":{"self":[{"href":"https:\/\/oncosem.co.uk\/tr\/wp-json\/wp\/v2\/product\/1449","targetHints":{"allow":["GET"]}}],"collection":[{"href":"https:\/\/oncosem.co.uk\/tr\/wp-json\/wp\/v2\/product"}],"about":[{"href":"https:\/\/oncosem.co.uk\/tr\/wp-json\/wp\/v2\/types\/product"}],"wp:featuredmedia":[{"embeddable":true,"href":"https:\/\/oncosem.co.uk\/tr\/wp-json\/wp\/v2\/media\/6341"}],"wp:attachment":[{"href":"https:\/\/oncosem.co.uk\/tr\/wp-json\/wp\/v2\/media?parent=1449"}],"wp:term":[{"taxonomy":"product_brand","embeddable":true,"href":"https:\/\/oncosem.co.uk\/tr\/wp-json\/wp\/v2\/product_brand?post=1449"},{"taxonomy":"product_cat","embeddable":true,"href":"https:\/\/oncosem.co.uk\/tr\/wp-json\/wp\/v2\/product_cat?post=1449"},{"taxonomy":"product_tag","embeddable":true,"href":"https:\/\/oncosem.co.uk\/tr\/wp-json\/wp\/v2\/product_tag?post=1449"}],"curies":[{"name":"wp","href":"https:\/\/api.w.org\/{rel}","templated":true}]}}