{"id":1459,"date":"2022-06-12T20:37:50","date_gmt":"2022-06-12T20:37:50","guid":{"rendered":"https:\/\/oncosem.co.uk\/product\/doner-luer-kilidi\/"},"modified":"2022-06-12T20:37:50","modified_gmt":"2022-06-12T20:37:50","slug":"doner-luer-kilidi","status":"publish","type":"product","link":"https:\/\/oncosem.co.uk\/tr\/urun\/doner-luer-kilidi\/","title":{"rendered":"D\u00f6ner Luer Kilidi"},"content":{"rendered":"<p><img fetchpriority=\"high\" decoding=\"async\" class=\"alignnone size-medium wp-image-600\" src=\"https:\/\/oncosem.co.uk\/wp-content\/uploads\/2022\/06\/rotating-male-konnekto-01-300x300.jpg\" alt=\"\" width=\"300\" height=\"300\" srcset=\"https:\/\/oncosem.co.uk\/wp-content\/uploads\/2022\/06\/rotating-male-konnekto-01-300x300.jpg 300w, https:\/\/oncosem.co.uk\/wp-content\/uploads\/2022\/06\/rotating-male-konnekto-01-1024x1024.jpg 1024w, https:\/\/oncosem.co.uk\/wp-content\/uploads\/2022\/06\/rotating-male-konnekto-01-150x150.jpg 150w, https:\/\/oncosem.co.uk\/wp-content\/uploads\/2022\/06\/rotating-male-konnekto-01-768x768.jpg 768w, https:\/\/oncosem.co.uk\/wp-content\/uploads\/2022\/06\/rotating-male-konnekto-01-1000x1000.jpg 1000w, https:\/\/oncosem.co.uk\/wp-content\/uploads\/2022\/06\/rotating-male-konnekto-01-250x250.jpg 250w, https:\/\/oncosem.co.uk\/wp-content\/uploads\/2022\/06\/rotating-male-konnekto-01.jpg 1100w\" sizes=\"(max-width: 300px) 100vw, 300px\" \/><\/p>\n<table width=\"437\">\n<tbody>\n<tr>\n<td colspan=\"4\" width=\"437\"><strong>D\u00d6NER LUER K\u0130L\u0130D\u0130<\/strong><\/td>\n<\/tr>\n<tr>\n<td colspan=\"3\" width=\"373\">2,5-3,7 mm \u0130\u00c7 \u00c7APLI BORU \u0130\u00c7\u0130N<\/td>\n<\/tr>\n<tr>\n<td colspan=\"3\" width=\"373\">D\u00d6KME \/ STER\u0130L OLMAYAN<\/td>\n<\/tr>\n<tr>\n<td colspan=\"2\" width=\"167\"><strong>KOD<\/strong><\/td>\n<td width=\"206\">RMLL01<\/td>\n<\/tr>\n<tr>\n<td colspan=\"2\" width=\"167\"><strong>MALZEME<\/strong><\/td>\n<td width=\"206\">ABS (<strong>DEHP \u0130\u00c7ERMEZ<\/strong>) (<strong>LATEX-\u0130\u00c7ERMEZ<\/strong>)<\/td>\n<\/tr>\n<tr>\n<td colspan=\"2\" width=\"167\"><strong>RENK<\/strong><\/td>\n<td width=\"206\">N\u00d6TR<\/td>\n<\/tr>\n<tr>\n<td colspan=\"2\" width=\"167\"><strong>STER\u0130L\u0130ZASYON<\/strong><\/td>\n<td width=\"206\">EO<\/td>\n<\/tr>\n<tr>\n<td rowspan=\"5\" width=\"66\"><strong>PAKETLEME<\/strong><\/td>\n<td width=\"101\">KUTU \u0130\u00c7\u0130NDE \u00dcR\u00dcN M\u0130KTARI<\/td>\n<td width=\"206\">10.000 Adet<\/td>\n<\/tr>\n<tr>\n<td width=\"101\">KUTU EBATLARI<\/td>\n<td width=\"206\">285*385*370 mm<\/td>\n<\/tr>\n<tr>\n<td width=\"101\">NET A\u011eIRLIK<\/td>\n<td width=\"206\">15.800 gr<\/td>\n<\/tr>\n<tr>\n<td width=\"101\">BR\u00dcT A\u011eIRLIK<\/td>\n<td width=\"206\">9.940 gr<\/td>\n<\/tr>\n<tr>\n<td width=\"101\">HAC\u0130M<\/td>\n<td width=\"206\">0,04 m\u00b3<\/td>\n<\/tr>\n<\/tbody>\n<\/table>\n","protected":false},"excerpt":{"rendered":"<p><strong>\u00dcr\u00fcn Kodu:<\/strong> RMLL01<br \/>\n<strong>Marka:<\/strong> ONCOSEM D\u00d6NER LUER K\u0130L\u0130D\u0130<br \/>\n<strong>\u00dcretici:<\/strong>\u00a0ONCOSEM ONKOLOJ\u0130K S\u0130STEMLER A.\u015e<\/p>\n<p><strong>D\u00f6ner Luer Kilidi<\/strong><\/p>\n","protected":false},"featured_media":1133,"template":"","meta":{"inline_featured_image":false,"site-sidebar-layout":"default","site-content-layout":"default","ast-site-content-layout":"default","site-content-style":"default","site-sidebar-style":"default","ast-global-header-display":"","ast-banner-title-visibility":"","ast-main-header-display":"","ast-hfb-above-header-display":"","ast-hfb-below-header-display":"","ast-hfb-mobile-header-display":"","site-post-title":"","ast-breadcrumbs-content":"","ast-featured-img":"","footer-sml-layout":"","ast-disable-related-posts":"","theme-transparent-header-meta":"default","adv-header-id-meta":"","stick-header-meta":"default","header-above-stick-meta":"","header-main-stick-meta":"","header-below-stick-meta":"","astra-migrate-meta-layouts":"default","ast-page-background-enabled":"default","ast-page-background-meta":{"desktop":{"background-color":"","background-image":"","background-repeat":"repeat","background-position":"center center","background-size":"auto","background-attachment":"scroll","background-type":"","background-media":"","overlay-type":"","overlay-color":"","overlay-opacity":"","overlay-gradient":""},"tablet":{"background-color":"","background-image":"","background-repeat":"repeat","background-position":"center center","background-size":"auto","background-attachment":"scroll","background-type":"","background-media":"","overlay-type":"","overlay-color":"","overlay-opacity":"","overlay-gradient":""},"mobile":{"background-color":"","background-image":"","background-repeat":"repeat","background-position":"center center","background-size":"auto","background-attachment":"scroll","background-type":"","background-media":"","overlay-type":"","overlay-color":"","overlay-opacity":"","overlay-gradient":""}},"ast-content-background-meta":{"desktop":{"background-color":"var(--ast-global-color-5)","background-image":"","background-repeat":"repeat","background-position":"center center","background-size":"auto","background-attachment":"scroll","background-type":"","background-media":"","overlay-type":"","overlay-color":"","overlay-opacity":"","overlay-gradient":""},"tablet":{"background-color":"var(--ast-global-color-5)","background-image":"","background-repeat":"repeat","background-position":"center center","background-size":"auto","background-attachment":"scroll","background-type":"","background-media":"","overlay-type":"","overlay-color":"","overlay-opacity":"","overlay-gradient":""},"mobile":{"background-color":"var(--ast-global-color-5)","background-image":"","background-repeat":"repeat","background-position":"center center","background-size":"auto","background-attachment":"scroll","background-type":"","background-media":"","overlay-type":"","overlay-color":"","overlay-opacity":"","overlay-gradient":""}}},"product_brand":[],"product_cat":[56],"product_tag":[],"class_list":{"0":"post-1459","1":"product","2":"type-product","3":"status-publish","4":"has-post-thumbnail","6":"product_cat-yari-mamuller","7":"desktop-align-center","8":"tablet-align-center","9":"mobile-align-center","10":"ast-product-gallery-layout-horizontal-slider","11":"ast-product-tabs-layout-horizontal","13":"first","14":"instock","15":"shipping-taxable","16":"purchasable","17":"product-type-simple"},"_links":{"self":[{"href":"https:\/\/oncosem.co.uk\/tr\/wp-json\/wp\/v2\/product\/1459","targetHints":{"allow":["GET"]}}],"collection":[{"href":"https:\/\/oncosem.co.uk\/tr\/wp-json\/wp\/v2\/product"}],"about":[{"href":"https:\/\/oncosem.co.uk\/tr\/wp-json\/wp\/v2\/types\/product"}],"wp:featuredmedia":[{"embeddable":true,"href":"https:\/\/oncosem.co.uk\/tr\/wp-json\/wp\/v2\/media\/1133"}],"wp:attachment":[{"href":"https:\/\/oncosem.co.uk\/tr\/wp-json\/wp\/v2\/media?parent=1459"}],"wp:term":[{"taxonomy":"product_brand","embeddable":true,"href":"https:\/\/oncosem.co.uk\/tr\/wp-json\/wp\/v2\/product_brand?post=1459"},{"taxonomy":"product_cat","embeddable":true,"href":"https:\/\/oncosem.co.uk\/tr\/wp-json\/wp\/v2\/product_cat?post=1459"},{"taxonomy":"product_tag","embeddable":true,"href":"https:\/\/oncosem.co.uk\/tr\/wp-json\/wp\/v2\/product_tag?post=1459"}],"curies":[{"name":"wp","href":"https:\/\/api.w.org\/{rel}","templated":true}]}}