{"id":1470,"date":"2022-06-08T05:39:55","date_gmt":"2022-06-08T05:39:55","guid":{"rendered":"https:\/\/oncosem.co.uk\/product\/pinch-clamp\/"},"modified":"2022-07-30T14:21:26","modified_gmt":"2022-07-30T14:21:26","slug":"pinch-clamp","status":"publish","type":"product","link":"https:\/\/oncosem.co.uk\/tr\/urun\/pinch-clamp\/","title":{"rendered":"Pinch Clamp"},"content":{"rendered":"<p><img fetchpriority=\"high\" decoding=\"async\" class=\"alignnone size-medium wp-image-591\" src=\"https:\/\/oncosem.co.uk\/wp-content\/uploads\/2022\/06\/klemp-kirmizi-02-300x300.jpg\" alt=\"\" width=\"300\" height=\"300\" srcset=\"https:\/\/oncosem.co.uk\/wp-content\/uploads\/2022\/06\/klemp-kirmizi-02-300x300.jpg 300w, https:\/\/oncosem.co.uk\/wp-content\/uploads\/2022\/06\/klemp-kirmizi-02-1024x1024.jpg 1024w, https:\/\/oncosem.co.uk\/wp-content\/uploads\/2022\/06\/klemp-kirmizi-02-150x150.jpg 150w, https:\/\/oncosem.co.uk\/wp-content\/uploads\/2022\/06\/klemp-kirmizi-02-768x768.jpg 768w, https:\/\/oncosem.co.uk\/wp-content\/uploads\/2022\/06\/klemp-kirmizi-02-1000x1000.jpg 1000w, https:\/\/oncosem.co.uk\/wp-content\/uploads\/2022\/06\/klemp-kirmizi-02-250x250.jpg 250w, https:\/\/oncosem.co.uk\/wp-content\/uploads\/2022\/06\/klemp-kirmizi-02.jpg 1100w\" sizes=\"(max-width: 300px) 100vw, 300px\" \/><\/p>\n<table width=\"437\">\n<tbody>\n<tr>\n<td colspan=\"4\" width=\"437\"><strong>K\u00dc\u00c7\u00dcK KLEMP<\/strong><\/td>\n<\/tr>\n<tr>\n<td colspan=\"3\" width=\"373\">2mm &#8211; 5.5mm DI\u015e \u00c7APLI HORTUM \u0130\u00c7\u0130N UYUMLU<\/td>\n<\/tr>\n<tr>\n<td colspan=\"3\" width=\"373\">D\u00d6KME<\/td>\n<\/tr>\n<tr>\n<td colspan=\"2\" width=\"167\"><strong>KOD<\/strong><\/td>\n<td width=\"206\">KLSK01<\/td>\n<\/tr>\n<tr>\n<td colspan=\"2\" width=\"167\"><strong>MALZEME<\/strong><\/td>\n<td width=\"206\">PP<br \/>\n<img decoding=\"async\" class=\"alignnone size-full wp-image-2074\" src=\"https:\/\/oncosem.co.uk\/wp-content\/uploads\/2022\/05\/dehp-latex-free.png\" alt=\"\" width=\"101\" height=\"46\" \/><\/td>\n<\/tr>\n<tr>\n<td colspan=\"2\" width=\"167\"><strong>RENK<\/strong><\/td>\n<td width=\"206\">KIRMIZI<\/td>\n<\/tr>\n<tr>\n<td colspan=\"2\" width=\"167\"><strong>STER\u0130L\u0130ZASYON<\/strong><\/td>\n<td width=\"206\">ETO<\/td>\n<\/tr>\n<tr>\n<td rowspan=\"5\" width=\"66\"><strong>PAKETLEME<\/strong><\/td>\n<td width=\"101\">\u00dcR\u00dcN ADET \/ KOL\u0130<\/td>\n<td width=\"206\">15.000 Adet<\/td>\n<\/tr>\n<tr>\n<td width=\"101\">KOL\u0130 EBATLARI<\/td>\n<td width=\"206\">400*600*400 mm<\/td>\n<\/tr>\n<tr>\n<td width=\"101\">NET A\u011eIRLIK<\/td>\n<td width=\"206\">15.800 gr<\/td>\n<\/tr>\n<tr>\n<td width=\"101\">BR\u00dcT A\u011eIRLIK<\/td>\n<td width=\"206\">16.780 gr<\/td>\n<\/tr>\n<tr>\n<td width=\"101\">HAC\u0130M<\/td>\n<td width=\"206\">0,10 m\u00b3<\/td>\n<\/tr>\n<\/tbody>\n<\/table>\n<p><img decoding=\"async\" class=\"alignnone size-medium wp-image-589\" src=\"https:\/\/oncosem.co.uk\/wp-content\/uploads\/2022\/06\/klemp-beyaz-02-300x300.jpg\" alt=\"\" width=\"300\" height=\"300\" srcset=\"https:\/\/oncosem.co.uk\/wp-content\/uploads\/2022\/06\/klemp-beyaz-02-300x300.jpg 300w, https:\/\/oncosem.co.uk\/wp-content\/uploads\/2022\/06\/klemp-beyaz-02-1024x1024.jpg 1024w, https:\/\/oncosem.co.uk\/wp-content\/uploads\/2022\/06\/klemp-beyaz-02-150x150.jpg 150w, https:\/\/oncosem.co.uk\/wp-content\/uploads\/2022\/06\/klemp-beyaz-02-768x768.jpg 768w, https:\/\/oncosem.co.uk\/wp-content\/uploads\/2022\/06\/klemp-beyaz-02-1000x1000.jpg 1000w, https:\/\/oncosem.co.uk\/wp-content\/uploads\/2022\/06\/klemp-beyaz-02-250x250.jpg 250w, https:\/\/oncosem.co.uk\/wp-content\/uploads\/2022\/06\/klemp-beyaz-02.jpg 1100w\" sizes=\"(max-width: 300px) 100vw, 300px\" \/><\/p>\n<table width=\"437\">\n<tbody>\n<tr>\n<td colspan=\"4\" width=\"437\"><strong>ORTA BOY KLEMP<\/strong><\/td>\n<\/tr>\n<tr>\n<td colspan=\"3\" width=\"373\">6mm &#8211; 7mm DI\u015e \u00c7APLI HORTUM \u0130\u00c7\u0130N UYUMLU<\/td>\n<\/tr>\n<tr>\n<td colspan=\"3\" width=\"373\">D\u00d6KME<\/td>\n<\/tr>\n<tr>\n<td colspan=\"2\" width=\"167\"><strong>KOD<\/strong><\/td>\n<td width=\"206\">MKB01<\/td>\n<\/tr>\n<tr>\n<td colspan=\"2\" width=\"167\"><strong>MALZEME<\/strong><\/td>\n<td width=\"206\">PP<br \/>\n<img decoding=\"async\" class=\"alignnone size-full wp-image-2074\" src=\"https:\/\/oncosem.co.uk\/wp-content\/uploads\/2022\/05\/dehp-latex-free.png\" alt=\"\" width=\"101\" height=\"46\" \/><\/td>\n<\/tr>\n<tr>\n<td colspan=\"2\" width=\"167\"><strong>RENK<\/strong><\/td>\n<td width=\"206\">BEYAZ<\/td>\n<\/tr>\n<tr>\n<td colspan=\"2\" width=\"167\"><strong>STER\u0130L\u0130ZASYON<\/strong><\/td>\n<td width=\"206\">ETO<\/td>\n<\/tr>\n<tr>\n<td rowspan=\"5\" width=\"66\"><strong>PAKETLEME<\/strong><\/td>\n<td width=\"101\">\u00dcR\u00dcN ADET \/ KOL\u0130<\/td>\n<td width=\"206\">7.000 Adet<\/td>\n<\/tr>\n<tr>\n<td width=\"101\">KOL\u0130 EBATLARI<\/td>\n<td width=\"206\">400*600*400 mm<\/td>\n<\/tr>\n<tr>\n<td width=\"101\">NET A\u011eIRLIK<\/td>\n<td width=\"206\">14.470 gr<\/td>\n<\/tr>\n<tr>\n<td width=\"101\">BR\u00dcT A\u011eIRLIK<\/td>\n<td width=\"206\">15.450 gr<\/td>\n<\/tr>\n<tr>\n<td width=\"101\">HAC\u0130M<\/td>\n<td width=\"206\">0,10 m\u00b3<\/td>\n<\/tr>\n<\/tbody>\n<\/table>\n","protected":false},"excerpt":{"rendered":"<p><strong>\u00dcr\u00fcn Kodu:<\/strong> SMPC<\/p>\n<p><strong>K\u00fc\u00e7\u00fck \/ Orta Boy Klemp (K\u0131rm\u0131z\u0131\/Beyaz)<\/strong><\/p>\n","protected":false},"featured_media":1125,"template":"","meta":{"inline_featured_image":false,"site-sidebar-layout":"default","site-content-layout":"default","ast-site-content-layout":"default","site-content-style":"default","site-sidebar-style":"default","ast-global-header-display":"","ast-banner-title-visibility":"","ast-main-header-display":"","ast-hfb-above-header-display":"","ast-hfb-below-header-display":"","ast-hfb-mobile-header-display":"","site-post-title":"","ast-breadcrumbs-content":"","ast-featured-img":"","footer-sml-layout":"","ast-disable-related-posts":"","theme-transparent-header-meta":"default","adv-header-id-meta":"","stick-header-meta":"default","header-above-stick-meta":"","header-main-stick-meta":"","header-below-stick-meta":"","astra-migrate-meta-layouts":"default","ast-page-background-enabled":"default","ast-page-background-meta":{"desktop":{"background-color":"","background-image":"","background-repeat":"repeat","background-position":"center center","background-size":"auto","background-attachment":"scroll","background-type":"","background-media":"","overlay-type":"","overlay-color":"","overlay-opacity":"","overlay-gradient":""},"tablet":{"background-color":"","background-image":"","background-repeat":"repeat","background-position":"center center","background-size":"auto","background-attachment":"scroll","background-type":"","background-media":"","overlay-type":"","overlay-color":"","overlay-opacity":"","overlay-gradient":""},"mobile":{"background-color":"","background-image":"","background-repeat":"repeat","background-position":"center center","background-size":"auto","background-attachment":"scroll","background-type":"","background-media":"","overlay-type":"","overlay-color":"","overlay-opacity":"","overlay-gradient":""}},"ast-content-background-meta":{"desktop":{"background-color":"var(--ast-global-color-5)","background-image":"","background-repeat":"repeat","background-position":"center center","background-size":"auto","background-attachment":"scroll","background-type":"","background-media":"","overlay-type":"","overlay-color":"","overlay-opacity":"","overlay-gradient":""},"tablet":{"background-color":"var(--ast-global-color-5)","background-image":"","background-repeat":"repeat","background-position":"center center","background-size":"auto","background-attachment":"scroll","background-type":"","background-media":"","overlay-type":"","overlay-color":"","overlay-opacity":"","overlay-gradient":""},"mobile":{"background-color":"var(--ast-global-color-5)","background-image":"","background-repeat":"repeat","background-position":"center center","background-size":"auto","background-attachment":"scroll","background-type":"","background-media":"","overlay-type":"","overlay-color":"","overlay-opacity":"","overlay-gradient":""}}},"product_brand":[],"product_cat":[56],"product_tag":[],"class_list":{"0":"post-1470","1":"product","2":"type-product","3":"status-publish","4":"has-post-thumbnail","6":"product_cat-yari-mamuller","7":"desktop-align-center","8":"tablet-align-center","9":"mobile-align-center","10":"ast-product-gallery-layout-horizontal-slider","11":"ast-product-tabs-layout-horizontal","13":"first","14":"instock","15":"shipping-taxable","16":"purchasable","17":"product-type-simple"},"_links":{"self":[{"href":"https:\/\/oncosem.co.uk\/tr\/wp-json\/wp\/v2\/product\/1470","targetHints":{"allow":["GET"]}}],"collection":[{"href":"https:\/\/oncosem.co.uk\/tr\/wp-json\/wp\/v2\/product"}],"about":[{"href":"https:\/\/oncosem.co.uk\/tr\/wp-json\/wp\/v2\/types\/product"}],"wp:featuredmedia":[{"embeddable":true,"href":"https:\/\/oncosem.co.uk\/tr\/wp-json\/wp\/v2\/media\/1125"}],"wp:attachment":[{"href":"https:\/\/oncosem.co.uk\/tr\/wp-json\/wp\/v2\/media?parent=1470"}],"wp:term":[{"taxonomy":"product_brand","embeddable":true,"href":"https:\/\/oncosem.co.uk\/tr\/wp-json\/wp\/v2\/product_brand?post=1470"},{"taxonomy":"product_cat","embeddable":true,"href":"https:\/\/oncosem.co.uk\/tr\/wp-json\/wp\/v2\/product_cat?post=1470"},{"taxonomy":"product_tag","embeddable":true,"href":"https:\/\/oncosem.co.uk\/tr\/wp-json\/wp\/v2\/product_tag?post=1470"}],"curies":[{"name":"wp","href":"https:\/\/api.w.org\/{rel}","templated":true}]}}