{"id":1565,"date":"2022-06-07T18:02:15","date_gmt":"2022-06-07T18:02:15","guid":{"rendered":"https:\/\/oncosem.co.uk\/product\/numune-alma-kabini\/"},"modified":"2022-09-03T06:40:23","modified_gmt":"2022-09-03T06:40:23","slug":"numune-alma-kabini","status":"publish","type":"product","link":"https:\/\/oncosem.co.uk\/tr\/urun\/numune-alma-kabini\/","title":{"rendered":"Numune Alma Kabini"},"content":{"rendered":"","protected":false},"excerpt":{"rendered":"<p><strong>\u00dcr\u00fcn Kodu:<\/strong> SMPCBNT<br \/>\n<strong>Marka:<\/strong> PL\u00dcTON<br \/>\n<strong>\u00dcretici:<\/strong> ONCOSEM ONKOLOJ\u0130K S\u0130STEMLER\u0130 A.\u015e.<\/p>\n<p><b>Kabin \u00d6zellikleri:<\/b><\/p>\n<ul>\n<li>Kabin \u00f6l\u00e7\u00fcleri :\u00a0 1360mm x 1120mm x 2560mm(y\u00fckseklik);<\/li>\n<li>Mikropor HEPA H14 %99,995 filtreli<\/li>\n<li>\u0130zolat\u00f6r eldiveni ve portlar sayesinde sa\u011fl\u0131k ekibinin elini izole eder.<\/li>\n<li>Negatif bas\u0131n\u00e7 sayesinde laboratuvarda tam koruma sa\u011flar<\/li>\n<li>UV-c sterilizasyonu ile hem kabini hemde egzoz havas\u0131n\u0131 korur<\/li>\n<li>Magnehelic ile hassas fark bas\u0131n\u00e7 kontrol\u00fc<\/li>\n<li>Yeni nesil HPL kompakt laminant panel sayesinde %35 H2O2 dezenfeksiyonuna dayan\u0131m sa\u011flar.<\/li>\n<li>Temizoda kap\u0131s\u0131 ve otomasyon sistemi ile kolay kullan\u0131m<\/li>\n<\/ul>\n","protected":false},"featured_media":1074,"template":"","meta":{"inline_featured_image":false,"site-sidebar-layout":"default","site-content-layout":"default","ast-site-content-layout":"default","site-content-style":"default","site-sidebar-style":"default","ast-global-header-display":"","ast-banner-title-visibility":"","ast-main-header-display":"","ast-hfb-above-header-display":"","ast-hfb-below-header-display":"","ast-hfb-mobile-header-display":"","site-post-title":"","ast-breadcrumbs-content":"","ast-featured-img":"","footer-sml-layout":"","ast-disable-related-posts":"","theme-transparent-header-meta":"default","adv-header-id-meta":"","stick-header-meta":"default","header-above-stick-meta":"","header-main-stick-meta":"","header-below-stick-meta":"","astra-migrate-meta-layouts":"default","ast-page-background-enabled":"default","ast-page-background-meta":{"desktop":{"background-color":"","background-image":"","background-repeat":"repeat","background-position":"center center","background-size":"auto","background-attachment":"scroll","background-type":"","background-media":"","overlay-type":"","overlay-color":"","overlay-opacity":"","overlay-gradient":""},"tablet":{"background-color":"","background-image":"","background-repeat":"repeat","background-position":"center center","background-size":"auto","background-attachment":"scroll","background-type":"","background-media":"","overlay-type":"","overlay-color":"","overlay-opacity":"","overlay-gradient":""},"mobile":{"background-color":"","background-image":"","background-repeat":"repeat","background-position":"center center","background-size":"auto","background-attachment":"scroll","background-type":"","background-media":"","overlay-type":"","overlay-color":"","overlay-opacity":"","overlay-gradient":""}},"ast-content-background-meta":{"desktop":{"background-color":"var(--ast-global-color-5)","background-image":"","background-repeat":"repeat","background-position":"center center","background-size":"auto","background-attachment":"scroll","background-type":"","background-media":"","overlay-type":"","overlay-color":"","overlay-opacity":"","overlay-gradient":""},"tablet":{"background-color":"var(--ast-global-color-5)","background-image":"","background-repeat":"repeat","background-position":"center center","background-size":"auto","background-attachment":"scroll","background-type":"","background-media":"","overlay-type":"","overlay-color":"","overlay-opacity":"","overlay-gradient":""},"mobile":{"background-color":"var(--ast-global-color-5)","background-image":"","background-repeat":"repeat","background-position":"center center","background-size":"auto","background-attachment":"scroll","background-type":"","background-media":"","overlay-type":"","overlay-color":"","overlay-opacity":"","overlay-gradient":""}}},"product_brand":[],"product_cat":[55],"product_tag":[],"class_list":{"0":"post-1565","1":"product","2":"type-product","3":"status-publish","4":"has-post-thumbnail","6":"product_cat-bioguvenlik-sistemleri","7":"desktop-align-center","8":"tablet-align-center","9":"mobile-align-center","10":"ast-product-gallery-layout-horizontal-slider","11":"ast-product-tabs-layout-horizontal","13":"first","14":"instock","15":"shipping-taxable","16":"purchasable","17":"product-type-simple"},"_links":{"self":[{"href":"https:\/\/oncosem.co.uk\/tr\/wp-json\/wp\/v2\/product\/1565","targetHints":{"allow":["GET"]}}],"collection":[{"href":"https:\/\/oncosem.co.uk\/tr\/wp-json\/wp\/v2\/product"}],"about":[{"href":"https:\/\/oncosem.co.uk\/tr\/wp-json\/wp\/v2\/types\/product"}],"wp:featuredmedia":[{"embeddable":true,"href":"https:\/\/oncosem.co.uk\/tr\/wp-json\/wp\/v2\/media\/1074"}],"wp:attachment":[{"href":"https:\/\/oncosem.co.uk\/tr\/wp-json\/wp\/v2\/media?parent=1565"}],"wp:term":[{"taxonomy":"product_brand","embeddable":true,"href":"https:\/\/oncosem.co.uk\/tr\/wp-json\/wp\/v2\/product_brand?post=1565"},{"taxonomy":"product_cat","embeddable":true,"href":"https:\/\/oncosem.co.uk\/tr\/wp-json\/wp\/v2\/product_cat?post=1565"},{"taxonomy":"product_tag","embeddable":true,"href":"https:\/\/oncosem.co.uk\/tr\/wp-json\/wp\/v2\/product_tag?post=1565"}],"curies":[{"name":"wp","href":"https:\/\/api.w.org\/{rel}","templated":true}]}}