{"id":4574,"date":"2024-02-02T18:28:16","date_gmt":"2024-02-02T18:28:16","guid":{"rendered":"https:\/\/oncosem.co.uk\/?post_type=product&#038;p=4574"},"modified":"2024-02-02T20:46:35","modified_gmt":"2024-02-02T20:46:35","slug":"flakon-adaptorleri","status":"publish","type":"product","link":"https:\/\/oncosem.co.uk\/tr\/urun\/flakon-adaptorleri\/","title":{"rendered":"Flakon Adapt\u00f6rleri"},"content":{"rendered":"","protected":false},"excerpt":{"rendered":"<p><strong>\u00dcr\u00fcn Kodlar\u0131:<\/strong><\/p>\n<p><strong>OVA004-P<\/strong> &#8211; FLAKON ADAPT\u00d6R\u00dc-POZI\u0307TI\u0307F BASIN\u00c7LI<br \/>\n<strong>OVA004-NEUT<\/strong> &#8211; FLAKON ADAPT\u00d6R\u00dc N\u00d6TR BASIN\u00c7LI<br \/>\n<strong>OVA004-NG<\/strong> &#8211; FLAKON ADAPT\u00d6R\u00dc NEGATI\u0307F BASIN\u00c7LI<\/p>\n<p>Kapal\u0131 sistem, ilac\u0131 flakondan \u00e7ekmek i\u00e7in kullan\u0131l\u0131r. Flakonun kau\u00e7uklar\u0131n\u0131 delen sivri u\u00e7 ve kulaklar flakonun tam olarak kapanmas\u0131n\u0131 sa\u011flar. 0,2 mikron hava filtresi ile ilac\u0131n ortama s\u0131zmas\u0131n\u0131 engelleyerek hasta ve kullan\u0131c\u0131lar\u0131n kontaminasyonunu \u00f6nler. \u0130\u011fnesizdir ve operasyon s\u0131ras\u0131nda \u00e7al\u0131\u015fanlar\u0131n yaralanmas\u0131n\u0131 \u00f6nler. Lateks ve DEHP i\u00e7ermez.<\/p>\n<p><strong>\u00dcr\u00fcn \u00d6zellikleri:<\/strong><\/p>\n<p>&#8211; EO ile sterilize edilmi\u015ftir.<br \/>\n&#8211; Raf \u00f6mr\u00fc 5 y\u0131ld\u0131r.<br \/>\n&#8211; 5-40\u00b0C aras\u0131nda saklanabilir.<\/p>\n","protected":false},"featured_media":4575,"template":"","meta":{"inline_featured_image":false,"site-sidebar-layout":"default","site-content-layout":"","ast-site-content-layout":"default","site-content-style":"default","site-sidebar-style":"default","ast-global-header-display":"","ast-banner-title-visibility":"","ast-main-header-display":"","ast-hfb-above-header-display":"","ast-hfb-below-header-display":"","ast-hfb-mobile-header-display":"","site-post-title":"","ast-breadcrumbs-content":"","ast-featured-img":"","footer-sml-layout":"","ast-disable-related-posts":"","theme-transparent-header-meta":"default","adv-header-id-meta":"","stick-header-meta":"","header-above-stick-meta":"","header-main-stick-meta":"","header-below-stick-meta":"","astra-migrate-meta-layouts":"set","ast-page-background-enabled":"default","ast-page-background-meta":{"desktop":{"background-color":"","background-image":"","background-repeat":"repeat","background-position":"center center","background-size":"auto","background-attachment":"scroll","background-type":"","background-media":"","overlay-type":"","overlay-color":"","overlay-opacity":"","overlay-gradient":""},"tablet":{"background-color":"","background-image":"","background-repeat":"repeat","background-position":"center center","background-size":"auto","background-attachment":"scroll","background-type":"","background-media":"","overlay-type":"","overlay-color":"","overlay-opacity":"","overlay-gradient":""},"mobile":{"background-color":"","background-image":"","background-repeat":"repeat","background-position":"center center","background-size":"auto","background-attachment":"scroll","background-type":"","background-media":"","overlay-type":"","overlay-color":"","overlay-opacity":"","overlay-gradient":""}},"ast-content-background-meta":{"desktop":{"background-color":"var(--ast-global-color-5)","background-image":"","background-repeat":"repeat","background-position":"center center","background-size":"auto","background-attachment":"scroll","background-type":"","background-media":"","overlay-type":"","overlay-color":"","overlay-opacity":"","overlay-gradient":""},"tablet":{"background-color":"var(--ast-global-color-5)","background-image":"","background-repeat":"repeat","background-position":"center center","background-size":"auto","background-attachment":"scroll","background-type":"","background-media":"","overlay-type":"","overlay-color":"","overlay-opacity":"","overlay-gradient":""},"mobile":{"background-color":"var(--ast-global-color-5)","background-image":"","background-repeat":"repeat","background-position":"center center","background-size":"auto","background-attachment":"scroll","background-type":"","background-media":"","overlay-type":"","overlay-color":"","overlay-opacity":"","overlay-gradient":""}}},"product_brand":[],"product_cat":[89],"product_tag":[],"class_list":{"0":"post-4574","1":"product","2":"type-product","3":"status-publish","4":"has-post-thumbnail","6":"product_cat-konnektorler","7":"desktop-align-center","8":"tablet-align-center","9":"mobile-align-center","10":"ast-product-gallery-layout-horizontal-slider","11":"ast-product-single-variable","12":"ast-product-tabs-layout-horizontal","14":"first","15":"instock","16":"shipping-taxable","17":"purchasable","18":"product-type-variable"},"_links":{"self":[{"href":"https:\/\/oncosem.co.uk\/tr\/wp-json\/wp\/v2\/product\/4574","targetHints":{"allow":["GET"]}}],"collection":[{"href":"https:\/\/oncosem.co.uk\/tr\/wp-json\/wp\/v2\/product"}],"about":[{"href":"https:\/\/oncosem.co.uk\/tr\/wp-json\/wp\/v2\/types\/product"}],"wp:featuredmedia":[{"embeddable":true,"href":"https:\/\/oncosem.co.uk\/tr\/wp-json\/wp\/v2\/media\/4575"}],"wp:attachment":[{"href":"https:\/\/oncosem.co.uk\/tr\/wp-json\/wp\/v2\/media?parent=4574"}],"wp:term":[{"taxonomy":"product_brand","embeddable":true,"href":"https:\/\/oncosem.co.uk\/tr\/wp-json\/wp\/v2\/product_brand?post=4574"},{"taxonomy":"product_cat","embeddable":true,"href":"https:\/\/oncosem.co.uk\/tr\/wp-json\/wp\/v2\/product_cat?post=4574"},{"taxonomy":"product_tag","embeddable":true,"href":"https:\/\/oncosem.co.uk\/tr\/wp-json\/wp\/v2\/product_tag?post=4574"}],"curies":[{"name":"wp","href":"https:\/\/api.w.org\/{rel}","templated":true}]}}