{"id":5603,"date":"2024-06-28T09:55:58","date_gmt":"2024-06-28T09:55:58","guid":{"rendered":"https:\/\/oncosem.co.uk\/?post_type=product&#038;p=5603"},"modified":"2024-06-28T10:01:49","modified_gmt":"2024-06-28T10:01:49","slug":"negatif-ignesiz-enjeksiyon-valfli-cekvalfli-iki-lumenli-uzatma-seti","status":"publish","type":"product","link":"https:\/\/oncosem.co.uk\/tr\/urun\/negatif-ignesiz-enjeksiyon-valfli-cekvalfli-iki-lumenli-uzatma-seti\/","title":{"rendered":"Negatif \u0130\u011fnesiz Enjeksiyon Valfli \u00c7ekvalfli \u0130ki L\u00fcmenli Uzatma Seti"},"content":{"rendered":"<div id=\"footable_parent_5601\"\n         class=\" footable_parent ninja_table_wrapper loading_ninja_table wp_table_data_press_parent bootstrap4 colored_table\">\n                <table data-ninja_table_instance=\"ninja_table_instance_0\" data-footable_id=\"5601\" data-filter-delay=\"1000\" aria-label=\"ODEL050-2CV-NG-TR\"            id=\"footable_5601\"\n           data-unique_identifier=\"ninja_table_unique_id_2443853705_5601\"\n           class=\" foo-table ninja_footable foo_table_5601 ninja_table_unique_id_2443853705_5601 table  nt_type_legacy_table table-striped table-bordered table-hover ninja_custom_color inverted footable-paging-right ninja_table_search_disabled ninja_table_pro\">\n                <colgroup>\n                            <col class=\"ninja_column_0 \">\n                            <col class=\"ninja_column_1 \">\n                    <\/colgroup>\n        <thead>\n<tr class=\"footable-header\">\n                                        <th scope=\"col\"  class=\"ninja_column_0 ninja_clmn_nm_odel52cvng \">\ufeffODEL050-2CV-NG<\/th><th scope=\"col\"  class=\"ninja_column_1 ninja_clmn_nm_negatfneszenjeksyonvalflekvalflklmenluzatmaset \">NEGAT\u0130F \u0130\u011eNES\u0130Z ENJEKS\u0130YON VALFL\u0130 \u00c7EKVALFL\u0130 \u0130K\u0130 L\u00dcMENL\u0130 UZATMA SET\u0130<\/th><\/tr>\n<\/thead>\n<tbody>\n\n        <tr data-row_id=\"457\" class=\"ninja_table_row_0 nt_row_id_457\">\n            <td>GTIN<\/td><td>8684508880016<\/td>        <\/tr>\n            <tr data-row_id=\"460\" class=\"ninja_table_row_1 nt_row_id_460\">\n            <td>Uyumluluk <\/td><td>* T\u00fcm cam \u015f\u0131r\u0131ngalar dahil her t\u00fcrl\u00fc luer cihaz\u0131yla uyumludur<br>* T\u00fcm standart luerslip ve luerlock \u015f\u0131r\u0131ngalar\u0131 ve konekt\u00f6rleriyle g\u00fcvenli bir \u015fekilde ba\u011flan\u0131r<br>- MRI\/CT uyumlu<br>- Cam \u015e\u0131r\u0131nga Uyumlu<br>* Lipid ve Kan Uyumlu<br>* Alkole Dayan\u0131kl\u0131<br>* Sitotoksik \u0130la\u00e7 Uyumlu<\/td>        <\/tr>\n            <tr data-row_id=\"461\" class=\"ninja_table_row_2 nt_row_id_461\">\n            <td>Haz\u0131rlama Hacmi<\/td><td>0,630 ml<\/td>        <\/tr>\n            <tr data-row_id=\"462\" class=\"ninja_table_row_3 nt_row_id_462\">\n            <td>Yer\u00e7ekimi Ak\u0131\u015f H\u0131z\u0131<\/td><td>92 ml\/dk<\/td>        <\/tr>\n            <tr data-row_id=\"463\" class=\"ninja_table_row_4 nt_row_id_463\">\n            <td>Bas\u0131n\u00e7 Dayan\u0131m\u0131<\/td><td>45 psi <\/td>        <\/tr>\n            <tr data-row_id=\"464\" class=\"ninja_table_row_5 nt_row_id_464\">\n            <td>L\u00fcmen Ba\u015f\u0131na Ak\u0131\u015f H\u0131z\u0131<\/td><td>46 ml\/dk<\/td>        <\/tr>\n            <tr data-row_id=\"465\" class=\"ninja_table_row_6 nt_row_id_465\">\n            <td>L\u00fcmen Ba\u015f\u0131na Haz\u0131rlama Hacmi<\/td><td>0,315 ml<\/td>        <\/tr>\n            <tr data-row_id=\"466\" class=\"ninja_table_row_7 nt_row_id_466\">\n            <td>Sterilizasyon<\/td><td>Etilen Oksit<\/td>        <\/tr>\n            <tr data-row_id=\"467\" class=\"ninja_table_row_8 nt_row_id_467\">\n            <td>Raf \u00f6mr\u00fc<\/td><td>5-y\u0131l<\/td>        <\/tr>\n            <tr data-row_id=\"468\" class=\"ninja_table_row_9 nt_row_id_468\">\n            <td>A\u011f\u0131rl\u0131k<\/td><td>9,93 gr<\/td>        <\/tr>\n            <tr data-row_id=\"469\" class=\"ninja_table_row_10 nt_row_id_469\">\n            <td>Boyut<\/td><td>18 cm <\/td>        <\/tr>\n            <tr data-row_id=\"470\" class=\"ninja_table_row_11 nt_row_id_470\">\n            <td>Kutu<\/td><td>100 adet <\/td>        <\/tr>\n            <tr data-row_id=\"471\" class=\"ninja_table_row_12 nt_row_id_471\">\n            <td>\u00dcr\u00fcn Bile\u015fenleri<\/td><td>* 2 Negatif \u0130\u011fnesiz Konnekt\u00f6r<br>* 20cm-\u015eeffaf Hortum (PUR \/ \u00f8 mm 1,0*2,0)<br>* 2  Female Luer Lock<br>* 2 Valf Kapa\u011f\u0131<br>* 2 \u00e7ek valf * 2 Side Klemp* RMLL ve Kapak<\/td>        <\/tr>\n    <\/tbody><!--ninja_tobody_rendering_done-->\n    <\/table>\n    \n    \n    \n<\/div>\n\n","protected":false},"excerpt":{"rendered":"<p><strong>\u00dcr\u00fcn Kodu: <\/strong>ODEL050-2CV-NG<\/p>\n<p>IV s\u0131v\u0131lar\u0131n, ila\u00e7lar\u0131n ve kan\u0131n inf\u00fczyonunda g\u00fcvenli ve etkili IV eri\u015fimi sa\u011flayan kapal\u0131, i\u011fnesiz uzatma setidir. \u00c7o\u011fu klinik uygulamada ve hasta bak\u0131m alan\u0131nda g\u00fcvenle kullan\u0131labilir. Pompa, yer\u00e7ekimi veya bolus inf\u00fczyonlar\u0131 iletmek i\u00e7in periferik IV kateterlere ve di\u011fer merkezi kateterlere ba\u011flanabilir. \u00c7ek valf ile geriye ak\u0131\u015f riskini ve dolay\u0131s\u0131yla fazla ila\u00e7 verme riskini ortadan kald\u0131r\u0131r.<\/p>\n<p><strong>\u00dcr\u00fcn \u00d6zellikleri:<\/strong><\/p>\n<p>&#8211; Kolay temizlenebilir i\u011fnesiz konnekt\u00f6r<br \/>\n&#8211; Kontaminasyona kar\u015f\u0131 koruma sa\u011flamak s\u0131zd\u0131rmazl\u0131k<br \/>\n&#8211; Ak\u0131\u015f\u0131 daha etkili hale getirmek i\u00e7in d\u00fcz s\u0131v\u0131 yolu<br \/>\n&#8211; Split Septum<br \/>\n&#8211; Tam ve etkili ak\u0131\u015f\u0131 sa\u011flayan \u015feffaf g\u00f6vde<br \/>\n&#8211; DEHP i\u00e7ermez, Lateks i\u00e7ermez<br \/>\n&#8211; Steril &amp; Tek Kullan\u0131ml\u0131k<\/p>\n","protected":false},"featured_media":5608,"template":"","meta":{"inline_featured_image":false,"site-sidebar-layout":"default","site-content-layout":"","ast-site-content-layout":"default","site-content-style":"default","site-sidebar-style":"default","ast-global-header-display":"","ast-banner-title-visibility":"","ast-main-header-display":"","ast-hfb-above-header-display":"","ast-hfb-below-header-display":"","ast-hfb-mobile-header-display":"","site-post-title":"","ast-breadcrumbs-content":"","ast-featured-img":"","footer-sml-layout":"","ast-disable-related-posts":"","theme-transparent-header-meta":"default","adv-header-id-meta":"","stick-header-meta":"","header-above-stick-meta":"","header-main-stick-meta":"","header-below-stick-meta":"","astra-migrate-meta-layouts":"set","ast-page-background-enabled":"default","ast-page-background-meta":{"desktop":{"background-color":"","background-image":"","background-repeat":"repeat","background-position":"center center","background-size":"auto","background-attachment":"scroll","background-type":"","background-media":"","overlay-type":"","overlay-color":"","overlay-opacity":"","overlay-gradient":""},"tablet":{"background-color":"","background-image":"","background-repeat":"repeat","background-position":"center center","background-size":"auto","background-attachment":"scroll","background-type":"","background-media":"","overlay-type":"","overlay-color":"","overlay-opacity":"","overlay-gradient":""},"mobile":{"background-color":"","background-image":"","background-repeat":"repeat","background-position":"center center","background-size":"auto","background-attachment":"scroll","background-type":"","background-media":"","overlay-type":"","overlay-color":"","overlay-opacity":"","overlay-gradient":""}},"ast-content-background-meta":{"desktop":{"background-color":"var(--ast-global-color-5)","background-image":"","background-repeat":"repeat","background-position":"center center","background-size":"auto","background-attachment":"scroll","background-type":"","background-media":"","overlay-type":"","overlay-color":"","overlay-opacity":"","overlay-gradient":""},"tablet":{"background-color":"var(--ast-global-color-5)","background-image":"","background-repeat":"repeat","background-position":"center center","background-size":"auto","background-attachment":"scroll","background-type":"","background-media":"","overlay-type":"","overlay-color":"","overlay-opacity":"","overlay-gradient":""},"mobile":{"background-color":"var(--ast-global-color-5)","background-image":"","background-repeat":"repeat","background-position":"center center","background-size":"auto","background-attachment":"scroll","background-type":"","background-media":"","overlay-type":"","overlay-color":"","overlay-opacity":"","overlay-gradient":""}}},"product_brand":[],"product_cat":[89],"product_tag":[],"class_list":{"0":"post-5603","1":"product","2":"type-product","3":"status-publish","4":"has-post-thumbnail","6":"product_cat-konnektorler","7":"desktop-align-center","8":"tablet-align-center","9":"mobile-align-center","10":"ast-product-gallery-layout-horizontal-slider","11":"ast-product-tabs-layout-horizontal","13":"first","14":"instock","15":"shipping-taxable","16":"product-type-simple"},"_links":{"self":[{"href":"https:\/\/oncosem.co.uk\/tr\/wp-json\/wp\/v2\/product\/5603","targetHints":{"allow":["GET"]}}],"collection":[{"href":"https:\/\/oncosem.co.uk\/tr\/wp-json\/wp\/v2\/product"}],"about":[{"href":"https:\/\/oncosem.co.uk\/tr\/wp-json\/wp\/v2\/types\/product"}],"wp:featuredmedia":[{"embeddable":true,"href":"https:\/\/oncosem.co.uk\/tr\/wp-json\/wp\/v2\/media\/5608"}],"wp:attachment":[{"href":"https:\/\/oncosem.co.uk\/tr\/wp-json\/wp\/v2\/media?parent=5603"}],"wp:term":[{"taxonomy":"product_brand","embeddable":true,"href":"https:\/\/oncosem.co.uk\/tr\/wp-json\/wp\/v2\/product_brand?post=5603"},{"taxonomy":"product_cat","embeddable":true,"href":"https:\/\/oncosem.co.uk\/tr\/wp-json\/wp\/v2\/product_cat?post=5603"},{"taxonomy":"product_tag","embeddable":true,"href":"https:\/\/oncosem.co.uk\/tr\/wp-json\/wp\/v2\/product_tag?post=5603"}],"curies":[{"name":"wp","href":"https:\/\/api.w.org\/{rel}","templated":true}]}}