{"id":6135,"date":"2024-07-27T07:03:13","date_gmt":"2024-07-27T07:03:13","guid":{"rendered":"https:\/\/oncosem.co.uk\/?post_type=product&#038;p=6135"},"modified":"2024-07-27T07:05:01","modified_gmt":"2024-07-27T07:05:01","slug":"dezenfektanli-kapak","status":"publish","type":"product","link":"https:\/\/oncosem.co.uk\/tr\/urun\/dezenfektanli-kapak\/","title":{"rendered":"Dezenfektanl\u0131 Kapak"},"content":{"rendered":"<div id=\"footable_parent_5929\"\n         class=\" footable_parent ninja_table_wrapper loading_ninja_table wp_table_data_press_parent bootstrap4 colored_table\">\n                <table data-ninja_table_instance=\"ninja_table_instance_0\" data-footable_id=\"5929\" data-filter-delay=\"1000\" aria-label=\"DC001-TR\"            id=\"footable_5929\"\n           data-unique_identifier=\"ninja_table_unique_id_2616998256_5929\"\n           class=\" foo-table ninja_footable foo_table_5929 ninja_table_unique_id_2616998256_5929 table  nt_type_legacy_table table-striped table-bordered table-hover ninja_custom_color inverted footable-paging-right ninja_table_search_disabled ninja_table_pro\">\n                <colgroup>\n                            <col class=\"ninja_column_0 \">\n                            <col class=\"ninja_column_1 \">\n                    <\/colgroup>\n        <thead>\n<tr class=\"footable-header\">\n                                        <th scope=\"col\"  class=\"ninja_column_0 ninja_clmn_nm_dc1 \">DC001<\/th><th scope=\"col\"  class=\"ninja_column_1 ninja_clmn_nm_dezenfektanlikapak \">DEZENFEKTANLI KAPAK<\/th><\/tr>\n<\/thead>\n<tbody>\n\n        <tr data-row_id=\"1477\" class=\"ninja_table_row_0 nt_row_id_1477\">\n            <td>GTIN<\/td><td>8684508880221<\/td>        <\/tr>\n            <tr data-row_id=\"1479\" class=\"ninja_table_row_1 nt_row_id_1479\">\n            <td>Sterilizasyon<\/td><td>Etilen Oksit<\/td>        <\/tr>\n            <tr data-row_id=\"1480\" class=\"ninja_table_row_2 nt_row_id_1480\">\n            <td>Raf \u00f6mr\u00fc<\/td><td>5-y\u0131l<\/td>        <\/tr>\n            <tr data-row_id=\"1481\" class=\"ninja_table_row_3 nt_row_id_1481\">\n            <td>A\u011f\u0131rl\u0131k<\/td><td>1,10 gr<\/td>        <\/tr>\n            <tr data-row_id=\"1482\" class=\"ninja_table_row_4 nt_row_id_1482\">\n            <td>Boyut<\/td><td>2 cm<\/td>        <\/tr>\n            <tr data-row_id=\"1483\" class=\"ninja_table_row_5 nt_row_id_1483\">\n            <td>Kutu<\/td><td>500 adet<\/td>        <\/tr>\n            <tr data-row_id=\"1484\" class=\"ninja_table_row_6 nt_row_id_1484\">\n            <td>\u00dcr\u00fcn Bile\u015fenleri<\/td><td>* 1-Dezenfektan Kapak<\/td>        <\/tr>\n    <\/tbody><!--ninja_tobody_rendering_done-->\n    <\/table>\n    \n    \n    \n<\/div>\n\n","protected":false},"excerpt":{"rendered":"<p><strong>\u00dcr\u00fcn Kodu:\u00a0<\/strong>DC001<br \/>\nDezenfektanl\u0131 kapak, silinebilir i\u011fnesiz valfler i\u00e7in %70 \u0130zopropil Alkol (IPA) emdirilmi\u015f y\u00fcksek s\u0131v\u0131 absorbsiyon \u00f6zelli\u011fi olan bir s\u00fcnger i\u00e7eren, hastalar\u0131 enfeksiyondan koruyan, tek kullan\u0131ml\u0131k bir dezenfeksiyon \u00fcr\u00fcn\u00fcd\u00fcr.<\/p>\n<p>Dezenfektan kapak kullan\u0131mda olmayan i\u011fnesiz ven valflerine tak\u0131larak valf ucunun hem sa\u011fl\u0131k personeli \u00fczerinde yarataca\u011f\u0131 bula\u015f\u0131c\u0131 hastal\u0131k tehlikesini hem de valf y\u00fczeyinde ortamdan kaynakl\u0131 mikroorganizma olu\u015fumunu engellemek i\u00e7in kullan\u0131l\u0131r.<\/p>\n<ul>\n<li>Seal Protective Film<\/li>\n<li>Sponge<\/li>\n<li>70% isopropanol<\/li>\n<li>Protective Cap shell<\/li>\n<\/ul>\n","protected":false},"featured_media":6142,"template":"","meta":{"inline_featured_image":false,"site-sidebar-layout":"default","site-content-layout":"","ast-site-content-layout":"default","site-content-style":"default","site-sidebar-style":"default","ast-global-header-display":"","ast-banner-title-visibility":"","ast-main-header-display":"","ast-hfb-above-header-display":"","ast-hfb-below-header-display":"","ast-hfb-mobile-header-display":"","site-post-title":"","ast-breadcrumbs-content":"","ast-featured-img":"","footer-sml-layout":"","ast-disable-related-posts":"","theme-transparent-header-meta":"default","adv-header-id-meta":"","stick-header-meta":"","header-above-stick-meta":"","header-main-stick-meta":"","header-below-stick-meta":"","astra-migrate-meta-layouts":"set","ast-page-background-enabled":"default","ast-page-background-meta":{"desktop":{"background-color":"","background-image":"","background-repeat":"repeat","background-position":"center center","background-size":"auto","background-attachment":"scroll","background-type":"","background-media":"","overlay-type":"","overlay-color":"","overlay-opacity":"","overlay-gradient":""},"tablet":{"background-color":"","background-image":"","background-repeat":"repeat","background-position":"center center","background-size":"auto","background-attachment":"scroll","background-type":"","background-media":"","overlay-type":"","overlay-color":"","overlay-opacity":"","overlay-gradient":""},"mobile":{"background-color":"","background-image":"","background-repeat":"repeat","background-position":"center center","background-size":"auto","background-attachment":"scroll","background-type":"","background-media":"","overlay-type":"","overlay-color":"","overlay-opacity":"","overlay-gradient":""}},"ast-content-background-meta":{"desktop":{"background-color":"var(--ast-global-color-5)","background-image":"","background-repeat":"repeat","background-position":"center center","background-size":"auto","background-attachment":"scroll","background-type":"","background-media":"","overlay-type":"","overlay-color":"","overlay-opacity":"","overlay-gradient":""},"tablet":{"background-color":"var(--ast-global-color-5)","background-image":"","background-repeat":"repeat","background-position":"center center","background-size":"auto","background-attachment":"scroll","background-type":"","background-media":"","overlay-type":"","overlay-color":"","overlay-opacity":"","overlay-gradient":""},"mobile":{"background-color":"var(--ast-global-color-5)","background-image":"","background-repeat":"repeat","background-position":"center center","background-size":"auto","background-attachment":"scroll","background-type":"","background-media":"","overlay-type":"","overlay-color":"","overlay-opacity":"","overlay-gradient":""}}},"product_brand":[],"product_cat":[108],"product_tag":[],"class_list":{"0":"post-6135","1":"product","2":"type-product","3":"status-publish","4":"has-post-thumbnail","6":"product_cat-kapaklar","7":"desktop-align-center","8":"tablet-align-center","9":"mobile-align-center","10":"ast-product-gallery-layout-horizontal-slider","11":"ast-product-tabs-layout-horizontal","13":"first","14":"instock","15":"shipping-taxable","16":"product-type-simple"},"_links":{"self":[{"href":"https:\/\/oncosem.co.uk\/tr\/wp-json\/wp\/v2\/product\/6135","targetHints":{"allow":["GET"]}}],"collection":[{"href":"https:\/\/oncosem.co.uk\/tr\/wp-json\/wp\/v2\/product"}],"about":[{"href":"https:\/\/oncosem.co.uk\/tr\/wp-json\/wp\/v2\/types\/product"}],"wp:featuredmedia":[{"embeddable":true,"href":"https:\/\/oncosem.co.uk\/tr\/wp-json\/wp\/v2\/media\/6142"}],"wp:attachment":[{"href":"https:\/\/oncosem.co.uk\/tr\/wp-json\/wp\/v2\/media?parent=6135"}],"wp:term":[{"taxonomy":"product_brand","embeddable":true,"href":"https:\/\/oncosem.co.uk\/tr\/wp-json\/wp\/v2\/product_brand?post=6135"},{"taxonomy":"product_cat","embeddable":true,"href":"https:\/\/oncosem.co.uk\/tr\/wp-json\/wp\/v2\/product_cat?post=6135"},{"taxonomy":"product_tag","embeddable":true,"href":"https:\/\/oncosem.co.uk\/tr\/wp-json\/wp\/v2\/product_tag?post=6135"}],"curies":[{"name":"wp","href":"https:\/\/api.w.org\/{rel}","templated":true}]}}