{"id":6161,"date":"2024-07-27T07:47:47","date_gmt":"2024-07-27T07:47:47","guid":{"rendered":"https:\/\/oncosem.co.uk\/?post_type=product&#038;p=6161"},"modified":"2024-07-27T07:49:34","modified_gmt":"2024-07-27T07:49:34","slug":"notr-akisli-ignesiz-enjeksiyon-valfli-torba-spike","status":"publish","type":"product","link":"https:\/\/oncosem.co.uk\/tr\/urun\/notr-akisli-ignesiz-enjeksiyon-valfli-torba-spike\/","title":{"rendered":"N\u00f6tr Ak\u0131\u015fl\u0131 \u0130\u011fnesiz Enjeksiyon Valfli Torba Spike"},"content":{"rendered":"<div id=\"footable_parent_5933\"\n         class=\" footable_parent ninja_table_wrapper loading_ninja_table wp_table_data_press_parent bootstrap4 colored_table\">\n                <table data-ninja_table_instance=\"ninja_table_instance_0\" data-footable_id=\"5933\" data-filter-delay=\"1000\" aria-label=\"BS001-NEUT-TR\"            id=\"footable_5933\"\n           data-unique_identifier=\"ninja_table_unique_id_57021106_5933\"\n           class=\" foo-table ninja_footable foo_table_5933 ninja_table_unique_id_57021106_5933 table  nt_type_legacy_table table-striped table-bordered table-hover ninja_custom_color inverted footable-paging-right ninja_table_search_disabled ninja_table_pro\">\n                <colgroup>\n                            <col class=\"ninja_column_0 \">\n                            <col class=\"ninja_column_1 \">\n                    <\/colgroup>\n        <thead>\n<tr class=\"footable-header\">\n                                        <th scope=\"col\"  class=\"ninja_column_0 ninja_clmn_nm_bs1neut \">BS001-NEUT<\/th><th scope=\"col\"  class=\"ninja_column_1 ninja_clmn_nm_ntrakilineszenjeksyonvalfltorbaspke \">N\u00d6TR AKI\u015eLI \u0130\u011eNES\u0130Z ENJEKS\u0130YON VALFL\u0130 TORBA SP\u0130KE<\/th><\/tr>\n<\/thead>\n<tbody>\n\n        <tr data-row_id=\"1519\" class=\"ninja_table_row_0 nt_row_id_1519\">\n            <td>GTIN<\/td><td>8684508880245<\/td>        <\/tr>\n            <tr data-row_id=\"1522\" class=\"ninja_table_row_1 nt_row_id_1522\">\n            <td>Uyumluluk<\/td><td>* T\u00fcm cam \u015f\u0131r\u0131ngalar dahil her t\u00fcrl\u00fc luer cihaz\u0131yla uyumludur <br>* T\u00fcm standart luerslip ve luerlock \u015f\u0131r\u0131ngalar\u0131 ve konekt\u00f6rleriyle g\u00fcvenli bir \u015fekilde ba\u011flan\u0131r <br>- MRI\/CT uyumlu <br>- Cam \u015e\u0131r\u0131nga Uyumlu <br>* Lipid ve Kan Uyumlu <br>* Alkole Dayan\u0131kl\u0131 <br>* Sitotoksik \u0130la\u00e7 Uyumlu<\/td>        <\/tr>\n            <tr data-row_id=\"1523\" class=\"ninja_table_row_2 nt_row_id_1523\">\n            <td>Haz\u0131rlama Hacmi<\/td><td>0,45 ml<\/td>        <\/tr>\n            <tr data-row_id=\"1524\" class=\"ninja_table_row_3 nt_row_id_1524\">\n            <td>Yer\u00e7ekimi Ak\u0131\u015f H\u0131z\u0131<\/td><td>160 ml\/min<\/td>        <\/tr>\n            <tr data-row_id=\"1525\" class=\"ninja_table_row_4 nt_row_id_1525\">\n            <td>Bas\u0131n\u00e7 Dayan\u0131m\u0131<\/td><td>100 psi<\/td>        <\/tr>\n            <tr data-row_id=\"1526\" class=\"ninja_table_row_5 nt_row_id_1526\">\n            <td>Sterilizasyon<\/td><td>Etilen Oksit<\/td>        <\/tr>\n            <tr data-row_id=\"1527\" class=\"ninja_table_row_6 nt_row_id_1527\">\n            <td>Raf \u00f6mr\u00fc<\/td><td>5-y\u0131l<\/td>        <\/tr>\n            <tr data-row_id=\"1528\" class=\"ninja_table_row_7 nt_row_id_1528\">\n            <td>A\u011f\u0131rl\u0131k<\/td><td>5,05 gr<\/td>        <\/tr>\n            <tr data-row_id=\"1529\" class=\"ninja_table_row_8 nt_row_id_1529\">\n            <td>Boyut<\/td><td>9 cm<\/td>        <\/tr>\n            <tr data-row_id=\"1530\" class=\"ninja_table_row_9 nt_row_id_1530\">\n            <td>Kutu<\/td><td>200 adet<\/td>        <\/tr>\n            <tr data-row_id=\"1531\" class=\"ninja_table_row_10 nt_row_id_1531\">\n            <td>\u00dcr\u00fcn Bile\u015fenleri<\/td><td>* 1 Spike <br>* 1 Spike Kapak <br>* 1 N\u00f6tr \u0130\u011fnesiz Konnekt\u00f6r <br>* 1 Valf Kapak<\/td>        <\/tr>\n    <\/tbody><!--ninja_tobody_rendering_done-->\n    <\/table>\n    \n    \n    \n<\/div>\n\n","protected":false},"excerpt":{"rendered":"<p><strong>\u00dcr\u00fcn Kodu:\u00a0<\/strong>BS001-NEUT<br \/>\nSerum torbalar\u0131na veya flakonlara s\u0131v\u0131 ilavesinde veya aspire ederken kullan\u0131lmak i\u00e7indir.<\/p>\n<p><strong>\u00dcr\u00fcn \u00d6zellikleri:<\/strong><\/p>\n<p>&#8211; Kolay temizlenebilir i\u011fnesiz konnekt\u00f6r<br \/>\n&#8211; Kontaminasyona kar\u015f\u0131 koruma sa\u011flamak s\u0131zd\u0131rmazl\u0131k<br \/>\n&#8211; Ak\u0131\u015f\u0131 daha etkili hale getirmek i\u00e7in d\u00fcz s\u0131v\u0131 yolu<br \/>\n&#8211; Split Septum<br \/>\n&#8211; Tam ve etkili ak\u0131\u015f\u0131 sa\u011flayan \u015feffaf g\u00f6vde<br \/>\n&#8211; DEHP i\u00e7ermez, Lateks i\u00e7ermez<br \/>\n&#8211; Steril &amp; Tek Kullan\u0131ml\u0131k<\/p>\n","protected":false},"featured_media":6167,"template":"","meta":{"inline_featured_image":false,"site-sidebar-layout":"default","site-content-layout":"","ast-site-content-layout":"default","site-content-style":"default","site-sidebar-style":"default","ast-global-header-display":"","ast-banner-title-visibility":"","ast-main-header-display":"","ast-hfb-above-header-display":"","ast-hfb-below-header-display":"","ast-hfb-mobile-header-display":"","site-post-title":"","ast-breadcrumbs-content":"","ast-featured-img":"","footer-sml-layout":"","ast-disable-related-posts":"","theme-transparent-header-meta":"default","adv-header-id-meta":"","stick-header-meta":"","header-above-stick-meta":"","header-main-stick-meta":"","header-below-stick-meta":"","astra-migrate-meta-layouts":"set","ast-page-background-enabled":"default","ast-page-background-meta":{"desktop":{"background-color":"","background-image":"","background-repeat":"repeat","background-position":"center center","background-size":"auto","background-attachment":"scroll","background-type":"","background-media":"","overlay-type":"","overlay-color":"","overlay-opacity":"","overlay-gradient":""},"tablet":{"background-color":"","background-image":"","background-repeat":"repeat","background-position":"center center","background-size":"auto","background-attachment":"scroll","background-type":"","background-media":"","overlay-type":"","overlay-color":"","overlay-opacity":"","overlay-gradient":""},"mobile":{"background-color":"","background-image":"","background-repeat":"repeat","background-position":"center center","background-size":"auto","background-attachment":"scroll","background-type":"","background-media":"","overlay-type":"","overlay-color":"","overlay-opacity":"","overlay-gradient":""}},"ast-content-background-meta":{"desktop":{"background-color":"var(--ast-global-color-5)","background-image":"","background-repeat":"repeat","background-position":"center center","background-size":"auto","background-attachment":"scroll","background-type":"","background-media":"","overlay-type":"","overlay-color":"","overlay-opacity":"","overlay-gradient":""},"tablet":{"background-color":"var(--ast-global-color-5)","background-image":"","background-repeat":"repeat","background-position":"center center","background-size":"auto","background-attachment":"scroll","background-type":"","background-media":"","overlay-type":"","overlay-color":"","overlay-opacity":"","overlay-gradient":""},"mobile":{"background-color":"var(--ast-global-color-5)","background-image":"","background-repeat":"repeat","background-position":"center center","background-size":"auto","background-attachment":"scroll","background-type":"","background-media":"","overlay-type":"","overlay-color":"","overlay-opacity":"","overlay-gradient":""}}},"product_brand":[],"product_cat":[111],"product_tag":[],"class_list":{"0":"post-6161","1":"product","2":"type-product","3":"status-publish","4":"has-post-thumbnail","6":"product_cat-bagspike","7":"desktop-align-center","8":"tablet-align-center","9":"mobile-align-center","10":"ast-product-gallery-layout-horizontal-slider","11":"ast-product-tabs-layout-horizontal","13":"first","14":"instock","15":"shipping-taxable","16":"product-type-simple"},"_links":{"self":[{"href":"https:\/\/oncosem.co.uk\/tr\/wp-json\/wp\/v2\/product\/6161","targetHints":{"allow":["GET"]}}],"collection":[{"href":"https:\/\/oncosem.co.uk\/tr\/wp-json\/wp\/v2\/product"}],"about":[{"href":"https:\/\/oncosem.co.uk\/tr\/wp-json\/wp\/v2\/types\/product"}],"wp:featuredmedia":[{"embeddable":true,"href":"https:\/\/oncosem.co.uk\/tr\/wp-json\/wp\/v2\/media\/6167"}],"wp:attachment":[{"href":"https:\/\/oncosem.co.uk\/tr\/wp-json\/wp\/v2\/media?parent=6161"}],"wp:term":[{"taxonomy":"product_brand","embeddable":true,"href":"https:\/\/oncosem.co.uk\/tr\/wp-json\/wp\/v2\/product_brand?post=6161"},{"taxonomy":"product_cat","embeddable":true,"href":"https:\/\/oncosem.co.uk\/tr\/wp-json\/wp\/v2\/product_cat?post=6161"},{"taxonomy":"product_tag","embeddable":true,"href":"https:\/\/oncosem.co.uk\/tr\/wp-json\/wp\/v2\/product_tag?post=6161"}],"curies":[{"name":"wp","href":"https:\/\/api.w.org\/{rel}","templated":true}]}}