{"id":6253,"date":"2024-07-28T06:43:12","date_gmt":"2024-07-28T06:43:12","guid":{"rendered":"https:\/\/oncosem.co.uk\/?post_type=product&#038;p=6253"},"modified":"2024-07-28T06:49:02","modified_gmt":"2024-07-28T06:49:02","slug":"flakon-adaptoru-notr-basincli","status":"publish","type":"product","link":"https:\/\/oncosem.co.uk\/tr\/urun\/flakon-adaptoru-notr-basincli\/","title":{"rendered":"Flakon Adapt\u00f6r\u00fc &#8211; N\u00f6tr Bas\u0131n\u00e7l\u0131"},"content":{"rendered":"<div id=\"footable_parent_5951\"\n         class=\" footable_parent ninja_table_wrapper loading_ninja_table wp_table_data_press_parent bootstrap4 colored_table\">\n                <table data-ninja_table_instance=\"ninja_table_instance_0\" data-footable_id=\"5951\" data-filter-delay=\"1000\" aria-label=\"OVA004-NEUT-TR\"            id=\"footable_5951\"\n           data-unique_identifier=\"ninja_table_unique_id_2190030736_5951\"\n           class=\" foo-table ninja_footable foo_table_5951 ninja_table_unique_id_2190030736_5951 table  nt_type_legacy_table table-striped table-bordered table-hover ninja_custom_color inverted footable-paging-right ninja_table_search_disabled ninja_table_pro\">\n                <colgroup>\n                            <col class=\"ninja_column_0 \">\n                            <col class=\"ninja_column_1 \">\n                    <\/colgroup>\n        <thead>\n<tr class=\"footable-header\">\n                                        <th scope=\"col\"  class=\"ninja_column_0 ninja_clmn_nm_ova4neut \">OVA004-NEUT<\/th><th scope=\"col\"  class=\"ninja_column_1 ninja_clmn_nm_flakonadaptorntrbasinli \">FLAKON ADAPTOR\u00dc- N\u00d6TR BASIN\u00c7LI<\/th><\/tr>\n<\/thead>\n<tbody>\n\n        <tr data-row_id=\"1777\" class=\"ninja_table_row_0 nt_row_id_1777\">\n            <td>GTIN<\/td><td>8684508880337<\/td>        <\/tr>\n            <tr data-row_id=\"1780\" class=\"ninja_table_row_1 nt_row_id_1780\">\n            <td>Uyumluluk<\/td><td>* T\u00fcm cam \u015f\u0131r\u0131ngalar dahil her t\u00fcrl\u00fc luer cihaz\u0131yla uyumludur <br>* T\u00fcm standart luerslip ve luerlock \u015f\u0131r\u0131ngalar\u0131 ve konekt\u00f6rleriyle g\u00fcvenli bir \u015fekilde ba\u011flan\u0131r <br>- MRI\/CT uyumlu <br>- Cam \u015e\u0131r\u0131nga Uyumlu <br>* Lipid ve Kan Uyumlu <br>* Alkole Dayan\u0131kl\u0131 <br>* Sitotoksik \u0130la\u00e7 Uyumlu<\/td>        <\/tr>\n            <tr data-row_id=\"1781\" class=\"ninja_table_row_2 nt_row_id_1781\">\n            <td>Haz\u0131rlama Hacmi<\/td><td>0,06 ml<\/td>        <\/tr>\n            <tr data-row_id=\"1782\" class=\"ninja_table_row_3 nt_row_id_1782\">\n            <td>Yer\u00e7ekimi Ak\u0131\u015f H\u0131z\u0131<\/td><td>160 ml\/min<\/td>        <\/tr>\n            <tr data-row_id=\"1783\" class=\"ninja_table_row_4 nt_row_id_1783\">\n            <td>Bas\u0131n\u00e7 Dayan\u0131m\u0131<\/td><td>100 psi<\/td>        <\/tr>\n            <tr data-row_id=\"1784\" class=\"ninja_table_row_5 nt_row_id_1784\">\n            <td>Sterilizasyon<\/td><td>Etilen Oksit<\/td>        <\/tr>\n            <tr data-row_id=\"1785\" class=\"ninja_table_row_6 nt_row_id_1785\">\n            <td>Raf \u00f6mr\u00fc<\/td><td>5-y\u0131l<\/td>        <\/tr>\n            <tr data-row_id=\"1786\" class=\"ninja_table_row_7 nt_row_id_1786\">\n            <td>A\u011f\u0131rl\u0131k<\/td><td>5,50 gr<\/td>        <\/tr>\n            <tr data-row_id=\"1787\" class=\"ninja_table_row_8 nt_row_id_1787\">\n            <td>Boyut<\/td><td>6 cm<\/td>        <\/tr>\n            <tr data-row_id=\"1788\" class=\"ninja_table_row_9 nt_row_id_1788\">\n            <td>Kutu<\/td><td>200 adet<\/td>        <\/tr>\n            <tr data-row_id=\"1789\" class=\"ninja_table_row_10 nt_row_id_1789\">\n            <td>\u00dcr\u00fcn Bile\u015fenleri<\/td><td>* 1 Flakon Adapt\u00f6r <br>* 1 Flokon Adapt\u00f6r Kapak <br>* 1 N\u00f6tr \u0130\u011fnesiz Konnekt\u00f6r <br>* 1 Valf Kapak<\/td>        <\/tr>\n    <\/tbody><!--ninja_tobody_rendering_done-->\n    <\/table>\n    \n    \n    \n<\/div>\n\n","protected":false},"excerpt":{"rendered":"<p><strong>\u00dcr\u00fcn Kodu:\u00a0<\/strong>OVA004-NEUT<\/p>\n<p>\u0130lac\u0131n flakondan aspire edilmesi ve ilac\u0131n rekonstr\u00fcksiyonu s\u0131ras\u0131nda kullan\u0131m i\u00e7indir.<\/p>\n<p><strong>\u00d6zellikler:<\/strong><\/p>\n<p>\u2013 Kolay temizlenebilir i\u011fnesiz konnekt\u00f6r<br \/>\n\u2013 Kontaminasyona kar\u015f\u0131 koruma sa\u011flamak s\u0131zd\u0131rmazl\u0131k<br \/>\n\u2013 Ak\u0131\u015f\u0131 daha etkili hale getirmek i\u00e7in d\u00fcz s\u0131v\u0131 yolu<br \/>\n\u2013 Split Septum<br \/>\n\u2013 Tam ve etkili ak\u0131\u015f\u0131 sa\u011flayan \u015feffaf g\u00f6vde<br \/>\n\u2013 DEHP i\u00e7ermez, Lateks i\u00e7ermez<br \/>\n\u2013 Steril &amp; Tek Kullan\u0131ml\u0131k<\/p>\n","protected":false},"featured_media":6261,"template":"","meta":{"inline_featured_image":false,"site-sidebar-layout":"default","site-content-layout":"","ast-site-content-layout":"default","site-content-style":"default","site-sidebar-style":"default","ast-global-header-display":"","ast-banner-title-visibility":"","ast-main-header-display":"","ast-hfb-above-header-display":"","ast-hfb-below-header-display":"","ast-hfb-mobile-header-display":"","site-post-title":"","ast-breadcrumbs-content":"","ast-featured-img":"","footer-sml-layout":"","ast-disable-related-posts":"","theme-transparent-header-meta":"default","adv-header-id-meta":"","stick-header-meta":"","header-above-stick-meta":"","header-main-stick-meta":"","header-below-stick-meta":"","astra-migrate-meta-layouts":"set","ast-page-background-enabled":"default","ast-page-background-meta":{"desktop":{"background-color":"","background-image":"","background-repeat":"repeat","background-position":"center center","background-size":"auto","background-attachment":"scroll","background-type":"","background-media":"","overlay-type":"","overlay-color":"","overlay-opacity":"","overlay-gradient":""},"tablet":{"background-color":"","background-image":"","background-repeat":"repeat","background-position":"center center","background-size":"auto","background-attachment":"scroll","background-type":"","background-media":"","overlay-type":"","overlay-color":"","overlay-opacity":"","overlay-gradient":""},"mobile":{"background-color":"","background-image":"","background-repeat":"repeat","background-position":"center center","background-size":"auto","background-attachment":"scroll","background-type":"","background-media":"","overlay-type":"","overlay-color":"","overlay-opacity":"","overlay-gradient":""}},"ast-content-background-meta":{"desktop":{"background-color":"var(--ast-global-color-5)","background-image":"","background-repeat":"repeat","background-position":"center center","background-size":"auto","background-attachment":"scroll","background-type":"","background-media":"","overlay-type":"","overlay-color":"","overlay-opacity":"","overlay-gradient":""},"tablet":{"background-color":"var(--ast-global-color-5)","background-image":"","background-repeat":"repeat","background-position":"center center","background-size":"auto","background-attachment":"scroll","background-type":"","background-media":"","overlay-type":"","overlay-color":"","overlay-opacity":"","overlay-gradient":""},"mobile":{"background-color":"var(--ast-global-color-5)","background-image":"","background-repeat":"repeat","background-position":"center center","background-size":"auto","background-attachment":"scroll","background-type":"","background-media":"","overlay-type":"","overlay-color":"","overlay-opacity":"","overlay-gradient":""}}},"product_brand":[],"product_cat":[115],"product_tag":[],"class_list":{"0":"post-6253","1":"product","2":"type-product","3":"status-publish","4":"has-post-thumbnail","6":"product_cat-flakon-adaptoru","7":"desktop-align-center","8":"tablet-align-center","9":"mobile-align-center","10":"ast-product-gallery-layout-horizontal-slider","11":"ast-product-tabs-layout-horizontal","13":"first","14":"instock","15":"shipping-taxable","16":"product-type-simple"},"_links":{"self":[{"href":"https:\/\/oncosem.co.uk\/tr\/wp-json\/wp\/v2\/product\/6253","targetHints":{"allow":["GET"]}}],"collection":[{"href":"https:\/\/oncosem.co.uk\/tr\/wp-json\/wp\/v2\/product"}],"about":[{"href":"https:\/\/oncosem.co.uk\/tr\/wp-json\/wp\/v2\/types\/product"}],"wp:featuredmedia":[{"embeddable":true,"href":"https:\/\/oncosem.co.uk\/tr\/wp-json\/wp\/v2\/media\/6261"}],"wp:attachment":[{"href":"https:\/\/oncosem.co.uk\/tr\/wp-json\/wp\/v2\/media?parent=6253"}],"wp:term":[{"taxonomy":"product_brand","embeddable":true,"href":"https:\/\/oncosem.co.uk\/tr\/wp-json\/wp\/v2\/product_brand?post=6253"},{"taxonomy":"product_cat","embeddable":true,"href":"https:\/\/oncosem.co.uk\/tr\/wp-json\/wp\/v2\/product_cat?post=6253"},{"taxonomy":"product_tag","embeddable":true,"href":"https:\/\/oncosem.co.uk\/tr\/wp-json\/wp\/v2\/product_tag?post=6253"}],"curies":[{"name":"wp","href":"https:\/\/api.w.org\/{rel}","templated":true}]}}